{"id":347332,"date":"2024-06-24T16:04:09","date_gmt":"2024-06-24T15:04:49","guid":{"rendered":"https:\/\/www.moskito.cz\/produkt\/navaja-muela-plegable-con-estuche-bx-8lr\/"},"modified":"2025-05-07T11:18:37","modified_gmt":"2025-05-07T10:18:37","slug":"navaja-muela-plegable-con-estuche-bx-8lr","status":"publish","type":"product","link":"https:\/\/www.moskito.cz\/es\/produkt\/navaja-muela-plegable-con-estuche-bx-8lr\/","title":{"rendered":"Navaja Muela Plegable con Estuche BX-8LR"},"content":{"rendered":"<p>Navaja <strong>Muela<\/strong> Plegable con Estuche BX-8LR.<\/p>\n<p><strong>La navaja Muela Folding Knife Type BX-8LR<\/strong> es una excelente navaja de bolsillo, muy pr\u00e1ctica de usar y fabricada con materiales especiales como la madera prensada de coral. La navaja de bolsillo es un accesorio sumamente vers\u00e1til, con mayor portabilidad y r\u00e1pida apertura de la hoja, ideal para una variedad de contextos con m\u00faltiples usos, incluida la supervivencia. Son plegables por lo que el transporte es f\u00e1cil y seguro ya que la hoja va protegida.<\/p>\n<p>El mango de la Navaja Muela BX-8LR est\u00e1 fabricado en madera de coral prensada, un material natural y resinoso, expuesto a alta presi\u00f3n y temperatura. Esto hace que la madera sea m\u00e1s densa, dura y duradera.<br \/>\nagua. El palo de rosa es una madera considerada lujosa y rara, muy duradera y naturalmente duradera.<\/p>\n<p>Su hoja est\u00e1 fabricada en X50CrMoV15 \u00abMOVA\u00bb (1.4116), el material cl\u00e1sico de los cuchillos y navajas <strong>Muela<\/strong> , que es una excelente combinaci\u00f3n de molibdeno y vanadio, formando un acero con excelente dureza y resistencia a la corrosi\u00f3n.<\/p>\n<p>Muela produce cuchillos, navajas y navajas exclusivas desde 1950 en Espa\u00f1a y es un referente en cuchiller\u00eda a nivel mundial. Gracias a materiales especialmente seleccionados como el acero martens\u00edtico utilizado en las hojas y las astas de ciervo utilizadas en algunos modelos, se moldean y acaban con un excelente trabajo que combina maquinaria moderna con un m\u00e9todo artesanal. Todos los productos pasan por cortadores experimentados, que elaboran y ajustan, afilan, pulen e inspeccionan con precisi\u00f3n cada pieza con un exigente control de calidad.<\/p>\n<p>Descripci\u00f3n t\u00e9cnica:<\/p>\n<p>Marca: Muela<\/p>\n<p>Modelo: navaja de bolsillo BX-8LR<\/p>\n<p>Material del mango: Madera de coral prensada<\/p>\n<p>Material de la hoja: 1.4116<\/p>\n<p>Longitud de la hoja: 8,5 cm<\/p>\n<p>Longitud del mango: 10 cm<\/p>\n<p>Dureza del acero: 56 &#8211; 58 HRC<\/p>\n<p>Peso: 90 gramos<\/p>\n<p>&nbsp;<\/p>\n<p>&nbsp;<\/p>\n<p>&nbsp;<\/p>\n","protected":false},"excerpt":{"rendered":"<p><strong>La navaja Muela Folding Knife Type BX-8LR es una excelente navaja de bolsillo, muy pr\u00e1ctica de usar y fabricada con materiales especiales como la madera prensada de coral. La navaja de bolsillo es un accesorio sumamente vers\u00e1til, con mayor portabilidad y r\u00e1pida apertura de la hoja, ideal para una variedad de contextos con m\u00faltiples usos, incluida la supervivencia.<\/strong><\/p>\n","protected":false},"featured_media":347299,"comment_status":"open","ping_status":"closed","template":"","meta":[],"pwb-brand":[3908],"product_brand":[],"product_cat":[3730,3726],"product_tag":[3756],"class_list":{"0":"post-347332","1":"product","2":"type-product","3":"status-publish","4":"has-post-thumbnail","6":"pwb-brand-ella-tenia-que","7":"product_cat-cuchillas-de-cierre","8":"product_cat-cuchillos","9":"product_tag-b2b-es","11":"first","12":"outofstock","13":"taxable","14":"shipping-taxable","15":"purchasable","16":"product-type-simple"},"brands":[{"id":3908,"name":"Ella ten\u00eda que","slug":"ella-tenia-que"}],"_links":{"self":[{"href":"https:\/\/www.moskito.cz\/es\/wp-json\/wp\/v2\/product\/347332","targetHints":{"allow":["GET"]}}],"collection":[{"href":"https:\/\/www.moskito.cz\/es\/wp-json\/wp\/v2\/product"}],"about":[{"href":"https:\/\/www.moskito.cz\/es\/wp-json\/wp\/v2\/types\/product"}],"replies":[{"embeddable":true,"href":"https:\/\/www.moskito.cz\/es\/wp-json\/wp\/v2\/comments?post=347332"}],"wp:featuredmedia":[{"embeddable":true,"href":"https:\/\/www.moskito.cz\/es\/wp-json\/wp\/v2\/media\/347299"}],"wp:attachment":[{"href":"https:\/\/www.moskito.cz\/es\/wp-json\/wp\/v2\/media?parent=347332"}],"wp:term":[{"taxonomy":"pwb-brand","embeddable":true,"href":"https:\/\/www.moskito.cz\/es\/wp-json\/wp\/v2\/pwb-brand?post=347332"},{"taxonomy":"product_brand","embeddable":true,"href":"https:\/\/www.moskito.cz\/es\/wp-json\/wp\/v2\/product_brand?post=347332"},{"taxonomy":"product_cat","embeddable":true,"href":"https:\/\/www.moskito.cz\/es\/wp-json\/wp\/v2\/product_cat?post=347332"},{"taxonomy":"product_tag","embeddable":true,"href":"https:\/\/www.moskito.cz\/es\/wp-json\/wp\/v2\/product_tag?post=347332"}],"curies":[{"name":"wp","href":"https:\/\/api.w.org\/{rel}","templated":true}]}}