{"id":347609,"date":"2024-06-24T19:17:04","date_gmt":"2024-06-24T18:17:40","guid":{"rendered":"https:\/\/www.moskito.cz\/produkt\/cuchillo-de-tiro-microtech-scarab-ii-gen-iii-apocalyptic-1278-10ap\/"},"modified":"2025-05-07T11:18:45","modified_gmt":"2025-05-07T10:18:45","slug":"cuchillo-de-tiro-microtech-scarab-ii-gen-iii-apocalyptic-1278-10ap","status":"publish","type":"product","link":"https:\/\/www.moskito.cz\/es\/produkt\/cuchillo-de-tiro-microtech-scarab-ii-gen-iii-apocalyptic-1278-10ap\/","title":{"rendered":"Cuchillo de tiro Microtech Scarab II Gen III Apocalyptic 1278-10AP"},"content":{"rendered":"<p>Cuchillo de Tiro <strong>Microtech<\/strong> Scarab II Gen III Apocalyptic 1278-10AP.<\/p>\n<p><strong>El Microtech Scarab II<\/strong> es un cuchillo frontal t\u00e1ctico de alta calidad, basado en el dise\u00f1o original de Microtech Ultratech. Construido para resistir extremos, el Scarab II sobresale en operaciones encubiertas de alta intensidad. <strong>El Scarab II<\/strong> est\u00e1 dise\u00f1ado para una amplia gama de aplicaciones de utilidad y de combate cuerpo a cuerpo para uso de agencias policiales, militares y gubernamentales calificadas. El Scarab II est\u00e1 fabricado con los m\u00e1s altos est\u00e1ndares posibles para garantizar la confiabilidad y seguridad en el uso. El Scarab presenta un dise\u00f1o frontal de doble acci\u00f3n (OTF) que se abre y cierra con una sola mano y una hoja de casi cuatro pulgadas, y est\u00e1 fabricado con un mango grande y de f\u00e1cil agarre que incluye un agarre antideslizante. Inserciones en ambos lados.<\/p>\n<p>El int\u00e9rprete OTF m\u00e1s popular <strong>de Microtech<\/strong> , <strong>Scarab II<\/strong> , est\u00e1 de regreso con actualizaciones innovadoras. El Scarab II 2023 actualizado conserva las caracter\u00edsticas de su predecesor tanto en tama\u00f1o como en estilo, al tiempo que establece un nuevo est\u00e1ndar para la tecnolog\u00eda OTF. Externamente, <strong>el Scarab II<\/strong> 2023 se parece a la generaci\u00f3n anterior. La est\u00e9tica cl\u00e1sica de las almohadillas de tracci\u00f3n y el dise\u00f1o de los tornillos Torx en el chasis, as\u00ed como el familiar rompecristales y el clip de bolsillo, aportan uno de nuestros estilos OTF favoritos. El interior, sin embargo, sit\u00faa <strong>al Scarab II<\/strong> 2023 en una clase propia. El revolucionario sistema de accionamiento de combustible dual de Microtech no solo permite un f\u00e1cil despliegue, sino que el dise\u00f1o de doble resorte impulsa la hoja hacia adelante con fuerza suficiente para que desplegar el cuchillo bajo el agua no ralentice la acci\u00f3n. El dise\u00f1o actualizado del bolsillo con botones reduce la fricci\u00f3n y facilita el movimiento de la suciedad, lo que reduce la necesidad de mantenimiento y limpieza frecuentes. La \u00faltima innovaci\u00f3n combinada con el aspecto atemporal <strong>de Microtech<\/strong> establece un nuevo est\u00e1ndar para cuchillos OTF resistentes y dimensionales.<\/p>\n<p>Funci\u00f3n:<br \/>\nClip de bolsillo reversible<br \/>\nDispositivo para romper cristales integrado en la parte posterior del mango.<br \/>\ntornillos torx<br \/>\nAccesorio de cord\u00f3n<br \/>\nBot\u00f3n disparador grande para colocaci\u00f3n de guantes.<\/p>\n<p>Especificaciones:<br \/>\nLongitud de la hoja: 9,6 cm<br \/>\nLargo cerrado: 14,37 cm<br \/>\nLongitud total: 24 cm<br \/>\nAcero de la hoja: acero inoxidable Bohler M390MK<br \/>\nEstilo de hoja: Punto de ca\u00edda<br \/>\nRectificado de la hoja: Plano<br \/>\nAcabado de la hoja: Apocal\u00edptico<br \/>\nMaterial del mango: aluminio negro con inserciones de cinta de tracci\u00f3n 3M<br \/>\nMecanismo de bloqueo: Deslizante<br \/>\nClip de bolsillo: Acero inoxidable (plegable, desgaste derecha\/izquierda)<br \/>\nPeso: 5,78 onzas.<br \/>\nDise\u00f1ador: Tony Marfione<br \/>\nConstrucci\u00f3n de tornillo Torx<br \/>\nSurco sangu\u00edneo\/m\u00e1s lleno<br \/>\nHecho en EE.UU<\/p>\n<p><iframe title=\"Microtech Combat Troodon Torture Test\" width=\"800\" height=\"450\" src=\"https:\/\/www.youtube.com\/embed\/xE9TeOFYEjg?feature=oembed\" frameborder=\"0\" allow=\"accelerometer; autoplay; clipboard-write; encrypted-media; gyroscope; picture-in-picture; web-share\" referrerpolicy=\"strict-origin-when-cross-origin\" allowfullscreen><\/iframe><\/p>\n<p>&nbsp;<\/p>\n","protected":false},"excerpt":{"rendered":"<p><strong>A lo largo de los a\u00f1os, Microtech\u00ae Knives ha llenado los cuchillos con pasi\u00f3n y habilidad para crear casi obras de arte que son el pin\u00e1culo de la funcionalidad. Todas las piezas se fabrican en los EE. UU.<\/strong><br \/>\n<strong>Todos los cuchillos Microtech vienen con una garant\u00eda de por vida.<\/strong><\/p>\n<p><strong>Transporte gratuito.<\/strong><\/p>\n","protected":false},"featured_media":347567,"comment_status":"open","ping_status":"closed","template":"","meta":[],"pwb-brand":[3752],"product_brand":[],"product_cat":[3726,3729],"product_tag":[3756],"class_list":{"0":"post-347609","1":"product","2":"type-product","3":"status-publish","4":"has-post-thumbnail","6":"pwb-brand-microtecnologia","7":"product_cat-cuchillos","8":"product_cat-cuchillos-de-tiro","9":"product_tag-b2b-es","11":"first","12":"instock","13":"taxable","14":"shipping-taxable","15":"purchasable","16":"product-type-simple"},"brands":[{"id":3752,"name":"microtecnolog\u00eda","slug":"microtecnologia"}],"_links":{"self":[{"href":"https:\/\/www.moskito.cz\/es\/wp-json\/wp\/v2\/product\/347609","targetHints":{"allow":["GET"]}}],"collection":[{"href":"https:\/\/www.moskito.cz\/es\/wp-json\/wp\/v2\/product"}],"about":[{"href":"https:\/\/www.moskito.cz\/es\/wp-json\/wp\/v2\/types\/product"}],"replies":[{"embeddable":true,"href":"https:\/\/www.moskito.cz\/es\/wp-json\/wp\/v2\/comments?post=347609"}],"wp:featuredmedia":[{"embeddable":true,"href":"https:\/\/www.moskito.cz\/es\/wp-json\/wp\/v2\/media\/347567"}],"wp:attachment":[{"href":"https:\/\/www.moskito.cz\/es\/wp-json\/wp\/v2\/media?parent=347609"}],"wp:term":[{"taxonomy":"pwb-brand","embeddable":true,"href":"https:\/\/www.moskito.cz\/es\/wp-json\/wp\/v2\/pwb-brand?post=347609"},{"taxonomy":"product_brand","embeddable":true,"href":"https:\/\/www.moskito.cz\/es\/wp-json\/wp\/v2\/product_brand?post=347609"},{"taxonomy":"product_cat","embeddable":true,"href":"https:\/\/www.moskito.cz\/es\/wp-json\/wp\/v2\/product_cat?post=347609"},{"taxonomy":"product_tag","embeddable":true,"href":"https:\/\/www.moskito.cz\/es\/wp-json\/wp\/v2\/product_tag?post=347609"}],"curies":[{"name":"wp","href":"https:\/\/api.w.org\/{rel}","templated":true}]}}