{"id":347861,"date":"2024-06-25T20:02:51","date_gmt":"2024-06-26T13:16:20","guid":{"rendered":"https:\/\/www.moskito.cz\/produkt\/cuchillo-de-tiro-microtech-combat-troodon-gen-iii-apocalyptic-1143-10apod\/"},"modified":"2025-05-07T11:18:50","modified_gmt":"2025-05-07T10:18:50","slug":"cuchillo-de-tiro-microtech-combat-troodon-gen-iii-apocalyptic-1143-10apod","status":"publish","type":"product","link":"https:\/\/www.moskito.cz\/es\/produkt\/cuchillo-de-tiro-microtech-combat-troodon-gen-iii-apocalyptic-1143-10apod\/","title":{"rendered":"Cuchillo de tiro Microtech Combat Troodon Gen III Apocalyptic 1143-10APOD"},"content":{"rendered":"<p>Cuchillo de Tiro <strong>Microtech<\/strong> Combat Troodon Gen III Apocalyptic 1143-10APOD.<\/p>\n<p><strong>El Combat Troodon Gen III<\/strong> es el pin\u00e1culo de la ingenier\u00eda de precisi\u00f3n y la destreza t\u00e1ctica en cuchillos frontales. Con un aumento del 25% en tama\u00f1o en comparaci\u00f3n con el Troodon insignia, esta evoluci\u00f3n redefine la excelencia t\u00e1ctica con su mango delgado y profundamente grabado, dise\u00f1o contorneado y caracter\u00edsticas innovadoras. El sofisticado mecanismo interno no s\u00f3lo mejora la funcionalidad operativa, sino que tambi\u00e9n eleva la confiabilidad a nuevas alturas en esta escala mayor.<\/p>\n<p>Cuidadosamente dise\u00f1ado para m\u00faltiples usos, <strong>el Combat Troodon<\/strong> es un testimonio de su versatilidad t\u00e1ctica, sobresaliendo tanto en escenarios de utilidad como de combate cuerpo a cuerpo. Adem\u00e1s de las dimensiones f\u00edsicas, el mango de este modelo excepcional est\u00e1 decorado con un grabado profundo, no s\u00f3lo para una incre\u00edble impresi\u00f3n visual, sino tambi\u00e9n para brindar una experiencia t\u00e1ctil \u00fanica. La inclusi\u00f3n de la construcci\u00f3n de hardware Torx resalta a\u00fan m\u00e1s la meticulosa atenci\u00f3n al detalle, lo que garantiza durabilidad y facilidad de mantenimiento, mientras que el clip de bolsillo reversible es totalmente reversible. Combat Troodon Gen III, que significa \u00abdiente que hiere\u00bb, es un formidable cuchillo t\u00e1ctico frontal que combina ingenier\u00eda de precisi\u00f3n, elementos esenciales de combate y un dise\u00f1o elegante.<\/p>\n<p>Especificaciones:<br \/>\nLongitud de la hoja: 10,3 cm<br \/>\nLargo cerrado: 14 cm<br \/>\nLongitud total: 24 cm<br \/>\nAcero de la hoja: acero inoxidable Bohler M390MK<br \/>\nEstilo de hoja: Punto de ca\u00edda<br \/>\nRectificado de la hoja: Plano<br \/>\nAcabado de la hoja: Apocal\u00edptico<br \/>\nMaterial del mango: Aluminio aeron\u00e1utico grabado profundo verde OD<br \/>\nMecanismo de bloqueo: Deslizamiento del pulgar<br \/>\nClip de bolsillo: Titanio (plegable, uso derecho\/izquierdo)<br \/>\nPeso: 5,22 onzas.<br \/>\nDise\u00f1ador: Tony Marfione<br \/>\nHecho en EE.UU<\/p>\n<p><iframe title=\"Microtech Combat Troodon Torture Test\" width=\"800\" height=\"450\" src=\"https:\/\/www.youtube.com\/embed\/xE9TeOFYEjg?feature=oembed\" frameborder=\"0\" allow=\"accelerometer; autoplay; clipboard-write; encrypted-media; gyroscope; picture-in-picture; web-share\" referrerpolicy=\"strict-origin-when-cross-origin\" allowfullscreen><\/iframe><\/p>\n<p>&nbsp;<\/p>\n","protected":false},"excerpt":{"rendered":"<p><strong>A lo largo de los a\u00f1os, Microtech\u00ae Knives ha llenado los cuchillos con pasi\u00f3n y habilidad para crear casi obras de arte que son el pin\u00e1culo de la funcionalidad. Todas las piezas se fabrican en los EE. UU.<\/strong><br \/>\n<strong>Todos los cuchillos Microtech vienen con una garant\u00eda de por vida.<\/strong><\/p>\n<p><strong>Transporte gratuito.<\/strong><\/p>\n","protected":false},"featured_media":347798,"comment_status":"open","ping_status":"closed","template":"","meta":[],"pwb-brand":[3752],"product_brand":[],"product_cat":[3726,3729],"product_tag":[3756],"class_list":{"0":"post-347861","1":"product","2":"type-product","3":"status-publish","4":"has-post-thumbnail","6":"pwb-brand-microtecnologia","7":"product_cat-cuchillos","8":"product_cat-cuchillos-de-tiro","9":"product_tag-b2b-es","11":"first","12":"outofstock","13":"taxable","14":"shipping-taxable","15":"purchasable","16":"product-type-simple"},"brands":[{"id":3752,"name":"microtecnolog\u00eda","slug":"microtecnologia"}],"_links":{"self":[{"href":"https:\/\/www.moskito.cz\/es\/wp-json\/wp\/v2\/product\/347861","targetHints":{"allow":["GET"]}}],"collection":[{"href":"https:\/\/www.moskito.cz\/es\/wp-json\/wp\/v2\/product"}],"about":[{"href":"https:\/\/www.moskito.cz\/es\/wp-json\/wp\/v2\/types\/product"}],"replies":[{"embeddable":true,"href":"https:\/\/www.moskito.cz\/es\/wp-json\/wp\/v2\/comments?post=347861"}],"wp:featuredmedia":[{"embeddable":true,"href":"https:\/\/www.moskito.cz\/es\/wp-json\/wp\/v2\/media\/347798"}],"wp:attachment":[{"href":"https:\/\/www.moskito.cz\/es\/wp-json\/wp\/v2\/media?parent=347861"}],"wp:term":[{"taxonomy":"pwb-brand","embeddable":true,"href":"https:\/\/www.moskito.cz\/es\/wp-json\/wp\/v2\/pwb-brand?post=347861"},{"taxonomy":"product_brand","embeddable":true,"href":"https:\/\/www.moskito.cz\/es\/wp-json\/wp\/v2\/product_brand?post=347861"},{"taxonomy":"product_cat","embeddable":true,"href":"https:\/\/www.moskito.cz\/es\/wp-json\/wp\/v2\/product_cat?post=347861"},{"taxonomy":"product_tag","embeddable":true,"href":"https:\/\/www.moskito.cz\/es\/wp-json\/wp\/v2\/product_tag?post=347861"}],"curies":[{"name":"wp","href":"https:\/\/api.w.org\/{rel}","templated":true}]}}