{"id":347905,"date":"2024-06-26T14:25:14","date_gmt":"2024-06-26T13:26:26","guid":{"rendered":"https:\/\/www.moskito.cz\/produkt\/cuchillo-fijo-muela-terrier-9g\/"},"modified":"2025-05-07T11:18:52","modified_gmt":"2025-05-07T10:18:52","slug":"cuchillo-fijo-muela-terrier-9g","status":"publish","type":"product","link":"https:\/\/www.moskito.cz\/es\/produkt\/cuchillo-fijo-muela-terrier-9g\/","title":{"rendered":"Cuchillo Fijo Muela TERRIER-9G"},"content":{"rendered":"<p>Cuchillo Fijo <strong>Muela<\/strong> TERRIER-9G.<\/p>\n<p>El popular cuchillo de caza de Muel ahora est\u00e1 disponible en una versi\u00f3n con mango de Micarta amarillo verdoso. La hoja rastreadora Terrier-9G est\u00e1 hecha de acero al carbono nitro-42, que combina un grado extraordinario de dureza con una alta resistencia a la corrosi\u00f3n. La funda de cuero adjunta complementa de forma cl\u00e1sica el cuchillo.<\/p>\n<p>Longitud total: 18,90 cm.<br \/>\nLongitud de la hoja: 8,80 cm<br \/>\nGrosor de la hoja: 0,38 cm.<br \/>\nPeso: 122,00 gramos<br \/>\nMaterial de la hoja: Nitro-42<br \/>\nMaterial mango: Micarta<br \/>\nColor verde<br \/>\nColor de la hoja: Sin recubrimiento<br \/>\nMaterial de la funda: cuero<\/p>\n<p>&nbsp;<\/p>\n","protected":false},"excerpt":{"rendered":"<p><strong>La Muela TERRIER-9G tiene una construcci\u00f3n duradera adecuada para tareas exigentes en el campo. Es perfecto para peque\u00f1os trabajos de caza y actividades al aire libre en general.<\/strong><\/p>\n","protected":false},"featured_media":347888,"comment_status":"open","ping_status":"closed","template":"","meta":[],"pwb-brand":[3908],"product_brand":[],"product_cat":[3726,3727],"product_tag":[3756],"class_list":{"0":"post-347905","1":"product","2":"type-product","3":"status-publish","4":"has-post-thumbnail","6":"pwb-brand-ella-tenia-que","7":"product_cat-cuchillos","8":"product_cat-cuchillos-macizos","9":"product_tag-b2b-es","11":"first","12":"instock","13":"taxable","14":"shipping-taxable","15":"purchasable","16":"product-type-simple"},"brands":[{"id":3908,"name":"Ella ten\u00eda que","slug":"ella-tenia-que"}],"_links":{"self":[{"href":"https:\/\/www.moskito.cz\/es\/wp-json\/wp\/v2\/product\/347905","targetHints":{"allow":["GET"]}}],"collection":[{"href":"https:\/\/www.moskito.cz\/es\/wp-json\/wp\/v2\/product"}],"about":[{"href":"https:\/\/www.moskito.cz\/es\/wp-json\/wp\/v2\/types\/product"}],"replies":[{"embeddable":true,"href":"https:\/\/www.moskito.cz\/es\/wp-json\/wp\/v2\/comments?post=347905"}],"wp:featuredmedia":[{"embeddable":true,"href":"https:\/\/www.moskito.cz\/es\/wp-json\/wp\/v2\/media\/347888"}],"wp:attachment":[{"href":"https:\/\/www.moskito.cz\/es\/wp-json\/wp\/v2\/media?parent=347905"}],"wp:term":[{"taxonomy":"pwb-brand","embeddable":true,"href":"https:\/\/www.moskito.cz\/es\/wp-json\/wp\/v2\/pwb-brand?post=347905"},{"taxonomy":"product_brand","embeddable":true,"href":"https:\/\/www.moskito.cz\/es\/wp-json\/wp\/v2\/product_brand?post=347905"},{"taxonomy":"product_cat","embeddable":true,"href":"https:\/\/www.moskito.cz\/es\/wp-json\/wp\/v2\/product_cat?post=347905"},{"taxonomy":"product_tag","embeddable":true,"href":"https:\/\/www.moskito.cz\/es\/wp-json\/wp\/v2\/product_tag?post=347905"}],"curies":[{"name":"wp","href":"https:\/\/api.w.org\/{rel}","templated":true}]}}