{"id":347989,"date":"2024-06-26T15:00:30","date_gmt":"2024-06-26T14:00:30","guid":{"rendered":"https:\/\/www.moskito.cz\/produkt\/cuchillo-fijo-muela-gavilan\/"},"modified":"2025-05-07T11:18:55","modified_gmt":"2025-05-07T10:18:55","slug":"cuchillo-fijo-muela-gavilan","status":"publish","type":"product","link":"https:\/\/www.moskito.cz\/es\/produkt\/cuchillo-fijo-muela-gavilan\/","title":{"rendered":"Cuchillo Fijo Muela Gavil\u00e1n"},"content":{"rendered":"<p>Cuchillo Fijo <strong>Muela<\/strong> Gavil\u00e1n.<\/p>\n<p><strong>El Gvil\u00e1n Muela<\/strong> es un cuchillo de alta gama con hoja fabricada en acero MoVa y mango en estilizada madera de haya y lat\u00f3n. Este producto de alta calidad tiene una superficie procesada y exclusiva. Adem\u00e1s, est\u00e1 equipado con una funda de cuero.<\/p>\n<p>La prestigiosa marca de cuchillos Muela de origen espa\u00f1ol destaca por su extrema calidad. A los cuchillos espa\u00f1oles se les quita la funda y tanto la hoja como el mango son de una sola pieza, lo que los hace mucho m\u00e1s resistentes a los impactos. Tiene unas dimensiones muy interesantes, por lo que es un producto con una relaci\u00f3n precio\/prestaciones inigualable.<\/p>\n<p>Cuchillo de exterior grande con hoja de acero inoxidable molibdeno-vanadio. La transformaci\u00f3n adicional de la microestructura de martinsita a austenita hace que el acero sea de mayor calidad. La transformaci\u00f3n le da a la microestructura una estructura m\u00e1s homog\u00e9nea, haci\u00e9ndola m\u00e1s resistente a la fractura y la corrosi\u00f3n y, en general, m\u00e1s estable. Muela llama a este m\u00e9todo CRYO-T. El mango es de madera de haya con grabado decorativo bru\u00f1ido y virolas de lat\u00f3n. Con funda de piel de alta calidad.<\/p>\n<p>Material de la hoja: X50CrMoV15 (acero inoxidable de molibdeno vanadio)<br \/>\nMaterial del mango: madera de haya<br \/>\nVaina: Cuero<br \/>\nLongitud de la hoja: 12,5 cm<br \/>\nLongitud total: 25,5 cm.<br \/>\nPeso: 315 gramos<\/p>\n<p>&nbsp;<\/p>\n<p>&nbsp;<\/p>\n","protected":false},"excerpt":{"rendered":"<p><strong>El Gvil\u00e1n Muela es un cuchillo de alta gama con hoja fabricada en acero MoVa y mango en estilizada madera de haya y lat\u00f3n. Este producto de alta calidad tiene una superficie procesada y exclusiva. Adem\u00e1s, est\u00e1 equipado con una funda de cuero.<\/strong><\/p>\n","protected":false},"featured_media":347971,"comment_status":"open","ping_status":"closed","template":"","meta":[],"pwb-brand":[3908],"product_brand":[],"product_cat":[3727,3726],"product_tag":[],"class_list":{"0":"post-347989","1":"product","2":"type-product","3":"status-publish","4":"has-post-thumbnail","6":"pwb-brand-ella-tenia-que","7":"product_cat-cuchillos-macizos","8":"product_cat-cuchillos","10":"first","11":"outofstock","12":"taxable","13":"shipping-taxable","14":"purchasable","15":"product-type-simple"},"brands":[{"id":3908,"name":"Ella ten\u00eda que","slug":"ella-tenia-que"}],"_links":{"self":[{"href":"https:\/\/www.moskito.cz\/es\/wp-json\/wp\/v2\/product\/347989","targetHints":{"allow":["GET"]}}],"collection":[{"href":"https:\/\/www.moskito.cz\/es\/wp-json\/wp\/v2\/product"}],"about":[{"href":"https:\/\/www.moskito.cz\/es\/wp-json\/wp\/v2\/types\/product"}],"replies":[{"embeddable":true,"href":"https:\/\/www.moskito.cz\/es\/wp-json\/wp\/v2\/comments?post=347989"}],"wp:featuredmedia":[{"embeddable":true,"href":"https:\/\/www.moskito.cz\/es\/wp-json\/wp\/v2\/media\/347971"}],"wp:attachment":[{"href":"https:\/\/www.moskito.cz\/es\/wp-json\/wp\/v2\/media?parent=347989"}],"wp:term":[{"taxonomy":"pwb-brand","embeddable":true,"href":"https:\/\/www.moskito.cz\/es\/wp-json\/wp\/v2\/pwb-brand?post=347989"},{"taxonomy":"product_brand","embeddable":true,"href":"https:\/\/www.moskito.cz\/es\/wp-json\/wp\/v2\/product_brand?post=347989"},{"taxonomy":"product_cat","embeddable":true,"href":"https:\/\/www.moskito.cz\/es\/wp-json\/wp\/v2\/product_cat?post=347989"},{"taxonomy":"product_tag","embeddable":true,"href":"https:\/\/www.moskito.cz\/es\/wp-json\/wp\/v2\/product_tag?post=347989"}],"curies":[{"name":"wp","href":"https:\/\/api.w.org\/{rel}","templated":true}]}}