{"id":348013,"date":"2024-06-26T15:32:49","date_gmt":"2024-06-26T14:33:35","guid":{"rendered":"https:\/\/www.moskito.cz\/produkt\/cuchillo-fijo-muela-raton-6r\/"},"modified":"2025-05-07T11:18:56","modified_gmt":"2025-05-07T10:18:56","slug":"cuchillo-fijo-muela-raton-6r","status":"publish","type":"product","link":"https:\/\/www.moskito.cz\/es\/produkt\/cuchillo-fijo-muela-raton-6r\/","title":{"rendered":"Cuchillo Fijo Muela Rat\u00f3n-6R"},"content":{"rendered":"<p>Navaja Fija <strong>Muela<\/strong> Rat\u00f3n-6R.<\/p>\n<p>Un cuchillo de la empresa espa\u00f1ola Muela, perfecto para cazadores y cazadores como cuchillo de desenvainar. Aunque est\u00e1 destinado principalmente a actividades relacionadas con la caza, tambi\u00e9n es adecuado como cuchillo peque\u00f1o y duradero para permanecer en la naturaleza y realizar actividades al aire libre. Est\u00e1 hecho de una sola pieza de acero inoxidable de molibdeno vanadio de calidad. Los mangos est\u00e1n hechos de madera de Pakka, que es un material muy resistente que se crea presionando varias capas de chapa de madera impregnada de resina. El mango es redondo y se adapta perfectamente a la mano. Hay un agujero para colgar un cord\u00f3n en el extremo del mango y el cuchillo viene con una funda de cuero marr\u00f3n.<\/p>\n<p>Longitud de la hoja: 8 cm<br \/>\nLongitud total: 16,5 cm.<br \/>\nLongitud del mango: 8,5 cm<br \/>\nPeso: 130 gramos<\/p>\n","protected":false},"excerpt":{"rendered":"<p><strong>Un cuchillo de la empresa espa\u00f1ola Muela, perfecto para cazadores y cazadores como cuchillo de desenvainar.<\/strong><\/p>\n","protected":false},"featured_media":348004,"comment_status":"open","ping_status":"closed","template":"","meta":[],"pwb-brand":[3908],"product_brand":[],"product_cat":[3730,3726],"product_tag":[],"class_list":{"0":"post-348013","1":"product","2":"type-product","3":"status-publish","4":"has-post-thumbnail","6":"pwb-brand-ella-tenia-que","7":"product_cat-cuchillas-de-cierre","8":"product_cat-cuchillos","10":"first","11":"outofstock","12":"sold-individually","13":"taxable","14":"shipping-taxable","15":"purchasable","16":"product-type-simple"},"brands":[{"id":3908,"name":"Ella ten\u00eda que","slug":"ella-tenia-que"}],"_links":{"self":[{"href":"https:\/\/www.moskito.cz\/es\/wp-json\/wp\/v2\/product\/348013","targetHints":{"allow":["GET"]}}],"collection":[{"href":"https:\/\/www.moskito.cz\/es\/wp-json\/wp\/v2\/product"}],"about":[{"href":"https:\/\/www.moskito.cz\/es\/wp-json\/wp\/v2\/types\/product"}],"replies":[{"embeddable":true,"href":"https:\/\/www.moskito.cz\/es\/wp-json\/wp\/v2\/comments?post=348013"}],"wp:featuredmedia":[{"embeddable":true,"href":"https:\/\/www.moskito.cz\/es\/wp-json\/wp\/v2\/media\/348004"}],"wp:attachment":[{"href":"https:\/\/www.moskito.cz\/es\/wp-json\/wp\/v2\/media?parent=348013"}],"wp:term":[{"taxonomy":"pwb-brand","embeddable":true,"href":"https:\/\/www.moskito.cz\/es\/wp-json\/wp\/v2\/pwb-brand?post=348013"},{"taxonomy":"product_brand","embeddable":true,"href":"https:\/\/www.moskito.cz\/es\/wp-json\/wp\/v2\/product_brand?post=348013"},{"taxonomy":"product_cat","embeddable":true,"href":"https:\/\/www.moskito.cz\/es\/wp-json\/wp\/v2\/product_cat?post=348013"},{"taxonomy":"product_tag","embeddable":true,"href":"https:\/\/www.moskito.cz\/es\/wp-json\/wp\/v2\/product_tag?post=348013"}],"curies":[{"name":"wp","href":"https:\/\/api.w.org\/{rel}","templated":true}]}}