{"id":348039,"date":"2024-06-26T15:44:03","date_gmt":"2024-06-26T14:45:10","guid":{"rendered":"https:\/\/www.moskito.cz\/produkt\/cuchillo-fijo-muela-bwe-8m\/"},"modified":"2025-05-07T11:18:58","modified_gmt":"2025-05-07T10:18:58","slug":"cuchillo-fijo-muela-bwe-8m","status":"publish","type":"product","link":"https:\/\/www.moskito.cz\/es\/produkt\/cuchillo-fijo-muela-bwe-8m\/","title":{"rendered":"Cuchillo Fijo MUELA BWE-8M"},"content":{"rendered":"<p>Cuchillo Fijo <strong>MUELA<\/strong> BWE-8M.<\/p>\n<p>Muela BWE-8M es un cuchillo de exterior con funda.<\/p>\n<p>La hoja con construcci\u00f3n de espiga completa est\u00e1 fabricada en acero inoxidable X50CrMoV15, lo que demuestra su car\u00e1cter vers\u00e1til en la vida cotidiana y en la naturaleza. El mango est\u00e1 hecho de micarta texturizada y duradera, que est\u00e1 respaldada por una fina capa roja.<\/p>\n<p>El cuchillo viene con una funda de cuero de calidad con costuras rojas.<\/p>\n<p>Material de la hoja: X50CrMoV15<br \/>\nMaterial mango: Micarta<br \/>\nMaterial de la caja: Cuero<br \/>\nLongitud de la hoja: 8 cm<br \/>\nLongitud total: 16,2 cm<br \/>\nGrosor de la hoja: 0,3 cm.<br \/>\nPeso: 75 gramos<br \/>\nTipo de hoja: Bowie<br \/>\nUso: Caza, Camping, Bushcraft<\/p>\n","protected":false},"excerpt":{"rendered":"<p><strong>Muela BWE-8M es un cuchillo de exterior con funda de cuero.<\/strong><\/p>\n","protected":false},"featured_media":348028,"comment_status":"open","ping_status":"closed","template":"","meta":[],"pwb-brand":[3908],"product_brand":[],"product_cat":[3727,3726],"product_tag":[],"class_list":{"0":"post-348039","1":"product","2":"type-product","3":"status-publish","4":"has-post-thumbnail","6":"pwb-brand-ella-tenia-que","7":"product_cat-cuchillos-macizos","8":"product_cat-cuchillos","10":"first","11":"instock","12":"taxable","13":"shipping-taxable","14":"purchasable","15":"product-type-simple"},"brands":[{"id":3908,"name":"Ella ten\u00eda que","slug":"ella-tenia-que"}],"_links":{"self":[{"href":"https:\/\/www.moskito.cz\/es\/wp-json\/wp\/v2\/product\/348039","targetHints":{"allow":["GET"]}}],"collection":[{"href":"https:\/\/www.moskito.cz\/es\/wp-json\/wp\/v2\/product"}],"about":[{"href":"https:\/\/www.moskito.cz\/es\/wp-json\/wp\/v2\/types\/product"}],"replies":[{"embeddable":true,"href":"https:\/\/www.moskito.cz\/es\/wp-json\/wp\/v2\/comments?post=348039"}],"wp:featuredmedia":[{"embeddable":true,"href":"https:\/\/www.moskito.cz\/es\/wp-json\/wp\/v2\/media\/348028"}],"wp:attachment":[{"href":"https:\/\/www.moskito.cz\/es\/wp-json\/wp\/v2\/media?parent=348039"}],"wp:term":[{"taxonomy":"pwb-brand","embeddable":true,"href":"https:\/\/www.moskito.cz\/es\/wp-json\/wp\/v2\/pwb-brand?post=348039"},{"taxonomy":"product_brand","embeddable":true,"href":"https:\/\/www.moskito.cz\/es\/wp-json\/wp\/v2\/product_brand?post=348039"},{"taxonomy":"product_cat","embeddable":true,"href":"https:\/\/www.moskito.cz\/es\/wp-json\/wp\/v2\/product_cat?post=348039"},{"taxonomy":"product_tag","embeddable":true,"href":"https:\/\/www.moskito.cz\/es\/wp-json\/wp\/v2\/product_tag?post=348039"}],"curies":[{"name":"wp","href":"https:\/\/api.w.org\/{rel}","templated":true}]}}