{"id":348095,"date":"2024-06-26T15:59:35","date_gmt":"2024-06-26T14:59:35","guid":{"rendered":"https:\/\/www.moskito.cz\/produkt\/cuchillo-fijo-muela-raton-7m\/"},"modified":"2025-09-26T07:50:03","modified_gmt":"2025-09-26T06:50:03","slug":"cuchillo-fijo-muela-raton-7m","status":"publish","type":"product","link":"https:\/\/www.moskito.cz\/es\/produkt\/cuchillo-fijo-muela-raton-7m\/","title":{"rendered":"Cuchillo Fijo Muela Rat\u00f3n-7M"},"content":{"rendered":"<p>Navaja Fija <strong>Muela<\/strong> Rat\u00f3n-7M.<\/p>\n<p><strong>Muela Mouse-7M<\/strong> Micarta Yute Marr\u00f3n, Satinada, navaja tipo \u00abskinner\u00bb sencilla y compacta con dise\u00f1o de espiga completa. Hoja satinada fabricada en acero inoxidable 14C28N. C\u00f3modo mango de micarta. Un excelente ayudante para la caza, actividades al aire libre o supervivencia.<\/p>\n<p>14C28N: el acero al cromo martens\u00edtico es la \u00faltima incorporaci\u00f3n a la l\u00ednea de aceros inoxidables producidos por la empresa sider\u00fargica sueca Sandvik. La composici\u00f3n qu\u00edmica optimizada con una combinaci\u00f3n \u00fanica garantiza la m\u00e1s alta calidad, excelente rendimiento de la hoja, alta dureza y resistencia a la corrosi\u00f3n. Al reducir el contenido de carbono en un 0,62 % (C) y aumentar el contenido de cromo en un 14,0 % (Cr), as\u00ed como al agregar nitr\u00f3geno en un 0,11 % (N), la resistencia a la corrosi\u00f3n aument\u00f3 significativamente. Considerada una versi\u00f3n mejorada del acero 13C26. \u00a1Inigualable en la categor\u00eda precio\/calidad!<\/p>\n<p>Principal: tipo Trailing Point con el vientre de la hoja claramente marcado. El ordinario ha sido mejorado con gris tuhival (Hollow Grind), que proporciona excelentes propiedades de corte combinadas con una excelente durabilidad.<\/p>\n<p>Mango: perfilado, cubierto con un forro impermeable pulido de micarta de yute. Sin duda es un agarre c\u00f3modo y seguro. Tornillos de dise\u00f1o para la fijaci\u00f3n de las tapas de los tiradores. En la parte posterior del mango hay una abertura para un cable de seguridad (incluido en el paquete).<\/p>\n<p>Weed &#8211; hecho de piel de vaca natural de color negro que duerme bien. El logo del fabricante est\u00e1 grabado en la superficie. En las orillas, el complemento fue cosido con hilo decorativo. El montaje en cintur\u00f3n o dispositivo permite transportar el cuchillo en posici\u00f3n vertical.<\/p>\n<p>Datos t\u00e9cnicos:<br \/>\n N\u00famero de producto: Mouse-7M<br \/>\n Nombre del producto: Muela Mouse-7M Marr\u00f3n Yute Micarta, Sat\u00e9n<\/p>\n<p>Longitud total: 14 cm\/5,51&#8243;<br \/>\n Longitud de la hoja: 7 cm\/2,76&#8243;<br \/>\n Grosor de la cabeza: bd<br \/>\n Peso: 140,0 g \/ 4,94 oz<\/p>\n<p>Material base: Sandvik 14C28N<br \/>\n Dureza de la cabeza: bd<br \/>\n Rectificado de cabezales: C\u00f3ncavo<br \/>\n Acabado de la cabeza: satinado<\/p>\n<p>Material del mango: Yute micarta<br \/>\n Acabado del mango: Marr\u00f3n<\/p>\n<p>Cabura: Cuero<br \/>\n Otros accesorios: Ninguno<\/p>\n<p>Dise\u00f1ador por Muela<br \/>\n Marca: Muela<br \/>\n Fabricante: Manufacturas Muela, SA<br \/>\n Pa\u00eds de origen: Espa\u00f1a<\/p>\n<p>&nbsp;<\/p>\n","protected":false},"excerpt":{"rendered":"<p><strong>Muela Mouse-7M Micarta Yute Marr\u00f3n, Satinada, navaja tipo \u00abskinner\u00bb sencilla y compacta con dise\u00f1o de espiga completa. Hoja satinada fabricada en acero inoxidable 14C28N. C\u00f3modo mango de micarta. Un excelente ayudante para la caza, actividades al aire libre o supervivencia.<\/strong><\/p>\n","protected":false},"featured_media":348053,"comment_status":"open","ping_status":"closed","template":"","meta":[],"pwb-brand":[3908],"product_brand":[],"product_cat":[3727,3726],"product_tag":[],"class_list":{"0":"post-348095","1":"product","2":"type-product","3":"status-publish","4":"has-post-thumbnail","6":"pwb-brand-ella-tenia-que","7":"product_cat-cuchillos-macizos","8":"product_cat-cuchillos","10":"first","11":"outofstock","12":"taxable","13":"shipping-taxable","14":"purchasable","15":"product-type-simple"},"brands":[{"id":3908,"name":"Ella ten\u00eda que","slug":"ella-tenia-que"}],"_links":{"self":[{"href":"https:\/\/www.moskito.cz\/es\/wp-json\/wp\/v2\/product\/348095","targetHints":{"allow":["GET"]}}],"collection":[{"href":"https:\/\/www.moskito.cz\/es\/wp-json\/wp\/v2\/product"}],"about":[{"href":"https:\/\/www.moskito.cz\/es\/wp-json\/wp\/v2\/types\/product"}],"replies":[{"embeddable":true,"href":"https:\/\/www.moskito.cz\/es\/wp-json\/wp\/v2\/comments?post=348095"}],"wp:featuredmedia":[{"embeddable":true,"href":"https:\/\/www.moskito.cz\/es\/wp-json\/wp\/v2\/media\/348053"}],"wp:attachment":[{"href":"https:\/\/www.moskito.cz\/es\/wp-json\/wp\/v2\/media?parent=348095"}],"wp:term":[{"taxonomy":"pwb-brand","embeddable":true,"href":"https:\/\/www.moskito.cz\/es\/wp-json\/wp\/v2\/pwb-brand?post=348095"},{"taxonomy":"product_brand","embeddable":true,"href":"https:\/\/www.moskito.cz\/es\/wp-json\/wp\/v2\/product_brand?post=348095"},{"taxonomy":"product_cat","embeddable":true,"href":"https:\/\/www.moskito.cz\/es\/wp-json\/wp\/v2\/product_cat?post=348095"},{"taxonomy":"product_tag","embeddable":true,"href":"https:\/\/www.moskito.cz\/es\/wp-json\/wp\/v2\/product_tag?post=348095"}],"curies":[{"name":"wp","href":"https:\/\/api.w.org\/{rel}","templated":true}]}}