{"id":348121,"date":"2023-07-02T21:32:35","date_gmt":"2024-06-28T06:45:21","guid":{"rendered":"https:\/\/www.moskito.cz\/produkt\/cuchillo-plegable-spyderco-kazuyuki-sakurai-pochi-c256tip\/"},"modified":"2025-05-07T11:19:02","modified_gmt":"2025-05-07T10:19:02","slug":"cuchillo-plegable-spyderco-kazuyuki-sakurai-pochi-c256tip","status":"publish","type":"product","link":"https:\/\/www.moskito.cz\/es\/produkt\/cuchillo-plegable-spyderco-kazuyuki-sakurai-pochi-c256tip\/","title":{"rendered":"Cuchillo plegable Spyderco Kazuyuki Sakurai Pochi C256TIP"},"content":{"rendered":"<p>Cuchillo plegable <strong>Spyderco<\/strong> Kazuyuki Sakurai Pochi C256TIP<\/p>\n<p>El fabricante japon\u00e9s de cuchillos Kazuyuki Sakurai se especializa en intrincados cuchillos plegables hechos a mano, muchos de los cuales est\u00e1n inspirados en formas de animales. Algunos de sus dise\u00f1os m\u00e1s populares son los cuchillos con forma de perro de su serie \u00abPochi\u00bb (poh-chee), que toma su nombre del nombre japon\u00e9s m\u00e1s com\u00fan para perros, aproximadamente equivalente a \u00abSpot\u00bb. Su primera colaboraci\u00f3n con Spyderco traduce fielmente este nuevo dise\u00f1o en un componente de producci\u00f3n \u00fanico en su tipo con una hoja de acero inoxidable hueca CPM-S45VN, mango de titanio granallado, Reeve Integral Lock (RIL) y plegable anodizado en azul. cola\u00bb. clip de bolsillo de titanio y detalle de pasador de pivote.<\/p>\n<p>Especificaciones<br \/>\nLongitud de la hoja: 4 cm<br \/>\nLargo cerrado: 6,5 cm<br \/>\nLongitud total: 10 cm<br \/>\nGrosor de la hoja: 0,25 cm.<br \/>\nMaterial de la hoja: CPM-S45VN Acero inoxidable<br \/>\nEstilo de hoja: Punta de clip<br \/>\nRectificado de cuchillas: hueca<br \/>\nTratamiento superficial de la hoja: satinado.<br \/>\nBorde de la hoja: liso<br \/>\nMaterial del mango: Titanio<br \/>\nColor del mango: gris<br \/>\nMecanismo de bloqueo: Reeve Integral Lock<br \/>\nClip de bolsillo: titanio azul (plegable, uso adecuado)<br \/>\nN\u00famero de modelo: C256TIP<br \/>\nNombre del modelo: Pochi<br \/>\nDise\u00f1ador: Kazuyuki Sakurai<br \/>\nPeso: 1,7 onzas. (48g)<\/p>\n","protected":false},"excerpt":{"rendered":"<p><strong>El fabricante de cuchillos japon\u00e9s Kazuyuki Sakurai se especializa en intrincados cuchillos plegables hechos a mano, muchos de los cuales est\u00e1n inspirados en formas de animales.<\/strong><\/p>\n","protected":false},"featured_media":348136,"comment_status":"open","ping_status":"closed","template":"","meta":[],"pwb-brand":[3771],"product_brand":[],"product_cat":[3730,3726],"product_tag":[3756],"class_list":{"0":"post-348121","1":"product","2":"type-product","3":"status-publish","4":"has-post-thumbnail","6":"pwb-brand-spyderco-es","7":"product_cat-cuchillas-de-cierre","8":"product_cat-cuchillos","9":"product_tag-b2b-es","11":"first","12":"instock","13":"taxable","14":"shipping-taxable","15":"purchasable","16":"product-type-simple"},"brands":[{"id":3771,"name":"spyderco","slug":"spyderco-es"}],"_links":{"self":[{"href":"https:\/\/www.moskito.cz\/es\/wp-json\/wp\/v2\/product\/348121","targetHints":{"allow":["GET"]}}],"collection":[{"href":"https:\/\/www.moskito.cz\/es\/wp-json\/wp\/v2\/product"}],"about":[{"href":"https:\/\/www.moskito.cz\/es\/wp-json\/wp\/v2\/types\/product"}],"replies":[{"embeddable":true,"href":"https:\/\/www.moskito.cz\/es\/wp-json\/wp\/v2\/comments?post=348121"}],"wp:featuredmedia":[{"embeddable":true,"href":"https:\/\/www.moskito.cz\/es\/wp-json\/wp\/v2\/media\/348136"}],"wp:attachment":[{"href":"https:\/\/www.moskito.cz\/es\/wp-json\/wp\/v2\/media?parent=348121"}],"wp:term":[{"taxonomy":"pwb-brand","embeddable":true,"href":"https:\/\/www.moskito.cz\/es\/wp-json\/wp\/v2\/pwb-brand?post=348121"},{"taxonomy":"product_brand","embeddable":true,"href":"https:\/\/www.moskito.cz\/es\/wp-json\/wp\/v2\/product_brand?post=348121"},{"taxonomy":"product_cat","embeddable":true,"href":"https:\/\/www.moskito.cz\/es\/wp-json\/wp\/v2\/product_cat?post=348121"},{"taxonomy":"product_tag","embeddable":true,"href":"https:\/\/www.moskito.cz\/es\/wp-json\/wp\/v2\/product_tag?post=348121"}],"curies":[{"name":"wp","href":"https:\/\/api.w.org\/{rel}","templated":true}]}}