{"id":348157,"date":"2023-12-16T21:10:17","date_gmt":"2024-06-28T06:45:52","guid":{"rendered":"https:\/\/www.moskito.cz\/?post_type=product&p=348157"},"modified":"2025-05-07T11:19:03","modified_gmt":"2025-05-07T10:19:03","slug":"navaja-spyderco-chicago-c130gp","status":"publish","type":"product","link":"https:\/\/www.moskito.cz\/es\/produkt\/navaja-spyderco-chicago-c130gp\/","title":{"rendered":"Navaja Spyderco Chicago C130GP"},"content":{"rendered":"<p>Navaja <strong>Spyderco<\/strong> Chicago C130GP<\/p>\n<p>Leyes. Ya sean necesarios, buenos o simplemente locos, est\u00e1n destinados a poner orden y protegerse del caos. Cuando nuestro gobierno y nuestra sociedad establecen reglas, hacemos todo lo posible para vivir dentro de sus par\u00e1metros.<\/p>\n<p>Por ejemplo, muchas ciudades metropolitanas de EE. UU. trazan la l\u00ednea para llevar navajas de bolsillo en p\u00fablico a navajas con una hoja de dos pulgadas o menos. \u00a1Bienvenidos a Chicago! Si yo fuera residente de Chicago y llevara regularmente una navaja de bolsillo, podr\u00eda sentirme inclinado (como ciudadano respetuoso de la ley) a llevar una herramienta sujeta a las restricciones de esa ciudad.<\/p>\n<p><strong>El Spyderco<\/strong> C130G Chicago es justamente eso. La hoja plana CTS-BD1N de dos pulgadas est\u00e1 elegantemente equipada con un mango negro G-10 y Michael Walker LinerLock. El mango tiene forma y tama\u00f1o ergon\u00f3mico con inserciones esqueletizadas de longitud completa en el interior para mayor resistencia sin volumen ni peso.<\/p>\n<p>Su hoja en forma de hoja corta eficientemente en todos los \u00e1mbitos, desde cortes de alto impacto como alfombras y cuerdas de poli\u00e9ster hasta algo tan simple como limpiar clavos o raspar cinta adhesiva del vidrio.<\/p>\n<p>Un clip de bolsillo profundo guarda el cuchillo en el bolsillo del pantal\u00f3n con la punta apuntando hacia arriba, listo para llevar con la mano derecha o izquierda. Este es para los habitantes de Chicago o cualquiera que busque un cuchillo de ciudad o de traje.<\/p>\n<p>Especificaciones:<br \/>\nLongitud de la hoja: 5,1 cm<br \/>\nGrosor de la hoja: 025 cm.<br \/>\nLongitud total: 12,8 cm<br \/>\nLargo cerrado: 7,9 cm<br \/>\nAcero de la hoja: CTS-BD1N Acero inoxidable<br \/>\nPeso: 1,9 onzas. (54 gramos) aprox.<br \/>\nMaterial del mango: negro G10<\/p>\n","protected":false},"excerpt":{"rendered":"<p><strong>\u00a1Bienvenidos a Chicago! Si yo fuera residente de Chicago y llevara regularmente una navaja de bolsillo, podr\u00eda sentirme inclinado (como ciudadano respetuoso de la ley) a llevar una herramienta sujeta a las restricciones de esa ciudad.<\/strong><\/p>\n","protected":false},"featured_media":348159,"comment_status":"open","ping_status":"closed","template":"","meta":[],"pwb-brand":[3771],"product_brand":[],"product_cat":[3730,3726],"product_tag":[3756],"class_list":{"0":"post-348157","1":"product","2":"type-product","3":"status-publish","4":"has-post-thumbnail","6":"pwb-brand-spyderco-es","7":"product_cat-cuchillas-de-cierre","8":"product_cat-cuchillos","9":"product_tag-b2b-es","11":"first","12":"instock","13":"sale","14":"taxable","15":"shipping-taxable","16":"purchasable","17":"product-type-simple"},"brands":[{"id":3771,"name":"spyderco","slug":"spyderco-es"}],"_links":{"self":[{"href":"https:\/\/www.moskito.cz\/es\/wp-json\/wp\/v2\/product\/348157","targetHints":{"allow":["GET"]}}],"collection":[{"href":"https:\/\/www.moskito.cz\/es\/wp-json\/wp\/v2\/product"}],"about":[{"href":"https:\/\/www.moskito.cz\/es\/wp-json\/wp\/v2\/types\/product"}],"replies":[{"embeddable":true,"href":"https:\/\/www.moskito.cz\/es\/wp-json\/wp\/v2\/comments?post=348157"}],"wp:featuredmedia":[{"embeddable":true,"href":"https:\/\/www.moskito.cz\/es\/wp-json\/wp\/v2\/media\/348159"}],"wp:attachment":[{"href":"https:\/\/www.moskito.cz\/es\/wp-json\/wp\/v2\/media?parent=348157"}],"wp:term":[{"taxonomy":"pwb-brand","embeddable":true,"href":"https:\/\/www.moskito.cz\/es\/wp-json\/wp\/v2\/pwb-brand?post=348157"},{"taxonomy":"product_brand","embeddable":true,"href":"https:\/\/www.moskito.cz\/es\/wp-json\/wp\/v2\/product_brand?post=348157"},{"taxonomy":"product_cat","embeddable":true,"href":"https:\/\/www.moskito.cz\/es\/wp-json\/wp\/v2\/product_cat?post=348157"},{"taxonomy":"product_tag","embeddable":true,"href":"https:\/\/www.moskito.cz\/es\/wp-json\/wp\/v2\/product_tag?post=348157"}],"curies":[{"name":"wp","href":"https:\/\/api.w.org\/{rel}","templated":true}]}}