{"id":348184,"date":"2023-12-16T20:03:28","date_gmt":"2024-06-28T06:47:45","guid":{"rendered":"https:\/\/www.moskito.cz\/produkt\/cuchillo-plegable-spyderco-manbug-ligero-mfpk390\/"},"modified":"2025-05-07T11:19:03","modified_gmt":"2025-05-07T10:19:03","slug":"cuchillo-plegable-spyderco-manbug-ligero-mfpk390","status":"publish","type":"product","link":"https:\/\/www.moskito.cz\/es\/produkt\/cuchillo-plegable-spyderco-manbug-ligero-mfpk390\/","title":{"rendered":"Cuchillo plegable Spyderco Manbug ligero MFPK390"},"content":{"rendered":"<p>Cuchillo plegable <strong>Spyderco<\/strong> Manbug ligero MFPK390<\/p>\n<p><strong>Spyderco<\/strong> siempre ha estado muy orgulloso de sus esfuerzos por superar los l\u00edmites del rendimiento ofreciendo hojas de acero ex\u00f3ticas en sus cuchillos. Con este esp\u00edritu en mente, est\u00e1n orgullosos de anunciar que ofrecen una gama de modelos m\u00e1s vendidos con hojas fabricadas con K390. K390 MICROCLEAN, producido por Bohler-Uddeholm, es un acero para herramientas de conformado en fr\u00edo de \u00faltima generaci\u00f3n producido mediante un proceso de metalurgia de part\u00edculas. Su avanzado compuesto de aleaci\u00f3n ha sido especialmente desarrollado para proporcionar la extrema resistencia al desgaste y la alta resistencia a la compresi\u00f3n requeridas en aplicaciones industriales de corte, punzonado y punzonado. A pesar de su dureza, la microestructura excepcionalmente fina y homog\u00e9nea tambi\u00e9n es f\u00e1cil de mecanizar y tratar t\u00e9rmicamente. Juntas, estas propiedades hacen del K390 un material de hoja excelente para los verdaderos conocedores del acero. Spyderco se enorgullece de presentarlo en algunos de sus modelos m\u00e1s populares, que tambi\u00e9n cuentan con manijas azules distintivas.<\/p>\n<p>Nota: K390 es un acero inoxidable de alto rendimiento que puede oxidarse si no se cuida adecuadamente. Limpie y seque siempre las cuchillas despu\u00e9s de su uso y aplique aceite u otros productos anticorrosi\u00f3n si es necesario.<\/p>\n<p>Especificaciones<br \/>\nLongitud de la hoja: 5 cm<br \/>\nLargo cerrado: 6,4 cm<br \/>\nLongitud total: 11,4 cm<br \/>\nGrosor de la hoja: 0,25 cm.<br \/>\nMaterial de la hoja: acero para herramientas Bohler K390<br \/>\nEstilo de hoja: Punta de clip<br \/>\nRectificado de la hoja: Totalmente plano<br \/>\nTratamiento superficial de la hoja: satinado.<br \/>\nBorde de la hoja: liso<br \/>\nMaterial del mango: FRN<br \/>\nColor del mango: azul<br \/>\nMecanismo de bloqueo: Lockback<br \/>\nClip de bolsillo: Ninguno<br \/>\nN\u00famero de modelo: MFPK390<br \/>\nNombre del modelo: Manbug ligero K390<br \/>\nPeso: 0,7 onzas. (20g)<br \/>\nHecho en Jap\u00f3n<\/p>\n","protected":false},"excerpt":{"rendered":"<p><strong>Spyderco siempre ha estado muy orgulloso de sus esfuerzos por superar los l\u00edmites del rendimiento ofreciendo hojas de acero ex\u00f3ticas en sus cuchillos. Con este esp\u00edritu en mente, est\u00e1n orgullosos de anunciar que ofrecen una gama de modelos m\u00e1s vendidos con hojas fabricadas con K390.<\/strong><\/p>\n","protected":false},"featured_media":348203,"comment_status":"open","ping_status":"closed","template":"","meta":[],"pwb-brand":[3771],"product_brand":[],"product_cat":[3730,3726],"product_tag":[3756],"class_list":{"0":"post-348184","1":"product","2":"type-product","3":"status-publish","4":"has-post-thumbnail","6":"pwb-brand-spyderco-es","7":"product_cat-cuchillas-de-cierre","8":"product_cat-cuchillos","9":"product_tag-b2b-es","11":"first","12":"outofstock","13":"sale","14":"taxable","15":"shipping-taxable","16":"purchasable","17":"product-type-simple"},"brands":[{"id":3771,"name":"spyderco","slug":"spyderco-es"}],"_links":{"self":[{"href":"https:\/\/www.moskito.cz\/es\/wp-json\/wp\/v2\/product\/348184","targetHints":{"allow":["GET"]}}],"collection":[{"href":"https:\/\/www.moskito.cz\/es\/wp-json\/wp\/v2\/product"}],"about":[{"href":"https:\/\/www.moskito.cz\/es\/wp-json\/wp\/v2\/types\/product"}],"replies":[{"embeddable":true,"href":"https:\/\/www.moskito.cz\/es\/wp-json\/wp\/v2\/comments?post=348184"}],"wp:featuredmedia":[{"embeddable":true,"href":"https:\/\/www.moskito.cz\/es\/wp-json\/wp\/v2\/media\/348203"}],"wp:attachment":[{"href":"https:\/\/www.moskito.cz\/es\/wp-json\/wp\/v2\/media?parent=348184"}],"wp:term":[{"taxonomy":"pwb-brand","embeddable":true,"href":"https:\/\/www.moskito.cz\/es\/wp-json\/wp\/v2\/pwb-brand?post=348184"},{"taxonomy":"product_brand","embeddable":true,"href":"https:\/\/www.moskito.cz\/es\/wp-json\/wp\/v2\/product_brand?post=348184"},{"taxonomy":"product_cat","embeddable":true,"href":"https:\/\/www.moskito.cz\/es\/wp-json\/wp\/v2\/product_cat?post=348184"},{"taxonomy":"product_tag","embeddable":true,"href":"https:\/\/www.moskito.cz\/es\/wp-json\/wp\/v2\/product_tag?post=348184"}],"curies":[{"name":"wp","href":"https:\/\/api.w.org\/{rel}","templated":true}]}}