{"id":348224,"date":"2024-01-01T15:53:26","date_gmt":"2024-06-28T06:52:52","guid":{"rendered":"https:\/\/www.moskito.cz\/produkt\/spyderco-squeak-sin-bloqueo-c154ppn-cuchillo-con-bloqueo\/"},"modified":"2025-05-07T11:19:04","modified_gmt":"2025-05-07T10:19:04","slug":"spyderco-squeak-sin-bloqueo-c154ppn-cuchillo-con-bloqueo","status":"publish","type":"product","link":"https:\/\/www.moskito.cz\/es\/produkt\/spyderco-squeak-sin-bloqueo-c154ppn-cuchillo-con-bloqueo\/","title":{"rendered":"Spyderco Squeak (sin bloqueo) C154PPN Cuchillo con bloqueo"},"content":{"rendered":"<p><strong>Spyderco<\/strong> Squeak (sin bloqueo) C154PPN Cuchillo con bloqueo<\/p>\n<p>Fabricado en Maniago, el Squeak SLIPIT es <strong>un cuchillo Spyderco<\/strong> que se abre con una sola mano y sin seguridad llamado SLIPIT. Est\u00e1 dise\u00f1ado para transporte legal restringido en lugares donde est\u00e1 prohibido bloquear cuchillos.<\/p>\n<p>La hoja est\u00e1 totalmente rectificada y fabricada en acero austriaco Bohler-Uddeholm N690Co. N690C0 es un acero con alto contenido de carbono con cobalto agregado para lograr uniformidad estructural, lo que resulta en una mejor retenci\u00f3n de los bordes y capacidad de afilado. Las correas texturizadas se mecanizan a partir del lomo y la hoja de la hoja para aumentar la resistencia al deslizamiento.<\/p>\n<p>La hoja del Squeak se mantiene en posici\u00f3n abierta mientras se corta mediante una junta moleteada en el pasador de la hoja. Al cerrar la hoja, la muesca genera una resistencia funcionalmente similar a una navaja de bolsillo deslizante tradicional y cumple la funci\u00f3n adicional de suavizar el movimiento de apertura de la hoja. Mayor control y comodidad Los dise\u00f1adores de Spyderco agregan una vibraci\u00f3n profunda en los dedos, moviendo naturalmente el dedo \u00edndice a una posici\u00f3n en la parte inferior de la hoja directamente debajo del pulgar. Colocar el dedo \u00edndice en este choil evita que la hoja se cierre accidentalmente mientras corta y proporciona una posici\u00f3n de agarre que permite al usuario asfixiarse m\u00e1s cerca de la hoja para una mayor destreza.<\/p>\n<p>El mango es FRN (nylon reforzado con fibra de vidrio) y est\u00e1 dise\u00f1ado para la comodidad del usuario, ya sea en la mano, con un mango con textura ergon\u00f3mica, o en el bolsillo con un clip de alambre abatible de doble cara en un bolsillo profundo.<\/p>\n<p><strong>Spyderco<\/strong> se enorgullece de apoyar la gira Guardians of the Ribbon\/Pink Heals Tour y los programas \u00abCares Enough to Wear Pink\u00bb donando una parte de las ventas de nuestros cuchillos con mango rosa. Fundada en 2007 por el ex bombero Dave Graybill, esta incre\u00edble organizaci\u00f3n ben\u00e9fica se enfoca en brindar atenci\u00f3n directa a mujeres que luchan contra todas las formas de c\u00e1ncer. Mejor conocido por su flota de camiones de bomberos y coches de polic\u00eda de color rosa, el movimiento Pink Heals viaja por los EE. UU. visitando a mujeres y ni\u00f1os con c\u00e1ncer, identificando sus necesidades m\u00e1s cr\u00edticas y coordinando los recursos locales para satisfacer esas necesidades. Pink Heals tambi\u00e9n solicita el apoyo de servicios basados \u200b\u200ben impuestos y l\u00edderes comunitarios para garantizar el apoyo continuo a las mujeres que luchan contra el c\u00e1ncer, asegurando que las donaciones permanezcan en la comunidad local en la que se origin\u00f3. Lo m\u00e1s importante es que Pink Heals utiliza el 100% de todas las donaciones que recibe. cuidando directamente a las mujeres a las que sirven y brindando apoyo inmediato y tangible a quienes m\u00e1s lo necesitan. Todos los costos operativos de la organizaci\u00f3n ben\u00e9fica se cubren con la venta de camisetas rosas con el logo de su organizaci\u00f3n. Estas camisetas tambi\u00e9n son la base de la campa\u00f1a \u00abCares Enough to Wear Pink\u00bb, una campa\u00f1a nacional para crear conciencia sobre las mujeres como uno de los recursos m\u00e1s valiosos del mundo.<\/p>\n<p>Spyderco tiene el honor de apoyar la gira Guardianes de la Cinta\/Pink Heals y a las mujeres a las que sirven. Una parte de las ganancias de cada venta se donar\u00e1 a la investigaci\u00f3n del c\u00e1ncer de mama en la gira Guardians of the Ribbon\/Pink Heals. Para obtener m\u00e1s informaci\u00f3n sobre sus extraordinarios programas y c\u00f3mo puede ayudar a apoyar sus esfuerzos, visite www.pinkfiretrucks.org.<\/p>\n<p>Especificaciones:<br \/>\nLongitud de la hoja: 5,1 cm<br \/>\nGrosor de la hoja: 0,3 cm.<br \/>\nLongitud total: 12,8 cm<br \/>\nLargo cerrado: 7,9 cm<br \/>\nAcero de la hoja: N690Co<br \/>\nPeso: 1,6 onzas. (46g)<br \/>\nMaterial del mango: FRN rosa<br \/>\nHecho en Italia<\/p>\n","protected":false},"excerpt":{"rendered":"<p><strong>Squeak SLIPIT, fabricado en Maniago, un cuchillo sin seguridad que se abre con una mano y se llama SLIPIT.<\/strong><\/p>\n","protected":false},"featured_media":348225,"comment_status":"open","ping_status":"closed","template":"","meta":[],"pwb-brand":[3771],"product_brand":[],"product_cat":[3730,3726],"product_tag":[3756],"class_list":{"0":"post-348224","1":"product","2":"type-product","3":"status-publish","4":"has-post-thumbnail","6":"pwb-brand-spyderco-es","7":"product_cat-cuchillas-de-cierre","8":"product_cat-cuchillos","9":"product_tag-b2b-es","11":"first","12":"outofstock","13":"taxable","14":"shipping-taxable","15":"purchasable","16":"product-type-simple"},"brands":[{"id":3771,"name":"spyderco","slug":"spyderco-es"}],"_links":{"self":[{"href":"https:\/\/www.moskito.cz\/es\/wp-json\/wp\/v2\/product\/348224","targetHints":{"allow":["GET"]}}],"collection":[{"href":"https:\/\/www.moskito.cz\/es\/wp-json\/wp\/v2\/product"}],"about":[{"href":"https:\/\/www.moskito.cz\/es\/wp-json\/wp\/v2\/types\/product"}],"replies":[{"embeddable":true,"href":"https:\/\/www.moskito.cz\/es\/wp-json\/wp\/v2\/comments?post=348224"}],"wp:featuredmedia":[{"embeddable":true,"href":"https:\/\/www.moskito.cz\/es\/wp-json\/wp\/v2\/media\/348225"}],"wp:attachment":[{"href":"https:\/\/www.moskito.cz\/es\/wp-json\/wp\/v2\/media?parent=348224"}],"wp:term":[{"taxonomy":"pwb-brand","embeddable":true,"href":"https:\/\/www.moskito.cz\/es\/wp-json\/wp\/v2\/pwb-brand?post=348224"},{"taxonomy":"product_brand","embeddable":true,"href":"https:\/\/www.moskito.cz\/es\/wp-json\/wp\/v2\/product_brand?post=348224"},{"taxonomy":"product_cat","embeddable":true,"href":"https:\/\/www.moskito.cz\/es\/wp-json\/wp\/v2\/product_cat?post=348224"},{"taxonomy":"product_tag","embeddable":true,"href":"https:\/\/www.moskito.cz\/es\/wp-json\/wp\/v2\/product_tag?post=348224"}],"curies":[{"name":"wp","href":"https:\/\/api.w.org\/{rel}","templated":true}]}}