{"id":348249,"date":"2023-07-04T15:31:48","date_gmt":"2023-07-04T14:31:48","guid":{"rendered":"https:\/\/www.moskito.cz\/?post_type=product&p=348249"},"modified":"2025-05-07T11:19:05","modified_gmt":"2025-05-07T10:19:05","slug":"cuchillo-plegable-spyderco-dragonfly-2-wharncliffe-c28fpwcbk2","status":"publish","type":"product","link":"https:\/\/www.moskito.cz\/es\/produkt\/cuchillo-plegable-spyderco-dragonfly-2-wharncliffe-c28fpwcbk2\/","title":{"rendered":"Cuchillo plegable Spyderco Dragonfly 2 Wharncliffe C28FPWCBK2"},"content":{"rendered":"<p>Cuchillo plegable <strong>Spyderco<\/strong> Dragonfly 2 Wharncliffe C28FPWCBK2<\/p>\n<p>La Dragonfly siempre ha representado una combinaci\u00f3n extraordinaria de dimensiones compactas y rendimiento de corte complejo. Ahora este rendimiento da otro paso adelante con la incorporaci\u00f3n del perfil de hoja Wharncliffe. La hoja Wharncliffe elegida por muchos usuarios experimentados de cuchillos, la hoja perfectamente recta de Wharncliffe ofrece un poder de corte extremo cerca del tal\u00f3n y una precisi\u00f3n similar a la de un bistur\u00ed en la punta, especialmente cuando se combina con un afilado completamente plano y de baja fricci\u00f3n. Todas las dem\u00e1s caracter\u00edsticas de este cuchillo est\u00e1n en l\u00ednea con el Dragonfly 2 m\u00e1s vendido, incluido un mango liviano moldeado por inyecci\u00f3n FRN, textura bidireccional de alta tracci\u00f3n, un robusto mecanismo de bloqueo trasero y un clip de alambre de bolsillo profundo de doble cara.<br \/>\nEspecificaciones<\/p>\n<p>Longitud de la hoja: 5,8 cm<br \/>\nFilo: 4,8 cm.<br \/>\nLargo cerrado: 8,5 cm<br \/>\nLongitud total: 14,2 cm<br \/>\nGrosor de la hoja: 0,25 cm.<br \/>\nMaterial de la hoja: acero inoxidable VG10<br \/>\nEstilo de hoja: Wharncliffe<br \/>\nRectificado de la hoja: Totalmente plano<br \/>\nTratamiento superficial de la hoja: satinado.<br \/>\nBorde de la hoja: liso<br \/>\nMaterial del mango: FRN texturizado bidireccional<br \/>\nColor del mango: Negro<br \/>\nMecanismo de bloqueo: Lockback<br \/>\nClip de bolsillo: abatible, uso hacia la izquierda\/derecha<br \/>\nN\u00famero de modelo: C28FPWCBK2<br \/>\nNombre del modelo: Dragonfly 2 Wharncliffe<br \/>\nPeso: 1,2 onzas. (34g)<br \/>\nHecho en Jap\u00f3n<\/p>\n<p>&nbsp;<\/p>\n","protected":false},"excerpt":{"rendered":"<p><strong>La Dragonfly siempre ha representado una combinaci\u00f3n extraordinaria de dimensiones compactas y rendimiento de corte integral.<\/strong><\/p>\n","protected":false},"featured_media":348253,"comment_status":"open","ping_status":"closed","template":"","meta":[],"pwb-brand":[3771],"product_brand":[],"product_cat":[3730,3726],"product_tag":[],"class_list":{"0":"post-348249","1":"product","2":"type-product","3":"status-publish","4":"has-post-thumbnail","6":"pwb-brand-spyderco-es","7":"product_cat-cuchillas-de-cierre","8":"product_cat-cuchillos","10":"first","11":"instock","12":"taxable","13":"shipping-taxable","14":"purchasable","15":"product-type-simple"},"brands":[{"id":3771,"name":"spyderco","slug":"spyderco-es"}],"_links":{"self":[{"href":"https:\/\/www.moskito.cz\/es\/wp-json\/wp\/v2\/product\/348249","targetHints":{"allow":["GET"]}}],"collection":[{"href":"https:\/\/www.moskito.cz\/es\/wp-json\/wp\/v2\/product"}],"about":[{"href":"https:\/\/www.moskito.cz\/es\/wp-json\/wp\/v2\/types\/product"}],"replies":[{"embeddable":true,"href":"https:\/\/www.moskito.cz\/es\/wp-json\/wp\/v2\/comments?post=348249"}],"wp:featuredmedia":[{"embeddable":true,"href":"https:\/\/www.moskito.cz\/es\/wp-json\/wp\/v2\/media\/348253"}],"wp:attachment":[{"href":"https:\/\/www.moskito.cz\/es\/wp-json\/wp\/v2\/media?parent=348249"}],"wp:term":[{"taxonomy":"pwb-brand","embeddable":true,"href":"https:\/\/www.moskito.cz\/es\/wp-json\/wp\/v2\/pwb-brand?post=348249"},{"taxonomy":"product_brand","embeddable":true,"href":"https:\/\/www.moskito.cz\/es\/wp-json\/wp\/v2\/product_brand?post=348249"},{"taxonomy":"product_cat","embeddable":true,"href":"https:\/\/www.moskito.cz\/es\/wp-json\/wp\/v2\/product_cat?post=348249"},{"taxonomy":"product_tag","embeddable":true,"href":"https:\/\/www.moskito.cz\/es\/wp-json\/wp\/v2\/product_tag?post=348249"}],"curies":[{"name":"wp","href":"https:\/\/api.w.org\/{rel}","templated":true}]}}