{"id":348271,"date":"2019-02-02T15:44:28","date_gmt":"2024-06-28T07:29:55","guid":{"rendered":"https:\/\/www.moskito.cz\/produkt\/cuchillo-de-tiro-microtech-combat-troodon-142-1\/"},"modified":"2025-07-11T07:48:05","modified_gmt":"2025-07-11T06:48:05","slug":"cuchillo-de-tiro-microtech-combat-troodon-142-1","status":"publish","type":"product","link":"https:\/\/www.moskito.cz\/es\/produkt\/cuchillo-de-tiro-microtech-combat-troodon-142-1\/","title":{"rendered":"Cuchillo de Tiro Microtech Combat Troodon 142-1"},"content":{"rendered":"<p>Cuchillo de Tiro <strong>Microtech Combat Troodon<\/strong> 142-1<\/p>\n<p>Un cuchillo de tiro desde el frente.<\/p>\n<p><strong>El cuchillo de tiro Microtech Combat Troodon<\/strong> 142-1 tiene una hoja de acero inoxidable negra con un borde liso. El mango de aluminio con punta esf\u00e9rica est\u00e1 fabricado en acero inoxidable.<br \/>\nEl cuchillo OTF de mayor producci\u00f3n de Microtech lleva el nombre del dinosaurio Troodon. Combat Troodon es una versi\u00f3n realmente grande del popular Troodon. A pesar de su tama\u00f1o, el mango es fino y c\u00f3modo.<\/p>\n<p>Longitud total: 23,75 cm.<br \/>\nLongitud de la hoja: 9,5 cm<br \/>\nMaterial de la hoja: M390<br \/>\nEstilo de hoja: Daga<br \/>\nInserciones: planas<br \/>\nAcabado: Negro<br \/>\nTipo de borde: liso<br \/>\nLongitud del mango: 14,37 cm<br \/>\nGrosor del mango: 1,37 cm.<br \/>\nMaterial del mango: aluminio<br \/>\nDe color negro<br \/>\nPeso: 5,35 onzas.<br \/>\nUsuario: mano derecha<br \/>\nClip de bolsillo: inclinado hacia abajo<br \/>\nTipo de cuchillo: OTF de doble acci\u00f3n autom\u00e1tico<br \/>\nAbridor: Diapositiva del pulgar<br \/>\nMarca: Microtech<br \/>\nModelo: Troodon de combate<br \/>\nN\u00famero de modelo: 142-1<br \/>\nPa\u00eds de origen: EE.UU.<br \/>\nMejor uso: t\u00e1ctico<\/p>\n<p><iframe title=\"Microtech Combat Troodon Torture Test\" width=\"800\" height=\"450\" src=\"https:\/\/www.youtube.com\/embed\/xE9TeOFYEjg?feature=oembed\" frameborder=\"0\" allow=\"accelerometer; autoplay; clipboard-write; encrypted-media; gyroscope; picture-in-picture; web-share\" referrerpolicy=\"strict-origin-when-cross-origin\" allowfullscreen><\/iframe><\/p>\n<p>&nbsp;<\/p>\n<div class=\"description\"><\/div>\n","protected":false},"excerpt":{"rendered":"<p><strong>A lo largo de los a\u00f1os, Microtech\u00ae Knives ha llenado los cuchillos con pasi\u00f3n y habilidad para crear casi obras de arte que son el pin\u00e1culo de la funcionalidad. Todas las piezas se fabrican en los EE. UU.<\/strong><br \/>\n<strong>Todos los cuchillos Microtech vienen con una garant\u00eda de por vida.<\/strong><\/p>\n<p><strong>Transporte gratuito.<\/strong><\/p>\n","protected":false},"featured_media":179857,"comment_status":"open","ping_status":"closed","template":"","meta":[],"pwb-brand":[3752],"product_brand":[],"product_cat":[3726,3729],"product_tag":[3756],"class_list":{"0":"post-348271","1":"product","2":"type-product","3":"status-publish","4":"has-post-thumbnail","6":"pwb-brand-microtecnologia","7":"product_cat-cuchillos","8":"product_cat-cuchillos-de-tiro","9":"product_tag-b2b-es","11":"first","12":"instock","13":"taxable","14":"shipping-taxable","15":"purchasable","16":"product-type-simple"},"brands":[{"id":3752,"name":"microtecnolog\u00eda","slug":"microtecnologia"}],"_links":{"self":[{"href":"https:\/\/www.moskito.cz\/es\/wp-json\/wp\/v2\/product\/348271","targetHints":{"allow":["GET"]}}],"collection":[{"href":"https:\/\/www.moskito.cz\/es\/wp-json\/wp\/v2\/product"}],"about":[{"href":"https:\/\/www.moskito.cz\/es\/wp-json\/wp\/v2\/types\/product"}],"replies":[{"embeddable":true,"href":"https:\/\/www.moskito.cz\/es\/wp-json\/wp\/v2\/comments?post=348271"}],"wp:featuredmedia":[{"embeddable":true,"href":"https:\/\/www.moskito.cz\/es\/wp-json\/wp\/v2\/media\/179857"}],"wp:attachment":[{"href":"https:\/\/www.moskito.cz\/es\/wp-json\/wp\/v2\/media?parent=348271"}],"wp:term":[{"taxonomy":"pwb-brand","embeddable":true,"href":"https:\/\/www.moskito.cz\/es\/wp-json\/wp\/v2\/pwb-brand?post=348271"},{"taxonomy":"product_brand","embeddable":true,"href":"https:\/\/www.moskito.cz\/es\/wp-json\/wp\/v2\/product_brand?post=348271"},{"taxonomy":"product_cat","embeddable":true,"href":"https:\/\/www.moskito.cz\/es\/wp-json\/wp\/v2\/product_cat?post=348271"},{"taxonomy":"product_tag","embeddable":true,"href":"https:\/\/www.moskito.cz\/es\/wp-json\/wp\/v2\/product_tag?post=348271"}],"curies":[{"name":"wp","href":"https:\/\/api.w.org\/{rel}","templated":true}]}}