{"id":348291,"date":"2021-08-11T21:13:49","date_gmt":"2024-06-28T09:34:09","guid":{"rendered":"https:\/\/www.moskito.cz\/produkt\/cuchillo-cerrador-civivi-mini-asticus\/"},"modified":"2025-05-07T11:19:07","modified_gmt":"2025-05-07T10:19:07","slug":"cuchillo-cerrador-civivi-mini-asticus","status":"publish","type":"product","link":"https:\/\/www.moskito.cz\/es\/produkt\/cuchillo-cerrador-civivi-mini-asticus\/","title":{"rendered":"Cuchillo Cerrador Civivi Mini Asticus"},"content":{"rendered":"<p>Cuchillo Cerrador <strong>Civivi<\/strong> Mini Asticus.<\/p>\n<p>Longitud total: 7,55&#8243;\/191,7 mm<br \/>\nLongitud de la hoja: 3,25&#8243;\/82,6 mm<br \/>\nLongitud cerrada: 4,3 \u00ab\/ 109,1 mm<br \/>\nGrosor de la hoja: 0,12 pulgadas\/3 mm<br \/>\nGrosor del mango: 0,47 pulgadas\/12 mm<br \/>\nPeso: 2,83 oz\/80,3 g<\/p>\n<p>Material de la hoja: 10Cr15CoMoV<br \/>\nDureza de la hoja: 58-60HRC<br \/>\nMolienda de hoja: hueca<br \/>\nAcabado de la hoja: Negro lavado a la piedra<\/p>\n<p>Material del mango: Madera de Cuibourtia<br \/>\nColor\/acabado del mango: madera<br \/>\nMaterial del espaciador trasero: G10<br \/>\nColor\/Acabado del espaciador trasero: Negro<br \/>\nMaterial de inserci\u00f3n: acero inoxidable<br \/>\nColor\/acabado del forro: Negro<\/p>\n<p>Clip de bolsillo: abatible, L\/R<br \/>\nMaterial del clip: acero inoxidable<br \/>\nMaterial de los tornillos: acero inoxidable<br \/>\nConjunto de pasador: rodamiento de bolas cer\u00e1mico con jaula.<br \/>\nMecanismo de bloqueo: Liner Lock<\/p>\n<p>Dise\u00f1ador: CIVIVI<\/p>\n<p><strong>Nosotros cuchillo<\/strong> Co. Limitado. (WE) se ha ganado la reputaci\u00f3n de ofrecer constantemente dise\u00f1os innovadores producidos con una alta calidad constante a trav\u00e9s de una historia de entrega constante de productos exitosos. Gracias a ello, WE se ha consolidado como el mayor fabricante chino de cuchillos de calidad.<\/p>\n<p>En respuesta a las necesidades del mercado, presentamos la marca CIVIVI en 2018, que se enfoca espec\u00edficamente en ofrecer l\u00edneas de productos EDC funcionales y utilitarios a precios m\u00e1s asequibles.<\/p>\n<p>Combinando los valores fundamentales de WE de dise\u00f1o innovador y fabricaci\u00f3n de calidad con materiales como G10, capas de carbono y D2, acero inoxidable y Damasco, los productos CIVIVI brindan a sus usuarios valor y rendimiento sin compromiso.<\/p>\n<p>Los cuchillos CIVIVI se ven bien, se sienten bien, funcionan bien y hacen el trabajo. Al igual que sus hermanos WE Knife, est\u00e1n <strong>\u00abHECHOS MEJORES\u00bb<\/strong><\/p>\n","protected":false},"excerpt":{"rendered":"<p>La marca <strong>CIVIVI<\/strong> lleva m\u00e1s de 20 a\u00f1os en el mercado y produce los cuchillos m\u00e1s diversos y de mayor calidad a precios m\u00e1s asequibles.<\/p>\n","protected":false},"featured_media":348293,"comment_status":"open","ping_status":"closed","template":"","meta":[],"pwb-brand":[3858],"product_brand":[],"product_cat":[3730,3726],"product_tag":[],"class_list":{"0":"post-348291","1":"product","2":"type-product","3":"status-publish","4":"has-post-thumbnail","6":"pwb-brand-cuchillo-civivi","7":"product_cat-cuchillas-de-cierre","8":"product_cat-cuchillos","10":"first","11":"outofstock","12":"taxable","13":"shipping-taxable","14":"purchasable","15":"product-type-simple"},"brands":[{"id":3858,"name":"Cuchillo CIVIVI","slug":"cuchillo-civivi"}],"_links":{"self":[{"href":"https:\/\/www.moskito.cz\/es\/wp-json\/wp\/v2\/product\/348291","targetHints":{"allow":["GET"]}}],"collection":[{"href":"https:\/\/www.moskito.cz\/es\/wp-json\/wp\/v2\/product"}],"about":[{"href":"https:\/\/www.moskito.cz\/es\/wp-json\/wp\/v2\/types\/product"}],"replies":[{"embeddable":true,"href":"https:\/\/www.moskito.cz\/es\/wp-json\/wp\/v2\/comments?post=348291"}],"wp:featuredmedia":[{"embeddable":true,"href":"https:\/\/www.moskito.cz\/es\/wp-json\/wp\/v2\/media\/348293"}],"wp:attachment":[{"href":"https:\/\/www.moskito.cz\/es\/wp-json\/wp\/v2\/media?parent=348291"}],"wp:term":[{"taxonomy":"pwb-brand","embeddable":true,"href":"https:\/\/www.moskito.cz\/es\/wp-json\/wp\/v2\/pwb-brand?post=348291"},{"taxonomy":"product_brand","embeddable":true,"href":"https:\/\/www.moskito.cz\/es\/wp-json\/wp\/v2\/product_brand?post=348291"},{"taxonomy":"product_cat","embeddable":true,"href":"https:\/\/www.moskito.cz\/es\/wp-json\/wp\/v2\/product_cat?post=348291"},{"taxonomy":"product_tag","embeddable":true,"href":"https:\/\/www.moskito.cz\/es\/wp-json\/wp\/v2\/product_tag?post=348291"}],"curies":[{"name":"wp","href":"https:\/\/api.w.org\/{rel}","templated":true}]}}