{"id":348315,"date":"2021-08-17T20:46:47","date_gmt":"2024-06-28T09:38:00","guid":{"rendered":"https:\/\/www.moskito.cz\/produkt\/cuchillo-de-cierre-civivi-elementum\/"},"modified":"2025-05-07T11:19:08","modified_gmt":"2025-05-07T10:19:08","slug":"cuchillo-de-cierre-civivi-elementum","status":"publish","type":"product","link":"https:\/\/www.moskito.cz\/es\/produkt\/cuchillo-de-cierre-civivi-elementum\/","title":{"rendered":"Cuchillo de cierre Civivi Elementum"},"content":{"rendered":"<p>Cuchillo de Cierre <strong>Civivi<\/strong> Elementum.<\/p>\n<p>Longitud de la hoja: 2,96\u201d(75,2 mm)<br \/>\nGrosor de la hoja: 0,12&#8243;(3 mm)<br \/>\nMaterial de la hoja: D2<br \/>\nDureza de la hoja: HRC59-61<br \/>\nMolienda de hoja: hueca<br \/>\nAcabado de la hoja: Acabado satinado<\/p>\n<p>Longitud del mango: 4,03\u201d(102,4 mm)<br \/>\nGrosor total del mango: 0,43\u201d(11 mm)<br \/>\nMaterial del mango: G10<br \/>\nAcabado del mango: Mango negro G10<\/p>\n<p>Material del revestimiento: acero inoxidable<br \/>\nColor del revestimiento: Color gris<\/p>\n<p>Material del clip: acero inoxidable<br \/>\nMaterial de los tornillos: acero inoxidable.<br \/>\nTapa de pivote: acero inoxidable<br \/>\nMaterial de las arandelas: rodamiento de bolas de cer\u00e1mica enjaulado.<\/p>\n<p>Peso: 82 g\/2,89 oz<br \/>\nTipo de bloqueo: bloqueo de revestimiento<\/p>\n<p>Dise\u00f1ador: CIVIVI<\/p>\n<p><strong>Nosotros cuchillo<\/strong> Co. Limitado. (WE) se ha ganado la reputaci\u00f3n de ofrecer constantemente dise\u00f1os innovadores producidos con una alta calidad constante a trav\u00e9s de una historia de entrega constante de productos exitosos. Gracias a ello, WE se ha consolidado como el mayor fabricante chino de cuchillos de calidad.<\/p>\n<p>En respuesta a las necesidades del mercado, presentamos la marca CIVIVI en 2018, que se enfoca espec\u00edficamente en ofrecer l\u00edneas de productos EDC funcionales y utilitarios a precios m\u00e1s asequibles.<\/p>\n<p>Combinando los valores fundamentales de WE de dise\u00f1o innovador y fabricaci\u00f3n de calidad con materiales como G10, capas de carbono y D2, acero inoxidable y Damasco, los productos CIVIVI brindan a sus usuarios valor y rendimiento sin compromiso.<\/p>\n<p>Los cuchillos CIVIVI se ven bien, se sienten bien, funcionan bien y hacen el trabajo. Al igual que sus hermanos WE Knife, est\u00e1n <strong>\u00abHECHOS MEJORES\u00bb<\/strong><\/p>\n","protected":false},"excerpt":{"rendered":"<p>La marca <strong>CIVIVI<\/strong> lleva m\u00e1s de 20 a\u00f1os en el mercado y produce los cuchillos m\u00e1s diversos y de mayor calidad a precios m\u00e1s asequibles.<\/p>\n","protected":false},"featured_media":348317,"comment_status":"open","ping_status":"closed","template":"","meta":[],"pwb-brand":[3858],"product_brand":[],"product_cat":[3730,3726],"product_tag":[],"class_list":{"0":"post-348315","1":"product","2":"type-product","3":"status-publish","4":"has-post-thumbnail","6":"pwb-brand-cuchillo-civivi","7":"product_cat-cuchillas-de-cierre","8":"product_cat-cuchillos","10":"first","11":"instock","12":"taxable","13":"shipping-taxable","14":"purchasable","15":"product-type-simple"},"brands":[{"id":3858,"name":"Cuchillo CIVIVI","slug":"cuchillo-civivi"}],"_links":{"self":[{"href":"https:\/\/www.moskito.cz\/es\/wp-json\/wp\/v2\/product\/348315","targetHints":{"allow":["GET"]}}],"collection":[{"href":"https:\/\/www.moskito.cz\/es\/wp-json\/wp\/v2\/product"}],"about":[{"href":"https:\/\/www.moskito.cz\/es\/wp-json\/wp\/v2\/types\/product"}],"replies":[{"embeddable":true,"href":"https:\/\/www.moskito.cz\/es\/wp-json\/wp\/v2\/comments?post=348315"}],"wp:featuredmedia":[{"embeddable":true,"href":"https:\/\/www.moskito.cz\/es\/wp-json\/wp\/v2\/media\/348317"}],"wp:attachment":[{"href":"https:\/\/www.moskito.cz\/es\/wp-json\/wp\/v2\/media?parent=348315"}],"wp:term":[{"taxonomy":"pwb-brand","embeddable":true,"href":"https:\/\/www.moskito.cz\/es\/wp-json\/wp\/v2\/pwb-brand?post=348315"},{"taxonomy":"product_brand","embeddable":true,"href":"https:\/\/www.moskito.cz\/es\/wp-json\/wp\/v2\/product_brand?post=348315"},{"taxonomy":"product_cat","embeddable":true,"href":"https:\/\/www.moskito.cz\/es\/wp-json\/wp\/v2\/product_cat?post=348315"},{"taxonomy":"product_tag","embeddable":true,"href":"https:\/\/www.moskito.cz\/es\/wp-json\/wp\/v2\/product_tag?post=348315"}],"curies":[{"name":"wp","href":"https:\/\/api.w.org\/{rel}","templated":true}]}}