{"id":348327,"date":"2023-05-09T21:39:31","date_gmt":"2024-06-28T11:02:29","guid":{"rendered":"https:\/\/www.moskito.cz\/produkt\/cuchillo-de-cierre-kansept-knives-goblin-bronceado-titanio-k2016a4\/"},"modified":"2025-05-07T11:19:09","modified_gmt":"2025-05-07T10:19:09","slug":"cuchillo-de-cierre-kansept-knives-goblin-bronceado-titanio-k2016a4","status":"publish","type":"product","link":"https:\/\/www.moskito.cz\/es\/produkt\/cuchillo-de-cierre-kansept-knives-goblin-bronceado-titanio-k2016a4\/","title":{"rendered":"Cuchillo de cierre Kansept Knives Goblin Bronceado Titanio K2016A4"},"content":{"rendered":"<p>Cuchillo de cierre <strong>Kansept Knives<\/strong> Goblin Bronceado Titanio K2016A4<\/p>\n<p>El acero de hoja CPM-S35VN proporciona una hoja fuerte con una excelente retenci\u00f3n de los bordes.<br \/>\nEmpu\u00f1aduras de titanio biseladas con una br\u00fajula impresa para una superficie de agarre suave que se siente c\u00f3moda en el bolsillo o en la mano.<br \/>\nEl acero debajo de la hoja de 3\u00bb CPM-S35VN proporciona una hoja resistente con una excelente retenci\u00f3n de los bordes.<br \/>\nEl rodamiento de bolas de cer\u00e1mica ofrece una apertura suave.<br \/>\nESPECIFICACIONES<\/p>\n<p>Longitud total: 14,3 cm.<br \/>\nLongitud de la hoja: 5,56 cm<br \/>\nGrosor de la hoja: 3 mm<br \/>\nAcero de la hoja: CPM-S35VN<br \/>\nRectificado de la hoja: Rectificado plano<br \/>\nHoja: Lavada a la piedra<br \/>\nMango: Titanio<br \/>\nBloqueo de marco<br \/>\nDise\u00f1ador: Cuchillos nobles<\/p>\n","protected":false},"excerpt":{"rendered":"<div class=\"elementor-element elementor-element-bbb542b elementor-widget elementor-widget-woocommerce-product-short-description\" data-id=\"bbb542b\" data-element_type=\"widget\" data-widget_type=\"woocommerce-product-short-description.default\">\n<div class=\"elementor-widget-container\">\n<div class=\"woocommerce-product-details__short-description\">\n<p><strong>\u00abKansept\u00bb es una traducci\u00f3n del significado de \u00abconcepto\u00bb. Lo que nos diferencia de la multitud es nuestra capacidad de innovar. Como el dise\u00f1o de nuestro logo, que se basa en la imagen de ovnis viajando de espacio en espacio y saltando hacia el futuro.  <\/strong><\/p>\n<p><strong>Transporte gratuito.<\/strong><\/p>\n<\/div>\n<\/div>\n<\/div>\n<section class=\"elementor-section elementor-inner-section elementor-element elementor-element-ee51d4b elementor-section-boxed elementor-section-height-default elementor-section-height-default\" data-particle_enable=\"false\" data-particle-mobile-disabled=\"false\" data-id=\"ee51d4b\" data-element_type=\"section\">\n<div class=\"elementor-container elementor-column-gap-no\">\n<div class=\"elementor-column elementor-col-50 elementor-inner-column elementor-element elementor-element-2fbed19\" data-id=\"2fbed19\" data-element_type=\"column\">\n<div class=\"elementor-widget-wrap elementor-element-populated\">\n<div class=\"elementor-element elementor-element-0450112 elementor-widget elementor-widget-heading\" data-id=\"0450112\" data-element_type=\"widget\" data-widget_type=\"heading.default\">\n<div class=\"elementor-widget-container\"><\/div>\n<\/div>\n<\/div>\n<\/div>\n<\/div>\n<\/section>\n","protected":false},"featured_media":348328,"comment_status":"open","ping_status":"closed","template":"","meta":[],"pwb-brand":[3918],"product_brand":[],"product_cat":[3730,3726],"product_tag":[],"class_list":{"0":"post-348327","1":"product","2":"type-product","3":"status-publish","4":"has-post-thumbnail","6":"pwb-brand-cuchillos-kansept","7":"product_cat-cuchillas-de-cierre","8":"product_cat-cuchillos","10":"first","11":"instock","12":"taxable","13":"shipping-taxable","14":"purchasable","15":"product-type-simple"},"brands":[{"id":3918,"name":"Cuchillos Kansept","slug":"cuchillos-kansept"}],"_links":{"self":[{"href":"https:\/\/www.moskito.cz\/es\/wp-json\/wp\/v2\/product\/348327","targetHints":{"allow":["GET"]}}],"collection":[{"href":"https:\/\/www.moskito.cz\/es\/wp-json\/wp\/v2\/product"}],"about":[{"href":"https:\/\/www.moskito.cz\/es\/wp-json\/wp\/v2\/types\/product"}],"replies":[{"embeddable":true,"href":"https:\/\/www.moskito.cz\/es\/wp-json\/wp\/v2\/comments?post=348327"}],"wp:featuredmedia":[{"embeddable":true,"href":"https:\/\/www.moskito.cz\/es\/wp-json\/wp\/v2\/media\/348328"}],"wp:attachment":[{"href":"https:\/\/www.moskito.cz\/es\/wp-json\/wp\/v2\/media?parent=348327"}],"wp:term":[{"taxonomy":"pwb-brand","embeddable":true,"href":"https:\/\/www.moskito.cz\/es\/wp-json\/wp\/v2\/pwb-brand?post=348327"},{"taxonomy":"product_brand","embeddable":true,"href":"https:\/\/www.moskito.cz\/es\/wp-json\/wp\/v2\/product_brand?post=348327"},{"taxonomy":"product_cat","embeddable":true,"href":"https:\/\/www.moskito.cz\/es\/wp-json\/wp\/v2\/product_cat?post=348327"},{"taxonomy":"product_tag","embeddable":true,"href":"https:\/\/www.moskito.cz\/es\/wp-json\/wp\/v2\/product_tag?post=348327"}],"curies":[{"name":"wp","href":"https:\/\/api.w.org\/{rel}","templated":true}]}}