{"id":348370,"date":"2024-06-28T12:36:49","date_gmt":"2024-06-28T11:37:36","guid":{"rendered":"https:\/\/www.moskito.cz\/produkt\/cuchillo-damasco-macizo-muela-bw-6dam\/"},"modified":"2025-05-07T11:19:10","modified_gmt":"2025-05-07T10:19:10","slug":"cuchillo-damasco-macizo-muela-bw-6dam","status":"publish","type":"product","link":"https:\/\/www.moskito.cz\/es\/produkt\/cuchillo-damasco-macizo-muela-bw-6dam\/","title":{"rendered":"Cuchillo Damasco Macizo Muela BW-6DAM"},"content":{"rendered":"<p>Cuchillo Damasco Macizo <strong>Muela<\/strong> BW-6DAM.<\/p>\n<p>Cuchillo de caza art\u00edstico <strong>Muela<\/strong> Bowie con hoja de acero damasco de 7,5cm, mango de asta de ciervo y vaina de secuoya. Incluye estuche de piel marr\u00f3n y estuche de presentaci\u00f3n.<\/p>\n<p>El acero inoxidable de Damasco se produce utilizando dos tipos de acero pulvimetal\u00fargico (RWL34 y PMC27) y se une a 1150\u00b0C y 1000 atm\u00f3sferas de presi\u00f3n. Este proceso tambi\u00e9n crea un acero con el doble de resistencia al desgarro, resistencia a la fatiga, ductilidad y resistencia al impacto y resalta la belleza excepcional de su grabado.<\/p>\n<p>Longitud de la hoja: 7,5 cm<br \/>\nLongitud del mango: 9,5 cm<br \/>\nLongitud total: 17 cm<br \/>\nHoja: Acero damasco RWL34 (hojas de acero 576 RWL34 y PMC27)<br \/>\nDureza: 60\/62 HRc<br \/>\nMango: asta de ciervo con adornos de lat\u00f3n e incrustaciones de cuero y madera de coral.<br \/>\nFunda: cuero de primera calidad<br \/>\nPeso: 100 gramos<\/p>\n<p>&nbsp;<\/p>\n","protected":false},"excerpt":{"rendered":"<p><strong>Cuchillo de caza art\u00edstico Muela Bowie con hoja de acero damasco de 7,5cm, mango de asta de ciervo y vaina de secuoya. Incluye estuche de piel marr\u00f3n y estuche de presentaci\u00f3n.<\/strong><\/p>\n<p><strong>Transporte gratuito.<\/strong><\/p>\n","protected":false},"featured_media":348360,"comment_status":"open","ping_status":"closed","template":"","meta":[],"pwb-brand":[3908],"product_brand":[],"product_cat":[3726,3764],"product_tag":[],"class_list":{"0":"post-348370","1":"product","2":"type-product","3":"status-publish","4":"has-post-thumbnail","6":"pwb-brand-ella-tenia-que","7":"product_cat-cuchillos","8":"product_cat-cuchillos-damasquinados","10":"first","11":"instock","12":"taxable","13":"shipping-taxable","14":"purchasable","15":"product-type-simple"},"brands":[{"id":3908,"name":"Ella ten\u00eda que","slug":"ella-tenia-que"}],"_links":{"self":[{"href":"https:\/\/www.moskito.cz\/es\/wp-json\/wp\/v2\/product\/348370","targetHints":{"allow":["GET"]}}],"collection":[{"href":"https:\/\/www.moskito.cz\/es\/wp-json\/wp\/v2\/product"}],"about":[{"href":"https:\/\/www.moskito.cz\/es\/wp-json\/wp\/v2\/types\/product"}],"replies":[{"embeddable":true,"href":"https:\/\/www.moskito.cz\/es\/wp-json\/wp\/v2\/comments?post=348370"}],"wp:featuredmedia":[{"embeddable":true,"href":"https:\/\/www.moskito.cz\/es\/wp-json\/wp\/v2\/media\/348360"}],"wp:attachment":[{"href":"https:\/\/www.moskito.cz\/es\/wp-json\/wp\/v2\/media?parent=348370"}],"wp:term":[{"taxonomy":"pwb-brand","embeddable":true,"href":"https:\/\/www.moskito.cz\/es\/wp-json\/wp\/v2\/pwb-brand?post=348370"},{"taxonomy":"product_brand","embeddable":true,"href":"https:\/\/www.moskito.cz\/es\/wp-json\/wp\/v2\/product_brand?post=348370"},{"taxonomy":"product_cat","embeddable":true,"href":"https:\/\/www.moskito.cz\/es\/wp-json\/wp\/v2\/product_cat?post=348370"},{"taxonomy":"product_tag","embeddable":true,"href":"https:\/\/www.moskito.cz\/es\/wp-json\/wp\/v2\/product_tag?post=348370"}],"curies":[{"name":"wp","href":"https:\/\/api.w.org\/{rel}","templated":true}]}}