{"id":348418,"date":"2024-06-28T12:56:38","date_gmt":"2024-06-28T11:57:23","guid":{"rendered":"https:\/\/www.moskito.cz\/produkt\/cuchillo-fijo-muela-peccary-8m\/"},"modified":"2025-05-07T11:19:11","modified_gmt":"2025-05-07T10:19:11","slug":"cuchillo-fijo-muela-peccary-8m","status":"publish","type":"product","link":"https:\/\/www.moskito.cz\/es\/produkt\/cuchillo-fijo-muela-peccary-8m\/","title":{"rendered":"Cuchillo Fijo Muela PECCARY-8M"},"content":{"rendered":"<p>Cuchillo Fijo <strong>Muela<\/strong> PECCARY-8M.<\/p>\n<p><strong>PECCARY-8.M<\/strong> es un cuchillo de hoja fija y construcci\u00f3n de espiga completa con funda adaptada para colgar del cuello. Gracias a su excelente ergonom\u00eda, se adapta bien a la mano a pesar de sus reducidas dimensiones. El cuchillo perfecto para la autodefensa, utilizado por entusiastas del aire libre y la supervivencia. Ligero, fino, insustituible, con funda plana: \u00a1este cuchillo siempre estar\u00e1 contigo!<\/p>\n<p>Hoja &#8211; con perfil Drop Point y un espesor de 2,8 mm. Recubierto con una capa antirreflectante de acabado satinado (semimate). Hecho de acero inoxidable duradero de molibdeno-vanadio X50CrMoV15 endurecido en el rango de 57-58 HRC. La hoja se caracteriza por buenas propiedades mec\u00e1nicas y un afilado duradero. La hoja lisa (tipo Plain) fue hecha con un afilado plano (Flat Grind).<\/p>\n<p>El mango perfilado y recubierto con inserciones antideslizantes e impermeables de micarta negra garantiza un agarre seguro a pesar de sus peque\u00f1as dimensiones. En la parte posterior del mango se coloc\u00f3 una abertura ampliada para la l\u00ednea de paracord.<\/p>\n<p>El marco y los mangos estaban cubiertos con espaciadores decorativos de fibra de color rojo, a los que se fijaba la funda del mango.<\/p>\n<p>Funda: hecha de material Kydex, protege el cuchillo contra ca\u00eddas y humedad. Viene con un cord\u00f3n de paracord para colgar la funda del cuchillo alrededor del cuello.<\/p>\n<p>Especificaciones t\u00e9cnicas:<br \/>\nN\u00famero de producto: PECCARY-8M<\/p>\n<p>Tipo de acero: X50CrMoV15<br \/>\nLongitud de la hoja: 7 cm\/2,76&#8243;<br \/>\nGrosor de la hoja: 0,28 cm\/0,11&#8243;<br \/>\nLongitud total: 15,2 cm\/5,98&#8243;<br \/>\nPeso: 69 g\/2,43 oz<br \/>\nTipo de borde: Liso<br \/>\nTipo de hoja: Punto de ca\u00edda<br \/>\nTipo de corte: Plano<br \/>\nMaterial mango: Micarta Negra<br \/>\nFunda: Kydex<br \/>\nFabricante: Muela, Espa\u00f1a<\/p>\n<p>&nbsp;<\/p>\n<p>&nbsp;<\/p>\n","protected":false},"excerpt":{"rendered":"<p><strong>Este cuchillo vers\u00e1til, que comparte hoja con el cuchillo COLIBRI, ahora est\u00e1 disponible como un atractivo cuchillo para el cuello.<\/strong><\/p>\n<p><strong>Al igual que el pecar\u00ed, el animal que inspira su nombre es peque\u00f1o, resistente, din\u00e1mico, agresivo y robusto. Caracter\u00edsticas que lo hacen adecuado para una variedad de situaciones.<\/strong><\/p>\n<p>&nbsp;<\/p>\n","protected":false},"featured_media":348384,"comment_status":"open","ping_status":"closed","template":"","meta":[],"pwb-brand":[],"product_brand":[],"product_cat":[3726,3727],"product_tag":[],"class_list":{"0":"post-348418","1":"product","2":"type-product","3":"status-publish","4":"has-post-thumbnail","6":"product_cat-cuchillos","7":"product_cat-cuchillos-macizos","9":"first","10":"outofstock","11":"taxable","12":"shipping-taxable","13":"purchasable","14":"product-type-simple"},"brands":[],"_links":{"self":[{"href":"https:\/\/www.moskito.cz\/es\/wp-json\/wp\/v2\/product\/348418","targetHints":{"allow":["GET"]}}],"collection":[{"href":"https:\/\/www.moskito.cz\/es\/wp-json\/wp\/v2\/product"}],"about":[{"href":"https:\/\/www.moskito.cz\/es\/wp-json\/wp\/v2\/types\/product"}],"replies":[{"embeddable":true,"href":"https:\/\/www.moskito.cz\/es\/wp-json\/wp\/v2\/comments?post=348418"}],"wp:featuredmedia":[{"embeddable":true,"href":"https:\/\/www.moskito.cz\/es\/wp-json\/wp\/v2\/media\/348384"}],"wp:attachment":[{"href":"https:\/\/www.moskito.cz\/es\/wp-json\/wp\/v2\/media?parent=348418"}],"wp:term":[{"taxonomy":"pwb-brand","embeddable":true,"href":"https:\/\/www.moskito.cz\/es\/wp-json\/wp\/v2\/pwb-brand?post=348418"},{"taxonomy":"product_brand","embeddable":true,"href":"https:\/\/www.moskito.cz\/es\/wp-json\/wp\/v2\/product_brand?post=348418"},{"taxonomy":"product_cat","embeddable":true,"href":"https:\/\/www.moskito.cz\/es\/wp-json\/wp\/v2\/product_cat?post=348418"},{"taxonomy":"product_tag","embeddable":true,"href":"https:\/\/www.moskito.cz\/es\/wp-json\/wp\/v2\/product_tag?post=348418"}],"curies":[{"name":"wp","href":"https:\/\/api.w.org\/{rel}","templated":true}]}}