{"id":348466,"date":"2024-01-17T16:08:56","date_gmt":"2024-01-17T15:08:56","guid":{"rendered":"https:\/\/www.moskito.cz\/produkt\/cuchillo-setas-cierre-joker-jkr-32\/"},"modified":"2025-11-21T09:43:07","modified_gmt":"2025-11-21T08:43:07","slug":"cuchillo-setas-cierre-joker-jkr-32","status":"publish","type":"product","link":"https:\/\/www.moskito.cz\/es\/produkt\/cuchillo-setas-cierre-joker-jkr-32\/","title":{"rendered":"Cuchillo Setas Cierre Joker JKR 32"},"content":{"rendered":"<p>Cuchillo Setas Cierre <strong>Joker<\/strong> JKR 32<\/p>\n<p>El cuchillo de cierre tiene una longitud de hoja de 6 cm y su forma es ideal para bordear setas. La longitud total en estado abierto es de 19 cm.<\/p>\n<p>Al final del mango, el cuchillo est\u00e1 equipado con cerdas para eliminar la suciedad de la superficie de las setas. Tambi\u00e9n hay una cinta m\u00e9trica en la boca para medir la orientaci\u00f3n.<\/p>\n","protected":false},"excerpt":{"rendered":"<p><strong>Cuchillo Champi\u00f1\u00f3n Joker.<\/strong><\/p>\n","protected":false},"featured_media":348467,"comment_status":"open","ping_status":"closed","template":"","meta":[],"pwb-brand":[3875],"product_brand":[],"product_cat":[3730,3726],"product_tag":[],"class_list":{"0":"post-348466","1":"product","2":"type-product","3":"status-publish","4":"has-post-thumbnail","6":"pwb-brand-bufon","7":"product_cat-cuchillas-de-cierre","8":"product_cat-cuchillos","10":"first","11":"instock","12":"taxable","13":"shipping-taxable","14":"purchasable","15":"product-type-simple"},"brands":[{"id":3875,"name":"buf\u00f3n","slug":"bufon"}],"_links":{"self":[{"href":"https:\/\/www.moskito.cz\/es\/wp-json\/wp\/v2\/product\/348466","targetHints":{"allow":["GET"]}}],"collection":[{"href":"https:\/\/www.moskito.cz\/es\/wp-json\/wp\/v2\/product"}],"about":[{"href":"https:\/\/www.moskito.cz\/es\/wp-json\/wp\/v2\/types\/product"}],"replies":[{"embeddable":true,"href":"https:\/\/www.moskito.cz\/es\/wp-json\/wp\/v2\/comments?post=348466"}],"wp:featuredmedia":[{"embeddable":true,"href":"https:\/\/www.moskito.cz\/es\/wp-json\/wp\/v2\/media\/348467"}],"wp:attachment":[{"href":"https:\/\/www.moskito.cz\/es\/wp-json\/wp\/v2\/media?parent=348466"}],"wp:term":[{"taxonomy":"pwb-brand","embeddable":true,"href":"https:\/\/www.moskito.cz\/es\/wp-json\/wp\/v2\/pwb-brand?post=348466"},{"taxonomy":"product_brand","embeddable":true,"href":"https:\/\/www.moskito.cz\/es\/wp-json\/wp\/v2\/product_brand?post=348466"},{"taxonomy":"product_cat","embeddable":true,"href":"https:\/\/www.moskito.cz\/es\/wp-json\/wp\/v2\/product_cat?post=348466"},{"taxonomy":"product_tag","embeddable":true,"href":"https:\/\/www.moskito.cz\/es\/wp-json\/wp\/v2\/product_tag?post=348466"}],"curies":[{"name":"wp","href":"https:\/\/api.w.org\/{rel}","templated":true}]}}