{"id":348561,"date":"2024-07-02T13:46:33","date_gmt":"2024-07-02T12:47:59","guid":{"rendered":"https:\/\/www.moskito.cz\/produkt\/cuchillo-fijo-muela-peccary-8-o\/"},"modified":"2025-05-07T11:19:18","modified_gmt":"2025-05-07T10:19:18","slug":"cuchillo-fijo-muela-peccary-8-o","status":"publish","type":"product","link":"https:\/\/www.moskito.cz\/es\/produkt\/cuchillo-fijo-muela-peccary-8-o\/","title":{"rendered":"Cuchillo Fijo Muela PECCARY-8.O"},"content":{"rendered":"<p>Cuchillo Fijo <strong>Muela<\/strong> PECCARY-8.O<\/p>\n<p>Muela es actualmente una de las empresas m\u00e1s s\u00f3lidas en el sector de los cuchillos de caza artesanales en Espa\u00f1a y el resto del mundo, y sus cuchillos y navajas gozan de gran prestigio por su calidad superior.<\/p>\n<p>El cuchillo Muela Peccary es ideal para el uso diario ya que se puede llevar colgado del cuello. A pesar de su peque\u00f1o tama\u00f1o, es muy duradero, din\u00e1mico, agresivo y robusto. Chapa de acero MoVa. Mango fabricado en micarta. Incluye: &#8211; Orificio para cord\u00f3n. -Funda Kydex -Cord\u00f3n Paracord (550 lbs).<\/p>\n<p>CARACTER\u00cdSTICAS DEL CUCHILLO:<\/p>\n<p>Longitud total: 15,5 cm\/6,10 pulgadas<\/p>\n<p>Longitud de la hoja: 7,0 cm\/2,75 pulgadas<\/p>\n<p>Tipo de acero: MoVa<\/p>\n<p>Modelo: Recto<\/p>\n<p>Superficie: Sat\u00e9n<\/p>\n<p>Tipo de molienda: Suave<\/p>\n<p>Longitud del mango: 8,5 cm\/3,34 pulgadas<\/p>\n<p>Material del mango: Lona<\/p>\n<p>Color del mango: Negro<\/p>\n<p>Peso: 70 gramos.<\/p>\n<p>Caso: Kydex Pa\u00eds de origen: Espa\u00f1a<\/p>\n<p>&nbsp;<\/p>\n","protected":false},"excerpt":{"rendered":"<p>El cuchillo Muela Peccary es ideal para el uso diario ya que se puede llevar colgado del cuello. A pesar de su peque\u00f1o tama\u00f1o, es muy duradero, din\u00e1mico, agresivo y robusto.<\/p>\n","protected":false},"featured_media":348544,"comment_status":"open","ping_status":"closed","template":"","meta":[],"pwb-brand":[3908],"product_brand":[],"product_cat":[3726,3727],"product_tag":[3756],"class_list":{"0":"post-348561","1":"product","2":"type-product","3":"status-publish","4":"has-post-thumbnail","6":"pwb-brand-ella-tenia-que","7":"product_cat-cuchillos","8":"product_cat-cuchillos-macizos","9":"product_tag-b2b-es","11":"first","12":"instock","13":"taxable","14":"shipping-taxable","15":"purchasable","16":"product-type-simple"},"brands":[{"id":3908,"name":"Ella ten\u00eda que","slug":"ella-tenia-que"}],"_links":{"self":[{"href":"https:\/\/www.moskito.cz\/es\/wp-json\/wp\/v2\/product\/348561","targetHints":{"allow":["GET"]}}],"collection":[{"href":"https:\/\/www.moskito.cz\/es\/wp-json\/wp\/v2\/product"}],"about":[{"href":"https:\/\/www.moskito.cz\/es\/wp-json\/wp\/v2\/types\/product"}],"replies":[{"embeddable":true,"href":"https:\/\/www.moskito.cz\/es\/wp-json\/wp\/v2\/comments?post=348561"}],"wp:featuredmedia":[{"embeddable":true,"href":"https:\/\/www.moskito.cz\/es\/wp-json\/wp\/v2\/media\/348544"}],"wp:attachment":[{"href":"https:\/\/www.moskito.cz\/es\/wp-json\/wp\/v2\/media?parent=348561"}],"wp:term":[{"taxonomy":"pwb-brand","embeddable":true,"href":"https:\/\/www.moskito.cz\/es\/wp-json\/wp\/v2\/pwb-brand?post=348561"},{"taxonomy":"product_brand","embeddable":true,"href":"https:\/\/www.moskito.cz\/es\/wp-json\/wp\/v2\/product_brand?post=348561"},{"taxonomy":"product_cat","embeddable":true,"href":"https:\/\/www.moskito.cz\/es\/wp-json\/wp\/v2\/product_cat?post=348561"},{"taxonomy":"product_tag","embeddable":true,"href":"https:\/\/www.moskito.cz\/es\/wp-json\/wp\/v2\/product_tag?post=348561"}],"curies":[{"name":"wp","href":"https:\/\/api.w.org\/{rel}","templated":true}]}}