{"id":348626,"date":"2024-07-02T14:21:25","date_gmt":"2024-07-02T13:23:01","guid":{"rendered":"https:\/\/www.moskito.cz\/produkt\/cuchillo-cierre-con-estuche-muela-bx-8gm\/"},"modified":"2025-05-07T11:19:21","modified_gmt":"2025-05-07T10:19:21","slug":"cuchillo-cierre-con-estuche-muela-bx-8gm","status":"publish","type":"product","link":"https:\/\/www.moskito.cz\/es\/produkt\/cuchillo-cierre-con-estuche-muela-bx-8gm\/","title":{"rendered":"Cuchillo Cierre con Estuche Muela BX-8GM"},"content":{"rendered":"<p>Navaja Cerradora con Estuche <strong>Muela<\/strong> BX-8GM.<\/p>\n<p>Navaja Muela BX8GM, cachas de micarta negra, dorso de seguridad, herrajes de acero gris, funda de nylon.<\/p>\n<p>Un cuchillo de cierre de la empresa espa\u00f1ola Muela con una forma cl\u00e1sica, pero con un concepto moderno. Encontrar\u00e1 aplicaci\u00f3n en turismo, acampada y acampada, pero sin duda tambi\u00e9n ser\u00e1 utilizado por cazadores y cazadores. Tiene un tama\u00f1o y peso agradables y es muy c\u00f3modo para trabajar.<\/p>\n<p>Navaja Muela con hoja de acero 440C de 8,5 cm. Empu\u00f1adura de micarta negra y casquillo TiNi con cerradura. Una navaja ligera y compacta que podr\u00e1s llevar siempre en el bolsillo. Materiales: Hoja: Acero 440C Mango: Mikarta negra Adornos: TiNi Dimensiones: Largo de la hoja: 85 mm. Longitud del mango: 100 mm. Longitud total: 185 mm. Peso: 120 gramos.<\/p>\n<p>&nbsp;<\/p>\n","protected":false},"excerpt":{"rendered":"<p><strong>Navaja Muela BX8GM, cachas de micarta negra, dorso de seguridad, herrajes de acero gris, funda de nylon.<\/strong><\/p>\n","protected":false},"featured_media":348608,"comment_status":"open","ping_status":"closed","template":"","meta":[],"pwb-brand":[3908],"product_brand":[],"product_cat":[3730,3726],"product_tag":[3756],"class_list":{"0":"post-348626","1":"product","2":"type-product","3":"status-publish","4":"has-post-thumbnail","6":"pwb-brand-ella-tenia-que","7":"product_cat-cuchillas-de-cierre","8":"product_cat-cuchillos","9":"product_tag-b2b-es","11":"first","12":"instock","13":"taxable","14":"shipping-taxable","15":"purchasable","16":"product-type-simple"},"brands":[{"id":3908,"name":"Ella ten\u00eda que","slug":"ella-tenia-que"}],"_links":{"self":[{"href":"https:\/\/www.moskito.cz\/es\/wp-json\/wp\/v2\/product\/348626","targetHints":{"allow":["GET"]}}],"collection":[{"href":"https:\/\/www.moskito.cz\/es\/wp-json\/wp\/v2\/product"}],"about":[{"href":"https:\/\/www.moskito.cz\/es\/wp-json\/wp\/v2\/types\/product"}],"replies":[{"embeddable":true,"href":"https:\/\/www.moskito.cz\/es\/wp-json\/wp\/v2\/comments?post=348626"}],"wp:featuredmedia":[{"embeddable":true,"href":"https:\/\/www.moskito.cz\/es\/wp-json\/wp\/v2\/media\/348608"}],"wp:attachment":[{"href":"https:\/\/www.moskito.cz\/es\/wp-json\/wp\/v2\/media?parent=348626"}],"wp:term":[{"taxonomy":"pwb-brand","embeddable":true,"href":"https:\/\/www.moskito.cz\/es\/wp-json\/wp\/v2\/pwb-brand?post=348626"},{"taxonomy":"product_brand","embeddable":true,"href":"https:\/\/www.moskito.cz\/es\/wp-json\/wp\/v2\/product_brand?post=348626"},{"taxonomy":"product_cat","embeddable":true,"href":"https:\/\/www.moskito.cz\/es\/wp-json\/wp\/v2\/product_cat?post=348626"},{"taxonomy":"product_tag","embeddable":true,"href":"https:\/\/www.moskito.cz\/es\/wp-json\/wp\/v2\/product_tag?post=348626"}],"curies":[{"name":"wp","href":"https:\/\/api.w.org\/{rel}","templated":true}]}}