{"id":348710,"date":"2024-07-02T14:58:40","date_gmt":"2024-07-02T14:11:26","guid":{"rendered":"https:\/\/www.moskito.cz\/produkt\/cuchillo-cerrador-muela-10-m\/"},"modified":"2025-05-07T11:19:26","modified_gmt":"2025-05-07T10:19:26","slug":"cuchillo-cerrador-muela-10-m","status":"publish","type":"product","link":"https:\/\/www.moskito.cz\/es\/produkt\/cuchillo-cerrador-muela-10-m\/","title":{"rendered":"Cuchillo Cerrador Muela 10-M"},"content":{"rendered":"<p>Cuchillo Cerrador <strong>Muela<\/strong> 10-M.<\/p>\n<p>Una navaja plegable de la reconocida firma espa\u00f1ola Muela, perfecta para todos aquellos a los que les gusta un aspecto tradicional, combinado con materiales de primera calidad y un acabado de primer\u00edsima calidad.<\/p>\n<p>Tiene una hoja lisa de acero molibdeno vanadio con acabado gris satinado, se abre manualmente y se asegura mediante un Backlock.<\/p>\n<p>El mango est\u00e1 hecho de una combinaci\u00f3n de lat\u00f3n y madera, para un dise\u00f1o est\u00e9tico. Con agujero para cord\u00f3n.<\/p>\n<p>Longitud total: 22 cm<br \/>\nLongitud de la hoja: 10,5 cm<br \/>\nPeso: 200 gramos<br \/>\nMaterial de la hoja: molibdeno vanadio<br \/>\nMaterial del mango: madera<br \/>\nSeguridad: Bloqueo trasero<\/p>\n","protected":false},"excerpt":{"rendered":"<p><strong>Una navaja plegable de la reconocida firma espa\u00f1ola Muela, perfecta para todo aquel que le guste el look tradicional.<\/strong><\/p>\n","protected":false},"featured_media":348709,"comment_status":"open","ping_status":"closed","template":"","meta":[],"pwb-brand":[3908],"product_brand":[],"product_cat":[3730,3726],"product_tag":[3756],"class_list":{"0":"post-348710","1":"product","2":"type-product","3":"status-publish","4":"has-post-thumbnail","6":"pwb-brand-ella-tenia-que","7":"product_cat-cuchillas-de-cierre","8":"product_cat-cuchillos","9":"product_tag-b2b-es","11":"first","12":"outofstock","13":"taxable","14":"shipping-taxable","15":"purchasable","16":"product-type-simple"},"brands":[{"id":3908,"name":"Ella ten\u00eda que","slug":"ella-tenia-que"}],"_links":{"self":[{"href":"https:\/\/www.moskito.cz\/es\/wp-json\/wp\/v2\/product\/348710","targetHints":{"allow":["GET"]}}],"collection":[{"href":"https:\/\/www.moskito.cz\/es\/wp-json\/wp\/v2\/product"}],"about":[{"href":"https:\/\/www.moskito.cz\/es\/wp-json\/wp\/v2\/types\/product"}],"replies":[{"embeddable":true,"href":"https:\/\/www.moskito.cz\/es\/wp-json\/wp\/v2\/comments?post=348710"}],"wp:featuredmedia":[{"embeddable":true,"href":"https:\/\/www.moskito.cz\/es\/wp-json\/wp\/v2\/media\/348709"}],"wp:attachment":[{"href":"https:\/\/www.moskito.cz\/es\/wp-json\/wp\/v2\/media?parent=348710"}],"wp:term":[{"taxonomy":"pwb-brand","embeddable":true,"href":"https:\/\/www.moskito.cz\/es\/wp-json\/wp\/v2\/pwb-brand?post=348710"},{"taxonomy":"product_brand","embeddable":true,"href":"https:\/\/www.moskito.cz\/es\/wp-json\/wp\/v2\/product_brand?post=348710"},{"taxonomy":"product_cat","embeddable":true,"href":"https:\/\/www.moskito.cz\/es\/wp-json\/wp\/v2\/product_cat?post=348710"},{"taxonomy":"product_tag","embeddable":true,"href":"https:\/\/www.moskito.cz\/es\/wp-json\/wp\/v2\/product_tag?post=348710"}],"curies":[{"name":"wp","href":"https:\/\/api.w.org\/{rel}","templated":true}]}}