{"id":348717,"date":"2022-10-18T20:51:40","date_gmt":"2024-07-02T14:24:15","guid":{"rendered":"https:\/\/www.moskito.cz\/produkt\/heretic-knives-manticore-s-h025-8a-cuchillo-de-tiro\/"},"modified":"2025-05-07T11:19:27","modified_gmt":"2025-05-07T10:19:27","slug":"heretic-knives-manticore-s-h025-8a-cuchillo-de-tiro","status":"publish","type":"product","link":"https:\/\/www.moskito.cz\/es\/produkt\/heretic-knives-manticore-s-h025-8a-cuchillo-de-tiro\/","title":{"rendered":"Heretic Knives Manticore S H025-8A Cuchillo de tiro"},"content":{"rendered":"<p>Cuchillo de tiro <strong>Heretic Knives<\/strong> Manticore S H025-8A.<\/p>\n<p>El Manticore S es la oferta OTF m\u00e1s peque\u00f1a de Heretic Knives en la serie Manticore. Este cuchillo est\u00e1 fabricado y ensamblado 100% en los EE. UU. y est\u00e1 respaldado por una garant\u00eda de por vida, por lo que puede estar seguro de que este OTF durar\u00e1. Cuenta con un disparo suave como la seda y un retroceso con una sola mano que es est\u00e1ndar en la gama Manticore. La variante S es una navaja compacta, con orificio para cord\u00f3n integrado, rompevidrios de acero endurecido y clip profundo. Su perfil delgado y peso liviano lo hacen f\u00e1cil de transportar y est\u00e1 listo en cualquier momento. La acci\u00f3n es adictiva, la ergonom\u00eda es excelente y la calidad de construcci\u00f3n es de primera. \u00a1\u00a1Usted no ser\u00e1 decepcionado!!<\/p>\n<p>Longitud de la hoja: 6,2 cm<br \/>\nLongitud total: 16,2 cm<br \/>\nMaterial de la hoja: Elmax<br \/>\nMolienda de la hoja: plana<br \/>\nMaterial del mango: aluminio negro<br \/>\nGrosor del mango: 0,33&#8243;<br \/>\nMecanismo de bloqueo: Deslizante<br \/>\nClip de bolsillo: Deep Carry de acero inoxidable (plegable, derecho)<br \/>\nPeso: 1,8 onzas.<br \/>\nDise\u00f1ador: Tony Marfione Jr.<br \/>\nHecho en EE.UU<\/p>\n","protected":false},"excerpt":{"rendered":"<p>Todos nuestros cuchillos est\u00e1n fabricados en los EE. UU. y lo mantendremos as\u00ed. Cuando compra uno de nuestros cuchillos, puede confiar en su herramienta sabiendo que est\u00e1 respaldada por una empresa estadounidense. Nuestros cuchillos se fabrican en peque\u00f1os lotes para garantizar que obtenga un cuchillo de calidad al que no se le preste la atenci\u00f3n que no reciben otros cuchillos producidos en masa.<\/p>\n<p><strong>Transporte gratuito.<\/strong><\/p>\n","protected":false},"featured_media":348718,"comment_status":"open","ping_status":"closed","template":"","meta":[],"pwb-brand":[3757],"product_brand":[],"product_cat":[3726,3729],"product_tag":[],"class_list":{"0":"post-348717","1":"product","2":"type-product","3":"status-publish","4":"has-post-thumbnail","6":"pwb-brand-cuchillos-herejes","7":"product_cat-cuchillos","8":"product_cat-cuchillos-de-tiro","10":"first","11":"instock","12":"taxable","13":"shipping-taxable","14":"purchasable","15":"product-type-simple"},"brands":[{"id":3757,"name":"Cuchillos herejes","slug":"cuchillos-herejes"}],"_links":{"self":[{"href":"https:\/\/www.moskito.cz\/es\/wp-json\/wp\/v2\/product\/348717","targetHints":{"allow":["GET"]}}],"collection":[{"href":"https:\/\/www.moskito.cz\/es\/wp-json\/wp\/v2\/product"}],"about":[{"href":"https:\/\/www.moskito.cz\/es\/wp-json\/wp\/v2\/types\/product"}],"replies":[{"embeddable":true,"href":"https:\/\/www.moskito.cz\/es\/wp-json\/wp\/v2\/comments?post=348717"}],"wp:featuredmedia":[{"embeddable":true,"href":"https:\/\/www.moskito.cz\/es\/wp-json\/wp\/v2\/media\/348718"}],"wp:attachment":[{"href":"https:\/\/www.moskito.cz\/es\/wp-json\/wp\/v2\/media?parent=348717"}],"wp:term":[{"taxonomy":"pwb-brand","embeddable":true,"href":"https:\/\/www.moskito.cz\/es\/wp-json\/wp\/v2\/pwb-brand?post=348717"},{"taxonomy":"product_brand","embeddable":true,"href":"https:\/\/www.moskito.cz\/es\/wp-json\/wp\/v2\/product_brand?post=348717"},{"taxonomy":"product_cat","embeddable":true,"href":"https:\/\/www.moskito.cz\/es\/wp-json\/wp\/v2\/product_cat?post=348717"},{"taxonomy":"product_tag","embeddable":true,"href":"https:\/\/www.moskito.cz\/es\/wp-json\/wp\/v2\/product_tag?post=348717"}],"curies":[{"name":"wp","href":"https:\/\/api.w.org\/{rel}","templated":true}]}}