{"id":348742,"date":"2022-10-23T12:52:20","date_gmt":"2024-07-02T14:30:33","guid":{"rendered":"https:\/\/www.moskito.cz\/produkt\/cuchillo-fijo-heretic-knives-sleight-modular-push-dagger-battleworn-black-h050-8a-brkorg\/"},"modified":"2025-05-07T11:19:28","modified_gmt":"2025-05-07T10:19:28","slug":"cuchillo-fijo-heretic-knives-sleight-modular-push-dagger-battleworn-black-h050-8a-brkorg","status":"publish","type":"product","link":"https:\/\/www.moskito.cz\/es\/produkt\/cuchillo-fijo-heretic-knives-sleight-modular-push-dagger-battleworn-black-h050-8a-brkorg\/","title":{"rendered":"Cuchillo fijo HERETIC KNIVES Sleight Modular Push Dagger Battleworn Black H050-8A-BRKORG"},"content":{"rendered":"<p>Cuchillo fijo <strong>HERETIC KNIVES<\/strong> Sleight Modular Push Dagger Battleworn Black H050-8A-BRKORG.<\/p>\n<p>Presentamos Heretic Sleight, la primera daga de empuje modular de Tony Jr. El Sleight viene de serie con una hoja de doble filo est\u00e1ndar con rectificado de cincel (CPM-20CV) con una longitud de hoja de 6,57 cm. Viene con una longitud total de 13,5 cm, un grosor de 0,862 cm y 3,2 onzas sin la chaqueta. El Sleight es modular, simplemente retire los tres tornillos T8 y cambie la hoja por el mango de un cuchillo Sleight (se vende por separado) o c\u00e1mbielo por otro accesorio Sleight. Asegurado por Tek-Lok, tenga la seguridad de que su Sleight permanecer\u00e1 intacto sin importar c\u00f3mo elija llevarlo.<\/p>\n<p>Especificaciones<br \/>\nLongitud de la hoja: 7.375 cm<br \/>\nLongitud total: 13,5 cm.<br \/>\nMaterial de la hoja: CPM-20CV Acero inoxidable<br \/>\nGrosor de la hoja: 0,862 cm.<br \/>\nEstilo de hoja: Daga de doble filo<br \/>\nRectificado de la hoja: Plano<br \/>\nAcabado de la hoja: Negro desgastado por la batalla<br \/>\nMaterial del mango: innovador aluminio anodizado naranja 6061-T6<br \/>\nGrosor del mango: 0,862 cm.<br \/>\nMaterial de la funda: Kydex<br \/>\nPeso: 3,2 onzas.<br \/>\nPeso con estuche: 6.0 oz.<br \/>\nDise\u00f1ador: Tony Marfione Jr.<br \/>\nHecho en EE.UU<\/p>\n","protected":false},"excerpt":{"rendered":"<p>Todos nuestros cuchillos est\u00e1n fabricados en los EE. UU. y lo mantendremos as\u00ed. Cuando compra uno de nuestros cuchillos, puede confiar en su herramienta sabiendo que est\u00e1 respaldada por una empresa estadounidense. \u00a1Nuestros cuchillos se fabrican en peque\u00f1os lotes para garantizar que obtenga un cuchillo de calidad que reciba la atenci\u00f3n que otros cuchillos producidos en masa no reciben!<\/p>\n","protected":false},"featured_media":348743,"comment_status":"open","ping_status":"closed","template":"","meta":[],"pwb-brand":[],"product_brand":[],"product_cat":[3726,3727],"product_tag":[],"class_list":{"0":"post-348742","1":"product","2":"type-product","3":"status-publish","4":"has-post-thumbnail","6":"product_cat-cuchillos","7":"product_cat-cuchillos-macizos","9":"first","10":"instock","11":"taxable","12":"shipping-taxable","13":"purchasable","14":"product-type-simple"},"brands":[],"_links":{"self":[{"href":"https:\/\/www.moskito.cz\/es\/wp-json\/wp\/v2\/product\/348742","targetHints":{"allow":["GET"]}}],"collection":[{"href":"https:\/\/www.moskito.cz\/es\/wp-json\/wp\/v2\/product"}],"about":[{"href":"https:\/\/www.moskito.cz\/es\/wp-json\/wp\/v2\/types\/product"}],"replies":[{"embeddable":true,"href":"https:\/\/www.moskito.cz\/es\/wp-json\/wp\/v2\/comments?post=348742"}],"wp:featuredmedia":[{"embeddable":true,"href":"https:\/\/www.moskito.cz\/es\/wp-json\/wp\/v2\/media\/348743"}],"wp:attachment":[{"href":"https:\/\/www.moskito.cz\/es\/wp-json\/wp\/v2\/media?parent=348742"}],"wp:term":[{"taxonomy":"pwb-brand","embeddable":true,"href":"https:\/\/www.moskito.cz\/es\/wp-json\/wp\/v2\/pwb-brand?post=348742"},{"taxonomy":"product_brand","embeddable":true,"href":"https:\/\/www.moskito.cz\/es\/wp-json\/wp\/v2\/product_brand?post=348742"},{"taxonomy":"product_cat","embeddable":true,"href":"https:\/\/www.moskito.cz\/es\/wp-json\/wp\/v2\/product_cat?post=348742"},{"taxonomy":"product_tag","embeddable":true,"href":"https:\/\/www.moskito.cz\/es\/wp-json\/wp\/v2\/product_tag?post=348742"}],"curies":[{"name":"wp","href":"https:\/\/api.w.org\/{rel}","templated":true}]}}