{"id":348768,"date":"2023-08-10T17:40:07","date_gmt":"2024-07-02T18:54:42","guid":{"rendered":"https:\/\/www.moskito.cz\/produkt\/cuchillo-de-tiro-microtech-glykon-lavado-a-la-piedra-184-10\/"},"modified":"2025-05-07T11:19:29","modified_gmt":"2025-05-07T10:19:29","slug":"cuchillo-de-tiro-microtech-glykon-lavado-a-la-piedra-184-10","status":"publish","type":"product","link":"https:\/\/www.moskito.cz\/es\/produkt\/cuchillo-de-tiro-microtech-glykon-lavado-a-la-piedra-184-10\/","title":{"rendered":"Cuchillo de tiro Microtech Glykon lavado a la piedra 184-10"},"content":{"rendered":"<p>Cuchillo de tiro <strong>Microtech<\/strong> Glykon lavado a la piedra 184-10<\/p>\n<p>Glykon, que lleva el nombre del antiguo dios serpiente griego, es el primer Microtech con un bot\u00f3n de tres lados. Esto lo convierte en un OTF de alimentaci\u00f3n superior, as\u00ed como en un modelo de disparo lateral que es totalmente ambidiestro. Todo lo que tienes que hacer es cambiar el clip de bolsillo al otro lado con una punta Torx enorme y listo. Es uno de los pocos Microtech que utiliza un dise\u00f1o de tornillo Torx para permitir modificaciones en casa. Tambi\u00e9n presenta detalles de titanio y superposiciones en el marco que se pueden quitar y modificar f\u00e1cilmente si eso es lo que te gusta. En constante innovaci\u00f3n, Microtech tiene un claro ganador: Glykon.<\/p>\n<p>Especificaciones<br \/>\nLongitud de la hoja: 9,37 cm<br \/>\nLargo cerrado: 13,12 cm<br \/>\nLongitud total: 22,5 cm.<br \/>\nAcero: M390<br \/>\nEstilo de hoja: bayoneta de doble filo combinado<br \/>\nRectificado de la hoja: Plano<br \/>\nTratamiento superficial de la hoja: Stonewash<br \/>\nMaterial del mango: aluminio negro 6061-T6 con revestimientos de titanio<br \/>\nGrosor del mango: 1,25 cm.<br \/>\nMecanismo de bloqueo: Tri-Slide<br \/>\nClip de bolsillo: Titanio (plegable)<br \/>\nPeso: 5,01 onzas<br \/>\nDise\u00f1adores: Tony y Sean Marfione<br \/>\nHecho en EE.UU<\/p>\n<p><iframe title=\"Microtech Combat Troodon Torture Test\" width=\"800\" height=\"450\" src=\"https:\/\/www.youtube.com\/embed\/xE9TeOFYEjg?feature=oembed\" frameborder=\"0\" allow=\"accelerometer; autoplay; clipboard-write; encrypted-media; gyroscope; picture-in-picture; web-share\" referrerpolicy=\"strict-origin-when-cross-origin\" allowfullscreen><\/iframe><\/p>\n<p>&nbsp;<\/p>\n","protected":false},"excerpt":{"rendered":"<p><strong>A lo largo de los a\u00f1os, Microtech\u00ae Knives ha llenado los cuchillos con pasi\u00f3n y habilidad para crear casi obras de arte que son el pin\u00e1culo de la funcionalidad. Todas las piezas se fabrican en los EE. UU.<\/strong><br \/>\n<strong>Todos los cuchillos Microtech vienen con una garant\u00eda de por vida.<\/strong><\/p>\n<p><strong>Transporte gratuito.<\/strong><\/p>\n","protected":false},"featured_media":348770,"comment_status":"open","ping_status":"closed","template":"","meta":[],"pwb-brand":[3752],"product_brand":[],"product_cat":[3726,3729],"product_tag":[3756],"class_list":{"0":"post-348768","1":"product","2":"type-product","3":"status-publish","4":"has-post-thumbnail","6":"pwb-brand-microtecnologia","7":"product_cat-cuchillos","8":"product_cat-cuchillos-de-tiro","9":"product_tag-b2b-es","11":"first","12":"outofstock","13":"taxable","14":"shipping-taxable","15":"purchasable","16":"product-type-simple"},"brands":[{"id":3752,"name":"microtecnolog\u00eda","slug":"microtecnologia"}],"_links":{"self":[{"href":"https:\/\/www.moskito.cz\/es\/wp-json\/wp\/v2\/product\/348768","targetHints":{"allow":["GET"]}}],"collection":[{"href":"https:\/\/www.moskito.cz\/es\/wp-json\/wp\/v2\/product"}],"about":[{"href":"https:\/\/www.moskito.cz\/es\/wp-json\/wp\/v2\/types\/product"}],"replies":[{"embeddable":true,"href":"https:\/\/www.moskito.cz\/es\/wp-json\/wp\/v2\/comments?post=348768"}],"wp:featuredmedia":[{"embeddable":true,"href":"https:\/\/www.moskito.cz\/es\/wp-json\/wp\/v2\/media\/348770"}],"wp:attachment":[{"href":"https:\/\/www.moskito.cz\/es\/wp-json\/wp\/v2\/media?parent=348768"}],"wp:term":[{"taxonomy":"pwb-brand","embeddable":true,"href":"https:\/\/www.moskito.cz\/es\/wp-json\/wp\/v2\/pwb-brand?post=348768"},{"taxonomy":"product_brand","embeddable":true,"href":"https:\/\/www.moskito.cz\/es\/wp-json\/wp\/v2\/product_brand?post=348768"},{"taxonomy":"product_cat","embeddable":true,"href":"https:\/\/www.moskito.cz\/es\/wp-json\/wp\/v2\/product_cat?post=348768"},{"taxonomy":"product_tag","embeddable":true,"href":"https:\/\/www.moskito.cz\/es\/wp-json\/wp\/v2\/product_tag?post=348768"}],"curies":[{"name":"wp","href":"https:\/\/api.w.org\/{rel}","templated":true}]}}