{"id":348900,"date":"2024-07-03T12:42:31","date_gmt":"2024-07-03T11:43:50","guid":{"rendered":"https:\/\/www.moskito.cz\/produkt\/cuchillo-fijo-muela-col-7a\/"},"modified":"2025-05-07T11:19:32","modified_gmt":"2025-05-07T10:19:32","slug":"cuchillo-fijo-muela-col-7a","status":"publish","type":"product","link":"https:\/\/www.moskito.cz\/es\/produkt\/cuchillo-fijo-muela-col-7a\/","title":{"rendered":"Cuchillo Fijo Muela COL-7A"},"content":{"rendered":"<p>Cuchillo Fijo <strong>Muela<\/strong> COL-7A.<\/p>\n<p><strong>COL-7A<\/strong> &#8211; Cuchillo de caza <strong>COLIBRI<\/strong> de serie cl\u00e1sica con construcci\u00f3n de espiga completa, empresa espa\u00f1ola Muela. Elaborado artesanalmente, ideal para coleccionistas, entusiastas de la caza, personas que aprecian un estilo de vida activo. Fabricado en acero MoVa molibdeno vanadio.<\/p>\n<p>Hoja &#8211; con perfil Drop Point, espesor 2,9 mm, con buenas propiedades mec\u00e1nicas y enfoque largo. Hecho de acero duradero molibdeno-vanadio X50CrMoV15. Endurecido en el rango de 57-58 HRC. La hoja lisa (tipo liso) se obtuvo con un afilado plano c\u00f3ncavo (grind hueco). El acabado Satin Finish (semimate) elimina los reflejos. En la base de la hoja, una guarda de lat\u00f3n protege la mano.<\/p>\n<p>Mango perfilado que proporciona un agarre perfecto durante el trabajo. Azulejos marrones recubiertos con asta de ciervo natural (ciervo). Apoyo. Refuerzos y remaches de lat\u00f3n con alto contenido de n\u00edquel. En la parte posterior del mango hay un orificio para sujetar una correa y un cord\u00f3n de seguridad.<\/p>\n<p>Estuche &#8211; extendido, protege la hoja con parte del mango. Fabricada en piel natural de color marr\u00f3n con logo de la empresa grabado. Los bordes de la funda estaban cosidos con hilo decorativo. La fijaci\u00f3n a un cintur\u00f3n o accesorio permite transportar el cuchillo en posici\u00f3n vertical.<\/p>\n<p>Especificaciones t\u00e9cnicas:<br \/>\nN\u00famero de producto: COL-7A<br \/>\nTipo de acero: X50CrMoV15<br \/>\nLongitud de la hoja: 7 cm\/2,76&#8243;<br \/>\nGrosor de la hoja: 0,29 cm\/0,11&#8243;<br \/>\nLongitud total: 15,5 cm\/6,1&#8243;<br \/>\nPeso: 87 g\/3,07 oz<br \/>\nTipo de borde: Liso<br \/>\nTipo de hoja: Punto de ca\u00edda<br \/>\nTipo de corte: C\u00f3ncavo<br \/>\nMaterial del mango: astas de ciervo.<br \/>\nVaina: Cuero<br \/>\nFabricante: Muela, Espa\u00f1a<\/p>\n<p>&nbsp;<\/p>\n<p>&nbsp;<\/p>\n","protected":false},"excerpt":{"rendered":"<p><strong>COL-7A &#8211; Cuchillo de caza COLIBRI de serie cl\u00e1sica con construcci\u00f3n de espiga completa, empresa espa\u00f1ola Muela. Elaborado artesanalmente, ideal para coleccionistas, entusiastas de la caza, personas que aprecian un estilo de vida activo.<\/strong><\/p>\n","protected":false},"featured_media":348871,"comment_status":"open","ping_status":"closed","template":"","meta":[],"pwb-brand":[3908],"product_brand":[],"product_cat":[3726,3727],"product_tag":[3756],"class_list":{"0":"post-348900","1":"product","2":"type-product","3":"status-publish","4":"has-post-thumbnail","6":"pwb-brand-ella-tenia-que","7":"product_cat-cuchillos","8":"product_cat-cuchillos-macizos","9":"product_tag-b2b-es","11":"first","12":"outofstock","13":"taxable","14":"shipping-taxable","15":"purchasable","16":"product-type-simple"},"brands":[{"id":3908,"name":"Ella ten\u00eda que","slug":"ella-tenia-que"}],"_links":{"self":[{"href":"https:\/\/www.moskito.cz\/es\/wp-json\/wp\/v2\/product\/348900","targetHints":{"allow":["GET"]}}],"collection":[{"href":"https:\/\/www.moskito.cz\/es\/wp-json\/wp\/v2\/product"}],"about":[{"href":"https:\/\/www.moskito.cz\/es\/wp-json\/wp\/v2\/types\/product"}],"replies":[{"embeddable":true,"href":"https:\/\/www.moskito.cz\/es\/wp-json\/wp\/v2\/comments?post=348900"}],"wp:featuredmedia":[{"embeddable":true,"href":"https:\/\/www.moskito.cz\/es\/wp-json\/wp\/v2\/media\/348871"}],"wp:attachment":[{"href":"https:\/\/www.moskito.cz\/es\/wp-json\/wp\/v2\/media?parent=348900"}],"wp:term":[{"taxonomy":"pwb-brand","embeddable":true,"href":"https:\/\/www.moskito.cz\/es\/wp-json\/wp\/v2\/pwb-brand?post=348900"},{"taxonomy":"product_brand","embeddable":true,"href":"https:\/\/www.moskito.cz\/es\/wp-json\/wp\/v2\/product_brand?post=348900"},{"taxonomy":"product_cat","embeddable":true,"href":"https:\/\/www.moskito.cz\/es\/wp-json\/wp\/v2\/product_cat?post=348900"},{"taxonomy":"product_tag","embeddable":true,"href":"https:\/\/www.moskito.cz\/es\/wp-json\/wp\/v2\/product_tag?post=348900"}],"curies":[{"name":"wp","href":"https:\/\/api.w.org\/{rel}","templated":true}]}}