{"id":348934,"date":"2024-07-03T13:26:41","date_gmt":"2024-07-03T12:28:16","guid":{"rendered":"https:\/\/www.moskito.cz\/produkt\/navaja-muela-plegable-con-estuche-k-9r-m\/"},"modified":"2024-07-03T13:28:16","modified_gmt":"2024-07-03T12:28:16","slug":"navaja-muela-plegable-con-estuche-k-9r-m","status":"publish","type":"product","link":"https:\/\/www.moskito.cz\/es\/produkt\/navaja-muela-plegable-con-estuche-k-9r-m\/","title":{"rendered":"Navaja Muela Plegable con Estuche K-9R.M"},"content":{"rendered":"<p>Navaja <strong>Muela<\/strong> Plegable con Estuche K-9R.M<\/p>\n<p><strong>Muela<\/strong> es una empresa espa\u00f1ola que produce cuchillos de caza, navajas, cuchillos de lujo y mucho m\u00e1s, asequibles y de alta calidad. En la producci\u00f3n de cuchillas, la empresa Muela utiliza diferentes tipos de acero, p.e. 12C27 Sandvik, 14C28N, aceros molibdeno-vanadio MOVA 60 con una dureza de 57-61 HRC, acero Inox 1-42 con una dureza de 54-58HRC. Las hojas marcadas con 440 est\u00e1n hechas de acero Mova-60E. Los cuchillos Muela Damasco son el resultado de la combinaci\u00f3n de dos aceros, RWL34 y MPC27, que tienen una dureza de 57-62 HRC. Los mangos de los cuchillos Muela est\u00e1n decorados con materiales de primera calidad, entre los que se incluyen asta y diferentes tipos de madera: olivo, Blackwood de \u00c1frica, Kingwood, cocobolo, Palosanto de Amazonas y madera de nogal.<\/p>\n<p>Navaja de bolsillo con hoja de 9 cm fabricada en acero 440C. Mango de madera prensada color coral con cerradura. Una navaja plegable ligera y compacta que podr\u00e1s tener siempre en el bolsillo. Materiales: Hoja: Acero 440C Mango: Madera prensada coral Dimensiones: Largo de la hoja: 90 mm. Peso: 45 gramos.<\/p>\n<p>&nbsp;<\/p>\n","protected":false},"excerpt":{"rendered":"<p><strong>Muela es una empresa espa\u00f1ola que produce cuchillos de caza, navajas, cuchillos de lujo y mucho m\u00e1s, asequibles y de alta calidad.<\/strong><\/p>\n","protected":false},"featured_media":348911,"comment_status":"open","ping_status":"closed","template":"","meta":[],"pwb-brand":[3908],"product_brand":[],"product_cat":[3730,3726],"product_tag":[3756],"class_list":{"0":"post-348934","1":"product","2":"type-product","3":"status-publish","4":"has-post-thumbnail","6":"pwb-brand-ella-tenia-que","7":"product_cat-cuchillas-de-cierre","8":"product_cat-cuchillos","9":"product_tag-b2b-es","11":"first","12":"outofstock","13":"taxable","14":"shipping-taxable","15":"purchasable","16":"product-type-simple"},"brands":[{"id":3908,"name":"Ella ten\u00eda que","slug":"ella-tenia-que"}],"_links":{"self":[{"href":"https:\/\/www.moskito.cz\/es\/wp-json\/wp\/v2\/product\/348934","targetHints":{"allow":["GET"]}}],"collection":[{"href":"https:\/\/www.moskito.cz\/es\/wp-json\/wp\/v2\/product"}],"about":[{"href":"https:\/\/www.moskito.cz\/es\/wp-json\/wp\/v2\/types\/product"}],"replies":[{"embeddable":true,"href":"https:\/\/www.moskito.cz\/es\/wp-json\/wp\/v2\/comments?post=348934"}],"wp:featuredmedia":[{"embeddable":true,"href":"https:\/\/www.moskito.cz\/es\/wp-json\/wp\/v2\/media\/348911"}],"wp:attachment":[{"href":"https:\/\/www.moskito.cz\/es\/wp-json\/wp\/v2\/media?parent=348934"}],"wp:term":[{"taxonomy":"pwb-brand","embeddable":true,"href":"https:\/\/www.moskito.cz\/es\/wp-json\/wp\/v2\/pwb-brand?post=348934"},{"taxonomy":"product_brand","embeddable":true,"href":"https:\/\/www.moskito.cz\/es\/wp-json\/wp\/v2\/product_brand?post=348934"},{"taxonomy":"product_cat","embeddable":true,"href":"https:\/\/www.moskito.cz\/es\/wp-json\/wp\/v2\/product_cat?post=348934"},{"taxonomy":"product_tag","embeddable":true,"href":"https:\/\/www.moskito.cz\/es\/wp-json\/wp\/v2\/product_tag?post=348934"}],"curies":[{"name":"wp","href":"https:\/\/api.w.org\/{rel}","templated":true}]}}