{"id":349061,"date":"2024-07-04T10:14:13","date_gmt":"2024-07-04T09:16:16","guid":{"rendered":"https:\/\/www.moskito.cz\/produkt\/navaja-muela-plegable-con-estuche-k-7r\/"},"modified":"2025-05-07T11:19:38","modified_gmt":"2025-05-07T10:19:38","slug":"navaja-muela-plegable-con-estuche-k-7r","status":"publish","type":"product","link":"https:\/\/www.moskito.cz\/es\/produkt\/navaja-muela-plegable-con-estuche-k-7r\/","title":{"rendered":"Navaja Muela Plegable con Estuche K-7R"},"content":{"rendered":"<p>Navaja <strong>Muela<\/strong> Plegable con Estuche K-7R.<\/p>\n<p>Si buscas un cuchillo EDC, el K-7R fabricado por Muela en Espa\u00f1a es perfecto para ti. Cuenta con una hoja de acero inoxidable 420. Los mangos son c\u00f3modos de sostener ya que son ergon\u00f3micos y est\u00e1n hechos de madera de coral prensada. Incluye funda de nailon.<\/p>\n<p>La hoja de este cuchillo est\u00e1 fabricada en acero inoxidable 420, un material con un alto contenido en cromo y carbono, lo que hace que su resistencia a la corrosi\u00f3n ser\u00e1 alta y la hoja se mantendr\u00e1 intacta durante mucho m\u00e1s tiempo.<\/p>\n<p>Este acero se utiliza para cubiertos dise\u00f1ados para trabajos que requieren dureza y robustez, por lo que se adapta perfectamente a este modelo dise\u00f1ado para todo tipo de actividades marinas y de monta\u00f1a en materiales duros.<\/p>\n<p>La composici\u00f3n espec\u00edfica de este tipo de acero es 0,49% carbono, 13-14% cromo, 0,50% manganeso y 0,50% silicio. Adem\u00e1s tiene una dureza de 52 HRC seg\u00fan la escala Rockwell.<\/p>\n<p>Una de las cosas que podemos destacar de esta navaja es su sistema de bloqueo de hoja Back Lock, que evita su apertura o cierre accidental durante su uso.<\/p>\n<p>Otra ventaja de este mecanismo de bloqueo es que es muy seguro y f\u00e1cil de utilizar, por lo que el tiempo de uso se reduce al m\u00ednimo. Adem\u00e1s, no requiere mantenimiento adicional.<\/p>\n<p>El material utilizado en el mango de la muela K-7R es madera prensada. Este tipo de material se compone de diferentes capas de este tipo de material natural ensambladas mediante un proceso de resina epoxi de alta presi\u00f3n.<\/p>\n<p>La madera tambi\u00e9n se caracteriza por su dureza y resistencia a la corrosi\u00f3n, temperaturas extremas, alta humedad relativa y golpes.<\/p>\n<p>La empresa Muela incorpor\u00f3 a este modelo una funda de nailon de color negro de alta calidad. El usuario podr\u00e1 as\u00ed transportar el cuchillo de una forma m\u00e1s sencilla y c\u00f3moda. Adem\u00e1s, estar\u00e1 protegido ante posibles impactos y rayones.<\/p>\n<p>Longitud total: 16,2 cm<br \/>\nLongitud de la hoja: 7 cm<br \/>\nGrosor de la hoja:-<br \/>\nTipo de acero: 420<br \/>\nTipo de bloqueo: Bloqueo trasero<br \/>\nApertura: manual<br \/>\nClip: No<br \/>\nDureza del acero: 58 HRC<br \/>\nEstilo de hoja: Punto de ca\u00edda<br \/>\nTipo vac\u00edo: recto<br \/>\nTratamiento superficial de la hoja: satinado.<br \/>\nTipo de borde: liso<br \/>\nLongitud del mango: 9,2 cm<br \/>\nMaterial del mango: Madera prensada de coral<br \/>\nColor del mango: Marr\u00f3n<br \/>\nPeso: 50g<br \/>\nPa\u00eds de origen: Espa\u00f1a<\/p>\n<p>&nbsp;<\/p>\n<p>&nbsp;<\/p>\n","protected":false},"excerpt":{"rendered":"<p><strong>Si buscas un cuchillo EDC, el K-7R fabricado por Muela en Espa\u00f1a es perfecto para ti.<\/strong><\/p>\n","protected":false},"featured_media":349050,"comment_status":"open","ping_status":"closed","template":"","meta":[],"pwb-brand":[3908],"product_brand":[],"product_cat":[3730,3726],"product_tag":[3756],"class_list":{"0":"post-349061","1":"product","2":"type-product","3":"status-publish","4":"has-post-thumbnail","6":"pwb-brand-ella-tenia-que","7":"product_cat-cuchillas-de-cierre","8":"product_cat-cuchillos","9":"product_tag-b2b-es","11":"first","12":"instock","13":"taxable","14":"shipping-taxable","15":"purchasable","16":"product-type-simple"},"brands":[{"id":3908,"name":"Ella ten\u00eda que","slug":"ella-tenia-que"}],"_links":{"self":[{"href":"https:\/\/www.moskito.cz\/es\/wp-json\/wp\/v2\/product\/349061","targetHints":{"allow":["GET"]}}],"collection":[{"href":"https:\/\/www.moskito.cz\/es\/wp-json\/wp\/v2\/product"}],"about":[{"href":"https:\/\/www.moskito.cz\/es\/wp-json\/wp\/v2\/types\/product"}],"replies":[{"embeddable":true,"href":"https:\/\/www.moskito.cz\/es\/wp-json\/wp\/v2\/comments?post=349061"}],"wp:featuredmedia":[{"embeddable":true,"href":"https:\/\/www.moskito.cz\/es\/wp-json\/wp\/v2\/media\/349050"}],"wp:attachment":[{"href":"https:\/\/www.moskito.cz\/es\/wp-json\/wp\/v2\/media?parent=349061"}],"wp:term":[{"taxonomy":"pwb-brand","embeddable":true,"href":"https:\/\/www.moskito.cz\/es\/wp-json\/wp\/v2\/pwb-brand?post=349061"},{"taxonomy":"product_brand","embeddable":true,"href":"https:\/\/www.moskito.cz\/es\/wp-json\/wp\/v2\/product_brand?post=349061"},{"taxonomy":"product_cat","embeddable":true,"href":"https:\/\/www.moskito.cz\/es\/wp-json\/wp\/v2\/product_cat?post=349061"},{"taxonomy":"product_tag","embeddable":true,"href":"https:\/\/www.moskito.cz\/es\/wp-json\/wp\/v2\/product_tag?post=349061"}],"curies":[{"name":"wp","href":"https:\/\/api.w.org\/{rel}","templated":true}]}}