{"id":349193,"date":"2024-07-04T13:13:37","date_gmt":"2024-07-04T12:17:09","guid":{"rendered":"https:\/\/www.moskito.cz\/produkt\/cuchillo-cerrador-muela-panzer-10n\/"},"modified":"2025-05-07T11:19:40","modified_gmt":"2025-05-07T10:19:40","slug":"cuchillo-cerrador-muela-panzer-10n","status":"publish","type":"product","link":"https:\/\/www.moskito.cz\/es\/produkt\/cuchillo-cerrador-muela-panzer-10n\/","title":{"rendered":"Cuchillo Cerrador Muela PANZER-10N"},"content":{"rendered":"<p>Cuchillo Cerrador <strong>Muela<\/strong> PANZER-10N<\/p>\n<p><strong>PANZER-10N<\/strong> Black PTB\/Fiberglass, Black PTFE cuchillo EDC vers\u00e1til y con todas las funciones que querr\u00e1s llevar contigo en todo momento. El mango ergon\u00f3mico bien pensado y la rampa contorneada para el pulgar proporcionan un agarre seguro para todo tipo de corte. El Thumb Stud en ambos lados y el r\u00e1pido flipper te permiten abrir din\u00e1micamente la hoja de dos maneras.<\/p>\n<p>X60CrMoV15 (MoVa 60): acero inoxidable martens\u00edtico de molibdeno-vanadio con alto contenido de carbono con un mayor contenido de carbono que el acero 1.4116 (X50CrMoV15). Altamente resistente a la corrosi\u00f3n y al desgaste. Se utiliza en la fabricaci\u00f3n de cuchillos, cubiertos de \u00faltima generaci\u00f3n e instrumentos quir\u00fargicos. Se caracteriza por una dureza relativamente alta para los aceros inoxidables de 57-58 HRC. La composici\u00f3n qu\u00edmica del acero se enriquece con un dopado de 15,0% cromo (Cr), 0,80% molibdeno (Mo), 0,20% vanadio (V).<\/p>\n<p>PTFE negro: ampliamente utilizado en la industria de recubrimientos, el politetrafluoroetileno es un producto ultrafino y de bajo peso molecular procesado mediante un proceso especial. Se caracteriza por una excelente resistencia qu\u00edmica y a la intemperie y a la temperatura, estabilidad t\u00e9rmica, no pegajosidad, aislamiento el\u00e9ctrico, resistencia al fuego y autolubricaci\u00f3n. Gracias al uso de politetrafluoroetileno como material de recubrimiento de la hoja, se reduce la fricci\u00f3n durante su uso, reduciendo la necesidad de fuerza en todo tipo de trabajos. Las hojas recubiertas de PTFE proporcionaron una fuerza promedio un 22 % menor y una fuerza m\u00e1xima un 26 % menor en comparaci\u00f3n con las hojas recubiertas de cromo.<\/p>\n<p>Hoja: tipo Drop Point, espesor 3,6 mm, recubierta con enmascaramiento de rayones y capa de PTFE antirreflectante. La hoja se fabric\u00f3 con un afilado c\u00f3ncavo (rectificado hueco), una hoja lisa (lisa) proporciona buenas propiedades de corte. La hoja est\u00e1 cubierta con un revestimiento de PTFE antirreflectante de color negro mate resistente a los ara\u00f1azos. El perno de doble cara en los lados del perno del pulgar y de la aleta permite una apertura r\u00e1pida del cuchillo. Tipo de bloqueo Liner-Lock.<\/p>\n<p>Mango: negro, ergon\u00f3mico, perfilado debajo de los dedos. Recubierto con almohadillas texturizadas de pol\u00edmero PTB reforzado con fibras de vidrio, garantiza un agarre seguro incluso con las manos mojadas. El mango Spine Jimping aumenta la comodidad y el agarre. El cuchillo est\u00e1 equipado con un clip torx de metal s\u00f3lido montado en un tornillo Torx, que permite transportar el cuchillo en una posici\u00f3n apuntando hacia abajo (punta hacia abajo). En la parte trasera del mango se coloc\u00f3 un hueco para permitir la instalaci\u00f3n de un cable de seguridad.<\/p>\n<p>Especificaciones t\u00e9cnicas:<br \/>\nN\u00famero de producto: PANZER-10N<\/p>\n<p>Longitud total: 22,60 cm\/8,9&#8243;<br \/>\nLongitud de la hoja: 10 cm\/3,94&#8243;<br \/>\nGrosor de la hoja: 0,36 cm\/0,14&#8243;<br \/>\nPeso: 174,0 g\/6,14 oz<\/p>\n<p>Material de la hoja: X60CrMoV15<br \/>\nDureza de la hoja: 57-58 HRc<br \/>\nRectificado de cuchillas: hueca<br \/>\nTratamiento superficial de la hoja: PTFE<\/p>\n<p>Material mango: Pol\u00edmero PTB reforzado con fibras de vidrio (PTB + Fibra de Vidrio)<br \/>\nColor del acabado del mango: Negro<\/p>\n<p>Clip: derecha, inclinada hacia abajo<br \/>\nMaterial del clip: Acero inoxidable<\/p>\n<p>Mecanismo de bloqueo: Liner Lock<br \/>\nM\u00e9todo de apertura: Manual, aleta, orificio para el pulgar<br \/>\nOtros accesorios: Ninguno<\/p>\n<p>Dise\u00f1ador: Muela<br \/>\nNombre de la marca: Muela<br \/>\nFabricante: Manufacturas Muela, SA<br \/>\nPa\u00eds de origen: Espa\u00f1a<\/p>\n<p>&nbsp;<\/p>\n","protected":false},"excerpt":{"rendered":"<p><strong>PANZER-10N Black PTB\/Fiberglass, Black PTFE cuchillo EDC vers\u00e1til y con todas las funciones que querr\u00e1s llevar contigo en todo momento.<\/strong><\/p>\n","protected":false},"featured_media":349173,"comment_status":"open","ping_status":"closed","template":"","meta":[],"pwb-brand":[3908],"product_brand":[],"product_cat":[3730,3726],"product_tag":[3756],"class_list":{"0":"post-349193","1":"product","2":"type-product","3":"status-publish","4":"has-post-thumbnail","6":"pwb-brand-ella-tenia-que","7":"product_cat-cuchillas-de-cierre","8":"product_cat-cuchillos","9":"product_tag-b2b-es","11":"first","12":"instock","13":"taxable","14":"shipping-taxable","15":"purchasable","16":"product-type-simple"},"brands":[{"id":3908,"name":"Ella ten\u00eda que","slug":"ella-tenia-que"}],"_links":{"self":[{"href":"https:\/\/www.moskito.cz\/es\/wp-json\/wp\/v2\/product\/349193","targetHints":{"allow":["GET"]}}],"collection":[{"href":"https:\/\/www.moskito.cz\/es\/wp-json\/wp\/v2\/product"}],"about":[{"href":"https:\/\/www.moskito.cz\/es\/wp-json\/wp\/v2\/types\/product"}],"replies":[{"embeddable":true,"href":"https:\/\/www.moskito.cz\/es\/wp-json\/wp\/v2\/comments?post=349193"}],"wp:featuredmedia":[{"embeddable":true,"href":"https:\/\/www.moskito.cz\/es\/wp-json\/wp\/v2\/media\/349173"}],"wp:attachment":[{"href":"https:\/\/www.moskito.cz\/es\/wp-json\/wp\/v2\/media?parent=349193"}],"wp:term":[{"taxonomy":"pwb-brand","embeddable":true,"href":"https:\/\/www.moskito.cz\/es\/wp-json\/wp\/v2\/pwb-brand?post=349193"},{"taxonomy":"product_brand","embeddable":true,"href":"https:\/\/www.moskito.cz\/es\/wp-json\/wp\/v2\/product_brand?post=349193"},{"taxonomy":"product_cat","embeddable":true,"href":"https:\/\/www.moskito.cz\/es\/wp-json\/wp\/v2\/product_cat?post=349193"},{"taxonomy":"product_tag","embeddable":true,"href":"https:\/\/www.moskito.cz\/es\/wp-json\/wp\/v2\/product_tag?post=349193"}],"curies":[{"name":"wp","href":"https:\/\/api.w.org\/{rel}","templated":true}]}}