{"id":349329,"date":"2024-07-04T14:53:16","date_gmt":"2024-07-04T13:54:26","guid":{"rendered":"https:\/\/www.moskito.cz\/produkt\/cuchillo-cerrador-muela-con-estuche-zx-8co\/"},"modified":"2025-05-07T11:19:45","modified_gmt":"2025-05-07T10:19:45","slug":"cuchillo-cerrador-muela-con-estuche-zx-8co","status":"publish","type":"product","link":"https:\/\/www.moskito.cz\/es\/produkt\/cuchillo-cerrador-muela-con-estuche-zx-8co\/","title":{"rendered":"Cuchillo Cerrador Muela con Estuche ZX-8CO"},"content":{"rendered":"<p>Cuchillo Cerrador <strong>Muela<\/strong> con Estuche ZX-8CO<\/p>\n<p>Fabricado por la empresa espa\u00f1ola <strong>Muela<\/strong> . Navaja de bolsillo con hoja fabricada en acero 440C, material conocido por su alta resistencia a la corrosi\u00f3n, su durabilidad y su capacidad de mantener el filo durante mucho tiempo. Gracias a la hoja de 8,50 cm de largo, es adecuado para diversas tareas de caza y supervivencia. El mango est\u00e1 hecho de madera de cocobolo, una madera ex\u00f3tica de Centroam\u00e9rica que es apreciada por su dureza, durabilidad y apariencia atractiva con vetas naturales marrones y rojas, adem\u00e1s ofrece un agarre c\u00f3modo. Tiene un cierre de bloqueo que lo hace m\u00e1s seguro. La picadora ZX-8CO es vers\u00e1til y se puede utilizar para una variedad de tareas de caza, como desollar, cortar carne y preparar alimentos. Para mantener el cuchillo en \u00f3ptimas condiciones es recomendable limpiarlo y secarlo despu\u00e9s de cada uso, aunque el acero 440C es resistente a la corrosi\u00f3n, para una protecci\u00f3n extra se recomienda aplicar una fina capa de aceite a la hoja. Materiales: &#8211; Hoja: Acero 440C &#8211; Mango: Madera de Cocobolo Dimensiones: &#8211; Largo de la hoja: 8,50 cm. &#8211; Peso: 90 gr.<\/p>\n<p>marca muela<br \/>\nAcero usado acero 440C<br \/>\nMaterial del mango madera de cocobolo<br \/>\nLongitud de la hoja: 8,5 cm<br \/>\nPeso: 90 gr.<br \/>\nDureza de la hoja 60 HRC<\/p>\n<p>&nbsp;<\/p>\n","protected":false},"excerpt":{"rendered":"<p><strong>Producida por la empresa espa\u00f1ola Muela. Navaja de bolsillo con hoja fabricada en acero 440C, material conocido por su alta resistencia a la corrosi\u00f3n, su durabilidad y su capacidad de mantener el filo durante mucho tiempo. Gracias a la hoja de 8,50 cm de largo, es adecuado para diversas tareas de caza y supervivencia.<\/strong><\/p>\n","protected":false},"featured_media":349328,"comment_status":"open","ping_status":"closed","template":"","meta":[],"pwb-brand":[3908],"product_brand":[],"product_cat":[3730,3726],"product_tag":[3756],"class_list":{"0":"post-349329","1":"product","2":"type-product","3":"status-publish","4":"has-post-thumbnail","6":"pwb-brand-ella-tenia-que","7":"product_cat-cuchillas-de-cierre","8":"product_cat-cuchillos","9":"product_tag-b2b-es","11":"first","12":"instock","13":"taxable","14":"shipping-taxable","15":"purchasable","16":"product-type-simple"},"brands":[{"id":3908,"name":"Ella ten\u00eda que","slug":"ella-tenia-que"}],"_links":{"self":[{"href":"https:\/\/www.moskito.cz\/es\/wp-json\/wp\/v2\/product\/349329","targetHints":{"allow":["GET"]}}],"collection":[{"href":"https:\/\/www.moskito.cz\/es\/wp-json\/wp\/v2\/product"}],"about":[{"href":"https:\/\/www.moskito.cz\/es\/wp-json\/wp\/v2\/types\/product"}],"replies":[{"embeddable":true,"href":"https:\/\/www.moskito.cz\/es\/wp-json\/wp\/v2\/comments?post=349329"}],"wp:featuredmedia":[{"embeddable":true,"href":"https:\/\/www.moskito.cz\/es\/wp-json\/wp\/v2\/media\/349328"}],"wp:attachment":[{"href":"https:\/\/www.moskito.cz\/es\/wp-json\/wp\/v2\/media?parent=349329"}],"wp:term":[{"taxonomy":"pwb-brand","embeddable":true,"href":"https:\/\/www.moskito.cz\/es\/wp-json\/wp\/v2\/pwb-brand?post=349329"},{"taxonomy":"product_brand","embeddable":true,"href":"https:\/\/www.moskito.cz\/es\/wp-json\/wp\/v2\/product_brand?post=349329"},{"taxonomy":"product_cat","embeddable":true,"href":"https:\/\/www.moskito.cz\/es\/wp-json\/wp\/v2\/product_cat?post=349329"},{"taxonomy":"product_tag","embeddable":true,"href":"https:\/\/www.moskito.cz\/es\/wp-json\/wp\/v2\/product_tag?post=349329"}],"curies":[{"name":"wp","href":"https:\/\/api.w.org\/{rel}","templated":true}]}}