{"id":349353,"date":"2024-07-04T15:03:36","date_gmt":"2024-07-04T18:55:52","guid":{"rendered":"https:\/\/www.moskito.cz\/produkt\/cuchillo-cerrador-muela-con-estuche-bx-8gr\/"},"modified":"2025-05-07T11:19:47","modified_gmt":"2025-05-07T10:19:47","slug":"cuchillo-cerrador-muela-con-estuche-bx-8gr","status":"publish","type":"product","link":"https:\/\/www.moskito.cz\/es\/produkt\/cuchillo-cerrador-muela-con-estuche-bx-8gr\/","title":{"rendered":"Cuchillo Cerrador Muela con Estuche BX-8GR"},"content":{"rendered":"<p>Cuchillo Cerrador <strong>Muela<\/strong> con Estuche BX-8GR<\/p>\n<p><strong>Muela<\/strong> es una f\u00e1brica de cuchillos y navajas en Ciudad Real (Espa\u00f1a) y est\u00e1 formada por dos empresas: Manufacturas Muela, SA y Comercial Muela, SA Comercial Muela fue fundada en 1985, su base principal son los cuchillos deportivos. Actualmente es la primera empresa de navajas deportivas de nuestro pa\u00eds y un referente internacional imprescindible en el sector, sus cuchillos y navajas son muy valorados por su gran calidad y belleza.<\/p>\n<p>Navaja Muela con hoja de acero 440C de 8,5 cm. Mango de madera prensada color coral y casquillo TiNi con ret\u00e9n. Una navaja ligera y compacta que podr\u00e1s llevar siempre en el bolsillo. Materiales: Hoja: Acero 440C Mango: Madera prensada de coral Adornos: TiNi Dimensiones: Largo de la hoja: 85 mm. Longitud del mango: 100 mm. Longitud total: 185 mm. Peso: 120 gramos.<\/p>\n<p>&nbsp;<\/p>\n","protected":false},"excerpt":{"rendered":"<p><strong>Muela es una f\u00e1brica de cuchillos y navajas en Ciudad Real (Espa\u00f1a) y est\u00e1 formada por dos empresas: Manufacturas Muela, SA y Comercial Muela, SA Comercial Muela fue fundada en 1985, su base principal son los cuchillos deportivos.<\/strong><\/p>\n","protected":false},"featured_media":349344,"comment_status":"open","ping_status":"closed","template":"","meta":[],"pwb-brand":[3908],"product_brand":[],"product_cat":[3730,3726],"product_tag":[3756],"class_list":{"0":"post-349353","1":"product","2":"type-product","3":"status-publish","4":"has-post-thumbnail","6":"pwb-brand-ella-tenia-que","7":"product_cat-cuchillas-de-cierre","8":"product_cat-cuchillos","9":"product_tag-b2b-es","11":"first","12":"instock","13":"taxable","14":"shipping-taxable","15":"purchasable","16":"product-type-simple"},"brands":[{"id":3908,"name":"Ella ten\u00eda que","slug":"ella-tenia-que"}],"_links":{"self":[{"href":"https:\/\/www.moskito.cz\/es\/wp-json\/wp\/v2\/product\/349353","targetHints":{"allow":["GET"]}}],"collection":[{"href":"https:\/\/www.moskito.cz\/es\/wp-json\/wp\/v2\/product"}],"about":[{"href":"https:\/\/www.moskito.cz\/es\/wp-json\/wp\/v2\/types\/product"}],"replies":[{"embeddable":true,"href":"https:\/\/www.moskito.cz\/es\/wp-json\/wp\/v2\/comments?post=349353"}],"wp:featuredmedia":[{"embeddable":true,"href":"https:\/\/www.moskito.cz\/es\/wp-json\/wp\/v2\/media\/349344"}],"wp:attachment":[{"href":"https:\/\/www.moskito.cz\/es\/wp-json\/wp\/v2\/media?parent=349353"}],"wp:term":[{"taxonomy":"pwb-brand","embeddable":true,"href":"https:\/\/www.moskito.cz\/es\/wp-json\/wp\/v2\/pwb-brand?post=349353"},{"taxonomy":"product_brand","embeddable":true,"href":"https:\/\/www.moskito.cz\/es\/wp-json\/wp\/v2\/product_brand?post=349353"},{"taxonomy":"product_cat","embeddable":true,"href":"https:\/\/www.moskito.cz\/es\/wp-json\/wp\/v2\/product_cat?post=349353"},{"taxonomy":"product_tag","embeddable":true,"href":"https:\/\/www.moskito.cz\/es\/wp-json\/wp\/v2\/product_tag?post=349353"}],"curies":[{"name":"wp","href":"https:\/\/api.w.org\/{rel}","templated":true}]}}