{"id":349520,"date":"2021-03-24T21:23:24","date_gmt":"2024-07-04T19:36:49","guid":{"rendered":"https:\/\/www.moskito.cz\/produkt\/cuchillo-de-tiro-microtech-ultratech-bounty-hunter-apocalyptic-123-10bh\/"},"modified":"2025-07-11T07:53:57","modified_gmt":"2025-07-11T06:53:57","slug":"cuchillo-de-tiro-microtech-ultratech-bounty-hunter-apocalyptic-123-10bh","status":"publish","type":"product","link":"https:\/\/www.moskito.cz\/es\/produkt\/cuchillo-de-tiro-microtech-ultratech-bounty-hunter-apocalyptic-123-10bh\/","title":{"rendered":"Cuchillo de tiro Microtech Ultratech Bounty Hunter Apocalyptic 123-10BH"},"content":{"rendered":"<p>Cuchillo de tiro <strong>Microtech<\/strong> Ultratech Bounty Hunter Apocalyptic 123-10BH<\/p>\n<p>El Ultratech de <strong>Microtech<\/strong> es uno de sus modelos m\u00e1s populares y definitivamente ofrece la mayor rentabilidad. Siempre establecer\u00e1 el est\u00e1ndar para todos los cuchillos de tiro. <strong>El Ultratech<\/strong> es el cuchillo frontal de doble acci\u00f3n original de Microtech y fue la base de toda su l\u00ednea OTF. Ha sufrido varias modificaciones a lo largo de los a\u00f1os, volvi\u00e9ndose cada vez m\u00e1s eficiente y fiable. El resorte Ultratech permanece en posici\u00f3n de \u00abreposo\u00bb en todo momento, excepto cuando est\u00e1 estirado. Esto asegura que el resorte comprimido no se canse, asegurando a los usuarios que cuando se dispare el cuchillo, funcionar\u00e1 de manera efectiva. \u00a1El cuchillo Ultratech liviano con apertura y cierre con una sola mano, su forma delgada y su hoja de bistur\u00ed afilada lo convierten en un cuchillo \u00fanico!<\/p>\n<p>Este modelo de edici\u00f3n limitada de <strong>Star Wars Bounty Hunter<\/strong> presenta un mango desgastado por la batalla hecho de aluminio 6061-T6 anodizado verde desgastado y estilo Bounty Hunter. Hoja de acero inoxidable M390 bicolor con acabado apocal\u00edptico\/satinado y filo est\u00e1ndar. Herrajes rojos desgastados por la batalla y punta para romper vidrio. El clip de bolsillo tiene un acabado apocal\u00edptico y est\u00e1 marcado con el n\u00famero de serie, la fecha de fabricaci\u00f3n, BH para Bounty Hunter, el logotipo amarillo de Mandalorian Skull Star Wars y el logotipo de <strong>Microtech<\/strong> . <strong>Estos siempre se agotan r\u00e1pido, \u00a1no pierdas la oportunidad!<\/strong><\/p>\n<p>Longitud total: 22 cm<br \/>\nLongitud de la hoja: 8,6 cm<br \/>\nMaterial de la hoja: Bohler M390<br \/>\nEstilo de hoja: Tanto<br \/>\nInserciones: planas<br \/>\nTipo de borde: liso<br \/>\nMaterial del mango: aluminio<br \/>\nPeso: 3,60 onzas.<br \/>\nUsuario: mano derecha<br \/>\nClip de bolsillo: inclinado hacia abajo<br \/>\nTipo de cuchillo: OTF de doble acci\u00f3n autom\u00e1tico<br \/>\nAbridor: Diapositiva del pulgar<br \/>\nMarca: Microtech<br \/>\nModelo: Ultratech<br \/>\nN\u00famero de modelo: 123-10 BH<br \/>\nPa\u00eds de origen: EE.UU.<br \/>\nMejor uso: todos los d\u00edas<\/p>\n<div class=\"description\">\n<p>El Ultratech siempre establecer\u00e1 el est\u00e1ndar para todos los cuchillos innovadores. El Ultratech es el cuchillo frontal de doble acci\u00f3n original <strong>de Microtech<\/strong> y ha sido la base de toda su l\u00ednea OTF. A lo largo de los a\u00f1os, ha pasado por varias modificaciones, volvi\u00e9ndose cada vez m\u00e1s eficiente y confiable. Esta versi\u00f3n tiene la textura mejorada de triple agarre en la diapositiva del pulgar para una compra m\u00e1s positiva y un mango con acabado verde apocal\u00edptico con herrajes rojos, lo que le da a este modelo el nombre de Bounty Hunter, tambi\u00e9n conocido como Boba Fett. Tambi\u00e9n presenta un logotipo de mitosaurio muy atractivo en el clip de bolsillo, que era el s\u00edmbolo del cr\u00e1neo con colmillos de los verdaderos mandalorianos. El resorte del Ultratech permanece en posici\u00f3n \u00aben reposo\u00bb en todo momento, excepto cuando se despliega. Esto asegura que el resorte comprimido no se fatiga, asegurando a los usuarios que cuando se dispare el cuchillo, funcionar\u00e1 de manera efectiva. El peso liviano del Ultratech, la acci\u00f3n de abrir y cerrar con una sola mano, su forma delgada y su hoja afilada con punta de bistur\u00ed lo convierten en un cuchillo \u00fanico, solo disponible a trav\u00e9s de <strong>Microtech<\/strong> . Este cuchillo ha demostrado una y otra vez que puede resistir cualquier obst\u00e1culo y, en nuestra opini\u00f3n, este es el m\u00e1s deseable de la l\u00ednea de <strong>Ultratechs<\/strong> de Star Wars.<\/p>\n<div class=\"clearfix\"><\/div>\n<\/div>\n<div class=\"specifications\">\n<div class=\"features\">Especificaciones<br \/>\nApertura\/Cierre Autom\u00e1tico &#8211; Abridor Frontal<br \/>\nAcci\u00f3n: Acci\u00f3n dual: disparo\/retracci\u00f3n autom\u00e1tica<br \/>\nAcero de la hoja: acero inoxidable.<br \/>\nLongitud de la hoja: 3,46&#8243;<br \/>\nEstilo de hoja: Tanto de un solo filo<br \/>\nGrosor del mango: 0.640&#8243;<br \/>\nMaterial del mango: Aluminio 6061-T6 con anodizado de capa dura verde apocal\u00edptico Mil-Spec<br \/>\nLongitud cerrado: 4,84&#8243;<br \/>\nLongitud abierta: 8.30&#8243;<br \/>\nMaterial del clip de bolsillo: acero inoxidable 301.<br \/>\nTapa est\u00e1ndar: aleaci\u00f3n AL 6061-T6<br \/>\nGatillo: Acero inoxidable 303<br \/>\nRompedor de ventanas<br \/>\nHecho en los EE.UU.<\/div>\n<div class=\"specs\">\n<p>&nbsp;<\/p>\n<\/div>\n<\/div>\n","protected":false},"excerpt":{"rendered":"<p><strong>A lo largo de los a\u00f1os, Microtech\u00ae Knives ha llenado los cuchillos con pasi\u00f3n y habilidad para crear casi obras de arte que son el pin\u00e1culo de la funcionalidad. Todas las piezas se fabrican en los EE. UU.<\/strong><br \/>\n<strong>Todas las cuchillas Microtech est\u00e1n garantizadas de por vida (m\u00edn. 80.000 ciclos, apertura y cierre)<\/strong><\/p>\n<p><strong>Transporte gratuito.<\/strong><\/p>\n","protected":false},"featured_media":349521,"comment_status":"open","ping_status":"closed","template":"","meta":[],"pwb-brand":[3752],"product_brand":[],"product_cat":[3726,3729],"product_tag":[3756],"class_list":{"0":"post-349520","1":"product","2":"type-product","3":"status-publish","4":"has-post-thumbnail","6":"pwb-brand-microtecnologia","7":"product_cat-cuchillos","8":"product_cat-cuchillos-de-tiro","9":"product_tag-b2b-es","11":"first","12":"outofstock","13":"taxable","14":"shipping-taxable","15":"purchasable","16":"product-type-simple"},"brands":[{"id":3752,"name":"microtecnolog\u00eda","slug":"microtecnologia"}],"_links":{"self":[{"href":"https:\/\/www.moskito.cz\/es\/wp-json\/wp\/v2\/product\/349520","targetHints":{"allow":["GET"]}}],"collection":[{"href":"https:\/\/www.moskito.cz\/es\/wp-json\/wp\/v2\/product"}],"about":[{"href":"https:\/\/www.moskito.cz\/es\/wp-json\/wp\/v2\/types\/product"}],"replies":[{"embeddable":true,"href":"https:\/\/www.moskito.cz\/es\/wp-json\/wp\/v2\/comments?post=349520"}],"wp:featuredmedia":[{"embeddable":true,"href":"https:\/\/www.moskito.cz\/es\/wp-json\/wp\/v2\/media\/349521"}],"wp:attachment":[{"href":"https:\/\/www.moskito.cz\/es\/wp-json\/wp\/v2\/media?parent=349520"}],"wp:term":[{"taxonomy":"pwb-brand","embeddable":true,"href":"https:\/\/www.moskito.cz\/es\/wp-json\/wp\/v2\/pwb-brand?post=349520"},{"taxonomy":"product_brand","embeddable":true,"href":"https:\/\/www.moskito.cz\/es\/wp-json\/wp\/v2\/product_brand?post=349520"},{"taxonomy":"product_cat","embeddable":true,"href":"https:\/\/www.moskito.cz\/es\/wp-json\/wp\/v2\/product_cat?post=349520"},{"taxonomy":"product_tag","embeddable":true,"href":"https:\/\/www.moskito.cz\/es\/wp-json\/wp\/v2\/product_tag?post=349520"}],"curies":[{"name":"wp","href":"https:\/\/api.w.org\/{rel}","templated":true}]}}