{"id":349580,"date":"2023-05-04T21:12:14","date_gmt":"2024-07-04T19:38:13","guid":{"rendered":"https:\/\/www.moskito.cz\/produkt\/cuchillo-de-tiro-microtech-signature-series-mano-del-hombre-muerto-ultratech-bronce-apocaliptico-123-13dms\/"},"modified":"2025-05-07T11:19:53","modified_gmt":"2025-05-07T10:19:53","slug":"cuchillo-de-tiro-microtech-signature-series-mano-del-hombre-muerto-ultratech-bronce-apocaliptico-123-13dms","status":"publish","type":"product","link":"https:\/\/www.moskito.cz\/es\/produkt\/cuchillo-de-tiro-microtech-signature-series-mano-del-hombre-muerto-ultratech-bronce-apocaliptico-123-13dms\/","title":{"rendered":"Cuchillo de tiro Microtech Signature Series Mano del hombre muerto Ultratech Bronce Apocal\u00edptico 123-13DMS"},"content":{"rendered":"<p>Cuchillo de tiro <strong>Microtech<\/strong> Signature Series Mano del hombre muerto Ultratech Bronce Apocal\u00edptico 123-13DMS<\/p>\n<p>Un cl\u00e1sico <strong>de Microtech<\/strong> , el Ultratech ha sido el arquetipo de los aut\u00f3matas l\u00edderes desde sus inicios. Construido con la misma mec\u00e1nica probada, el resorte permanece quieto tanto en posici\u00f3n abierta como cerrada para reducir el desgaste. Con una potente apertura\/retracci\u00f3n autom\u00e1tica de la hoja al alcance de su mano y un bloqueo s\u00f3lido de la hoja, Ultratech de Microtech sigue siendo el est\u00e1ndar en el mundo autom\u00e1tico.<\/p>\n<p>Longitud total: 21,2 cm<br \/>\nLargo cerrado: 12,7 cm<br \/>\nLongitud de la hoja: 8,5 cm<br \/>\nGrosor de la hoja: 0,32 cm.<br \/>\nAcabado hoja: Bronce apocal\u00edptico<br \/>\nEstilo de hoja: Tanto<\/p>\n<p>Acero: M390<br \/>\nEstilo de borde: liso<br \/>\nMaterial del mango: aluminio negro<br \/>\nGrosor del mango: 0,12 cm.<br \/>\nClip de bolsillo: inclinado hacia abajo<br \/>\nPeso: 3,5 oz (99,23 g)<br \/>\nRef. del fabricante. #: 123-13DMS<br \/>\nPa\u00eds de origen: EE.UU.<\/p>\n<p><iframe title=\"Microtech Combat Troodon Torture Test\" width=\"800\" height=\"450\" src=\"https:\/\/www.youtube.com\/embed\/xE9TeOFYEjg?feature=oembed\" frameborder=\"0\" allow=\"accelerometer; autoplay; clipboard-write; encrypted-media; gyroscope; picture-in-picture; web-share\" referrerpolicy=\"strict-origin-when-cross-origin\" allowfullscreen><\/iframe><\/p>\n<p>&nbsp;<\/p>\n","protected":false},"excerpt":{"rendered":"<p>A lo largo de los a\u00f1os, Microtech\u00ae Knives ha llenado los cuchillos con pasi\u00f3n y habilidad para crear casi obras de arte que son el pin\u00e1culo de la funcionalidad. Todas las piezas se fabrican en los EE. UU.<br \/>\n<strong>Todas las cuchillas Microtech est\u00e1n garantizadas de por vida (m\u00edn. 80.000 ciclos, apertura y cierre)<\/strong><\/p>\n<p><strong>Transporte gratuito.<\/strong><\/p>\n","protected":false},"featured_media":349581,"comment_status":"open","ping_status":"closed","template":"","meta":[],"pwb-brand":[3752],"product_brand":[],"product_cat":[3726,3729],"product_tag":[3756],"class_list":{"0":"post-349580","1":"product","2":"type-product","3":"status-publish","4":"has-post-thumbnail","6":"pwb-brand-microtecnologia","7":"product_cat-cuchillos","8":"product_cat-cuchillos-de-tiro","9":"product_tag-b2b-es","11":"first","12":"instock","13":"taxable","14":"shipping-taxable","15":"purchasable","16":"product-type-simple"},"brands":[{"id":3752,"name":"microtecnolog\u00eda","slug":"microtecnologia"}],"_links":{"self":[{"href":"https:\/\/www.moskito.cz\/es\/wp-json\/wp\/v2\/product\/349580","targetHints":{"allow":["GET"]}}],"collection":[{"href":"https:\/\/www.moskito.cz\/es\/wp-json\/wp\/v2\/product"}],"about":[{"href":"https:\/\/www.moskito.cz\/es\/wp-json\/wp\/v2\/types\/product"}],"replies":[{"embeddable":true,"href":"https:\/\/www.moskito.cz\/es\/wp-json\/wp\/v2\/comments?post=349580"}],"wp:featuredmedia":[{"embeddable":true,"href":"https:\/\/www.moskito.cz\/es\/wp-json\/wp\/v2\/media\/349581"}],"wp:attachment":[{"href":"https:\/\/www.moskito.cz\/es\/wp-json\/wp\/v2\/media?parent=349580"}],"wp:term":[{"taxonomy":"pwb-brand","embeddable":true,"href":"https:\/\/www.moskito.cz\/es\/wp-json\/wp\/v2\/pwb-brand?post=349580"},{"taxonomy":"product_brand","embeddable":true,"href":"https:\/\/www.moskito.cz\/es\/wp-json\/wp\/v2\/product_brand?post=349580"},{"taxonomy":"product_cat","embeddable":true,"href":"https:\/\/www.moskito.cz\/es\/wp-json\/wp\/v2\/product_cat?post=349580"},{"taxonomy":"product_tag","embeddable":true,"href":"https:\/\/www.moskito.cz\/es\/wp-json\/wp\/v2\/product_tag?post=349580"}],"curies":[{"name":"wp","href":"https:\/\/api.w.org\/{rel}","templated":true}]}}