{"id":349648,"date":"2021-08-21T12:28:42","date_gmt":"2021-08-21T11:28:42","guid":{"rendered":"https:\/\/www.moskito.cz\/produkt\/cuchillo-de-tiro-microtech-ultratech-hoja-stonewash-123-12ap\/"},"modified":"2025-05-07T11:19:57","modified_gmt":"2025-05-07T10:19:57","slug":"cuchillo-de-tiro-microtech-ultratech-hoja-stonewash-123-12ap","status":"publish","type":"product","link":"https:\/\/www.moskito.cz\/es\/produkt\/cuchillo-de-tiro-microtech-ultratech-hoja-stonewash-123-12ap\/","title":{"rendered":"Cuchillo de Tiro Microtech Ultratech HOJA STONEWASH 123-12AP"},"content":{"rendered":"<p>Cuchillo de Tiro <strong>Microtech<\/strong> Ultratech HOJA STONEWASH 123-12AP.<\/p>\n<p>Un cuchillo de tiro desde el frente.<\/p>\n<p>El cuchillo de tiro Microtech Ultratech est\u00e1 equipado con una hoja con un filo dentado. Dispone de mango de aluminio moldeado fabricado en aluminio anodizado 6061-T6 y refuerzo de acero inoxidable.<\/p>\n<p>Microtech ha equipado esta versi\u00f3n del siempre popular cuchillo Ultratech D\/A OTF con un dise\u00f1o de mango contorneado suave que aumenta la comodidad de uso. Este modelo actualizado ofrece las mismas dimensiones, pero cabe m\u00e1s f\u00e1cilmente en la mano y el bolsillo.<\/p>\n<p>Para aquellos que no est\u00e1n familiarizados con Ultratech, es un cuchillo completamente autom\u00e1tico con un mecanismo dual en la parte frontal, lo que significa que la hoja se pliega y se retrae con el pulgar. El cuchillo Ultratech de Microtech estableci\u00f3 el list\u00f3n para todos los cuchillos OTF.<\/p>\n<p>Longitud total: 22 cm<br \/>\nLongitud de la hoja: 8,6 cm<br \/>\nGrosor de la hoja: 0,33 cm.<br \/>\nMaterial de la hoja: 204P<br \/>\nEstilo de hoja: Punto de ca\u00edda<br \/>\nInserciones: planas<br \/>\nMaterial del mango: aluminio<br \/>\nPeso: 3,60 onzas.<br \/>\nUsuario: mano derecha<br \/>\nClip de bolsillo: inclinado hacia abajo<br \/>\nTipo de cuchillo: OTF de doble acci\u00f3n autom\u00e1tico<br \/>\nAbridor: Diapositiva del pulgar<br \/>\nMarca: Microtech<br \/>\nModelo: Ultratech<br \/>\nPa\u00eds de origen: EE.UU.<br \/>\nMejor uso: todos los d\u00edas<\/p>\n<p>El Ultratech sin lugar a dudas ha sido el buque insignia de Microtech desde su lanzamiento en 1999. Recientemente ha pasado por un redise\u00f1o est\u00e9tico y las cr\u00edticas no han sido m\u00e1s que positivas. Si bien las dimensiones del Ultratech permanecen sin cambios, el mango ha recibido una revisi\u00f3n de \u00abtri-grip\u00bb que ofrece una seguridad de agarre exponencialmente mayor. Las mejoras adicionales incluyen hardware triangular, una corredera para el pulgar redise\u00f1ada y el rompecristales que ahora incluye un rodamiento de bolas ajustado a presi\u00f3n para una experiencia de usuario m\u00e1s c\u00f3moda, pero a\u00fan funcional. Cada navaja Microtech OTF tiene mecanismos internos extremadamente sofisticados que mejoran la funcionalidad operativa general y la confiabilidad. Este modelo, el 123-12AP, presenta un mango negro completo con herrajes est\u00e1ndar y una funci\u00f3n rompevidrios integrada junto con una hoja tanto, que est\u00e1 completamente dentada, en un acabado apocal\u00edptico lavado a la piedra. Fabricado en EE.UU.<\/p>\n<p>Nota: El material de la hoja est\u00e1 sujeto a cambios sin previo aviso.<\/p>\n<p>Especificaciones:<\/p>\n<p>Longitud de la hoja: 3.375&#8243;<br \/>\nLongitud total: 8.375&#8243;<br \/>\nMaterial de la hoja: Elmax<br \/>\nAcabado de la hoja: lavado a la piedra apocal\u00edptico<br \/>\nLongitud del mango: 5&#8243;<br \/>\nMaterial del mango: Aluminio 6061-T6<br \/>\nPeso: 3,2 onzas.<\/p>\n<p>&nbsp;<\/p>\n","protected":false},"excerpt":{"rendered":"<p>A lo largo de los a\u00f1os , Microtech\u00ae Knives ha llenado los cuchillos con pasi\u00f3n y habilidad para crear casi obras de arte que son el pin\u00e1culo de la funcionalidad. Todas las piezas se fabrican en los EE. UU.<br \/>\n<strong>Todos los cuchillos Microtech vienen con una garant\u00eda de por vida.<\/strong><\/p>\n<p><strong>Transporte gratuito.<\/strong><\/p>\n","protected":false},"featured_media":439768,"comment_status":"open","ping_status":"closed","template":"","meta":[],"pwb-brand":[3752],"product_brand":[],"product_cat":[3729,3726],"product_tag":[3756],"class_list":{"0":"post-349648","1":"product","2":"type-product","3":"status-publish","4":"has-post-thumbnail","6":"pwb-brand-microtecnologia","7":"product_cat-cuchillos-de-tiro","8":"product_cat-cuchillos","9":"product_tag-b2b-es","11":"first","12":"instock","13":"taxable","14":"shipping-taxable","15":"purchasable","16":"product-type-simple"},"brands":[{"id":3752,"name":"microtecnolog\u00eda","slug":"microtecnologia"}],"_links":{"self":[{"href":"https:\/\/www.moskito.cz\/es\/wp-json\/wp\/v2\/product\/349648","targetHints":{"allow":["GET"]}}],"collection":[{"href":"https:\/\/www.moskito.cz\/es\/wp-json\/wp\/v2\/product"}],"about":[{"href":"https:\/\/www.moskito.cz\/es\/wp-json\/wp\/v2\/types\/product"}],"replies":[{"embeddable":true,"href":"https:\/\/www.moskito.cz\/es\/wp-json\/wp\/v2\/comments?post=349648"}],"wp:featuredmedia":[{"embeddable":true,"href":"https:\/\/www.moskito.cz\/es\/wp-json\/wp\/v2\/media\/439768"}],"wp:attachment":[{"href":"https:\/\/www.moskito.cz\/es\/wp-json\/wp\/v2\/media?parent=349648"}],"wp:term":[{"taxonomy":"pwb-brand","embeddable":true,"href":"https:\/\/www.moskito.cz\/es\/wp-json\/wp\/v2\/pwb-brand?post=349648"},{"taxonomy":"product_brand","embeddable":true,"href":"https:\/\/www.moskito.cz\/es\/wp-json\/wp\/v2\/product_brand?post=349648"},{"taxonomy":"product_cat","embeddable":true,"href":"https:\/\/www.moskito.cz\/es\/wp-json\/wp\/v2\/product_cat?post=349648"},{"taxonomy":"product_tag","embeddable":true,"href":"https:\/\/www.moskito.cz\/es\/wp-json\/wp\/v2\/product_tag?post=349648"}],"curies":[{"name":"wp","href":"https:\/\/api.w.org\/{rel}","templated":true}]}}