{"id":349849,"date":"2024-07-07T16:19:25","date_gmt":"2024-07-07T15:19:25","guid":{"rendered":"https:\/\/www.moskito.cz\/produkt\/cuchillo-de-tiro-microtech-combat-troodon-gen-iii-interceptor-stonewashed-signature-series-1217-10tas\/"},"modified":"2025-05-07T11:20:00","modified_gmt":"2025-05-07T10:20:00","slug":"cuchillo-de-tiro-microtech-combat-troodon-gen-iii-interceptor-stonewashed-signature-series-1217-10tas","status":"publish","type":"product","link":"https:\/\/www.moskito.cz\/es\/produkt\/cuchillo-de-tiro-microtech-combat-troodon-gen-iii-interceptor-stonewashed-signature-series-1217-10tas\/","title":{"rendered":"Cuchillo de tiro Microtech Combat Troodon Gen III Interceptor Stonewashed Signature Series 1217-10TAS"},"content":{"rendered":"<p>Cuchillo de tiro <strong>Microtech<\/strong> Combat Troodon Gen III Interceptor Stonewashed Signature Series 1217-10TAS<\/p>\n<p>Cuchillos microtecnol\u00f3gicos | Batalla <strong>Troodon Gen III<\/strong><br \/>\nEl Combat Troodon redise\u00f1ado de Microtech es el pin\u00e1culo de OTF para uso duro y establece un nuevo est\u00e1ndar para cuchillos autom\u00e1ticos resistentes. Este ic\u00f3nico cuchillo con un innovador sistema de accionamiento garantiza un despliegue r\u00e1pido en situaciones cr\u00edticas y un desmontaje sin complicaciones para comodidad del usuario. El dise\u00f1o mejorado del bolsillo con botones minimiza la fricci\u00f3n, drenando eficazmente la suciedad y reduciendo la necesidad de mantenimiento frecuente. Mejorado con ranuras y surcos estrat\u00e9gicos para un agarre excepcional y equipado con un nuevo clip de bolsillo de titanio y tope de cer\u00e1mica.<\/p>\n<p>Longitud total: 24,1 cm.<br \/>\nLargo cerrado: 14 cm<br \/>\nLongitud de la hoja: 10,2 cm<br \/>\nTratamiento superficial de la hoja: Lavado a la piedra<br \/>\nEstilo de borde: liso<br \/>\nMaterial del mango: Aluminio tostado<br \/>\nClip de bolsillo: inclinado hacia abajo<br \/>\nRef. del fabricante. #: 1217-10TAS<br \/>\nPa\u00eds de origen: EE.UU.<\/p>\n<p><iframe title=\"Microtech Combat Troodon Torture Test\" width=\"800\" height=\"450\" src=\"https:\/\/www.youtube.com\/embed\/xE9TeOFYEjg?feature=oembed\" frameborder=\"0\" allow=\"accelerometer; autoplay; clipboard-write; encrypted-media; gyroscope; picture-in-picture; web-share\" referrerpolicy=\"strict-origin-when-cross-origin\" allowfullscreen><\/iframe><\/p>\n<p>&nbsp;<\/p>\n","protected":false},"excerpt":{"rendered":"<p><strong>A lo largo de los a\u00f1os, Microtech\u00ae Knives ha llenado los cuchillos con pasi\u00f3n y habilidad para crear casi obras de arte que son el pin\u00e1culo de la funcionalidad. Todas las piezas se fabrican en los EE. UU.<\/strong><br \/>\n<strong>Todos los cuchillos Microtech vienen con una garant\u00eda de por vida.<\/strong><\/p>\n<p><strong>Transporte gratuito.<\/strong><\/p>\n","protected":false},"featured_media":349808,"comment_status":"open","ping_status":"closed","template":"","meta":[],"pwb-brand":[3752],"product_brand":[],"product_cat":[3729,3726],"product_tag":[3756],"class_list":{"0":"post-349849","1":"product","2":"type-product","3":"status-publish","4":"has-post-thumbnail","6":"pwb-brand-microtecnologia","7":"product_cat-cuchillos-de-tiro","8":"product_cat-cuchillos","9":"product_tag-b2b-es","11":"first","12":"outofstock","13":"taxable","14":"shipping-taxable","15":"purchasable","16":"product-type-simple"},"brands":[{"id":3752,"name":"microtecnolog\u00eda","slug":"microtecnologia"}],"_links":{"self":[{"href":"https:\/\/www.moskito.cz\/es\/wp-json\/wp\/v2\/product\/349849","targetHints":{"allow":["GET"]}}],"collection":[{"href":"https:\/\/www.moskito.cz\/es\/wp-json\/wp\/v2\/product"}],"about":[{"href":"https:\/\/www.moskito.cz\/es\/wp-json\/wp\/v2\/types\/product"}],"replies":[{"embeddable":true,"href":"https:\/\/www.moskito.cz\/es\/wp-json\/wp\/v2\/comments?post=349849"}],"wp:featuredmedia":[{"embeddable":true,"href":"https:\/\/www.moskito.cz\/es\/wp-json\/wp\/v2\/media\/349808"}],"wp:attachment":[{"href":"https:\/\/www.moskito.cz\/es\/wp-json\/wp\/v2\/media?parent=349849"}],"wp:term":[{"taxonomy":"pwb-brand","embeddable":true,"href":"https:\/\/www.moskito.cz\/es\/wp-json\/wp\/v2\/pwb-brand?post=349849"},{"taxonomy":"product_brand","embeddable":true,"href":"https:\/\/www.moskito.cz\/es\/wp-json\/wp\/v2\/product_brand?post=349849"},{"taxonomy":"product_cat","embeddable":true,"href":"https:\/\/www.moskito.cz\/es\/wp-json\/wp\/v2\/product_cat?post=349849"},{"taxonomy":"product_tag","embeddable":true,"href":"https:\/\/www.moskito.cz\/es\/wp-json\/wp\/v2\/product_tag?post=349849"}],"curies":[{"name":"wp","href":"https:\/\/api.w.org\/{rel}","templated":true}]}}