{"id":349918,"date":"2021-05-05T22:03:35","date_gmt":"2024-07-08T09:29:35","guid":{"rendered":"https:\/\/www.moskito.cz\/produkt\/cuchillo-fijo-extrema-ratio-mamba-hcs\/"},"modified":"2025-05-07T11:20:02","modified_gmt":"2025-05-07T10:20:02","slug":"cuchillo-fijo-extrema-ratio-mamba-hcs","status":"publish","type":"product","link":"https:\/\/www.moskito.cz\/es\/produkt\/cuchillo-fijo-extrema-ratio-mamba-hcs\/","title":{"rendered":"Cuchillo Fijo Extrema Ratio MAMBA HCS"},"content":{"rendered":"<p>Cuchillo Fijo <strong>Extrema Ratio<\/strong> MAMBA HCS.<\/p>\n<p>Navaja t\u00e1ctica multiusos, muy ligera y f\u00e1cil de manejar. Viene con una funda especial de nailon Aspis, que ha sido especialmente estudiada por Extrema Ratio para permitir liberar r\u00e1pidamente la hoja y fijarla dentro del sistema MOLLE gracias a dos hebillas multiposici\u00f3n.<br \/>\nDisponible en negro, desierto, HCS, verde guardabosques y gris lobo<\/p>\n<p>HOJA T\u00c9CNICA<br \/>\nPeso g.: 85<br \/>\nPeso onzas: 2.99<br \/>\nLongitud de la hoja (mm): 116<br \/>\nLongitud de la hoja (pulgadas): 4,56<br \/>\nLongitud total (mm): 237<br \/>\nLongitud total (pulg): 9,33<br \/>\nGrosor de la hoja (mm): 4<br \/>\nGrosor de la hoja (en pulgadas): 0,15<br \/>\nMaterial de la hoja: ACERO B\u00f6HLER N690 (58HRC)<br \/>\nAcabado de la hoja: PIEDRAS CONTENIDAS<br \/>\nRejilla principal: PLANA<br \/>\nMaterial mango: FORPRENE<\/p>\n<p><iframe title=\"Extrema Ratio Mamba | t-tactical.eu\" width=\"800\" height=\"450\" src=\"https:\/\/www.youtube.com\/embed\/5jcDRn6oFuw?feature=oembed\" frameborder=\"0\" allow=\"accelerometer; autoplay; clipboard-write; encrypted-media; gyroscope; picture-in-picture; web-share\" referrerpolicy=\"strict-origin-when-cross-origin\" allowfullscreen><\/iframe><\/p>\n<p>&nbsp;<\/p>\n","protected":false},"excerpt":{"rendered":"<p>Con sede en Prato, Italia <strong>, Extrema Ratio<\/strong> ha estado dise\u00f1ando y fabricando cuchillos t\u00e1cticos, militares, de cocina, de cocina y de combate de alto rendimiento desde 1997 y tiene una reputaci\u00f3n de calidad superior insuperable en la industria de cuchillos militares y t\u00e1cticos. <strong>Transporte gratuito.<\/strong><\/p>\n","protected":false},"featured_media":349928,"comment_status":"open","ping_status":"closed","template":"","meta":[],"pwb-brand":[3766],"product_brand":[],"product_cat":[3726,3727],"product_tag":[3756],"class_list":{"0":"post-349918","1":"product","2":"type-product","3":"status-publish","4":"has-post-thumbnail","6":"pwb-brand-relacion-extrema","7":"product_cat-cuchillos","8":"product_cat-cuchillos-macizos","9":"product_tag-b2b-es","11":"first","12":"instock","13":"taxable","14":"shipping-taxable","15":"purchasable","16":"product-type-simple"},"brands":[{"id":3766,"name":"Relaci\u00f3n extrema","slug":"relacion-extrema"}],"_links":{"self":[{"href":"https:\/\/www.moskito.cz\/es\/wp-json\/wp\/v2\/product\/349918","targetHints":{"allow":["GET"]}}],"collection":[{"href":"https:\/\/www.moskito.cz\/es\/wp-json\/wp\/v2\/product"}],"about":[{"href":"https:\/\/www.moskito.cz\/es\/wp-json\/wp\/v2\/types\/product"}],"replies":[{"embeddable":true,"href":"https:\/\/www.moskito.cz\/es\/wp-json\/wp\/v2\/comments?post=349918"}],"wp:featuredmedia":[{"embeddable":true,"href":"https:\/\/www.moskito.cz\/es\/wp-json\/wp\/v2\/media\/349928"}],"wp:attachment":[{"href":"https:\/\/www.moskito.cz\/es\/wp-json\/wp\/v2\/media?parent=349918"}],"wp:term":[{"taxonomy":"pwb-brand","embeddable":true,"href":"https:\/\/www.moskito.cz\/es\/wp-json\/wp\/v2\/pwb-brand?post=349918"},{"taxonomy":"product_brand","embeddable":true,"href":"https:\/\/www.moskito.cz\/es\/wp-json\/wp\/v2\/product_brand?post=349918"},{"taxonomy":"product_cat","embeddable":true,"href":"https:\/\/www.moskito.cz\/es\/wp-json\/wp\/v2\/product_cat?post=349918"},{"taxonomy":"product_tag","embeddable":true,"href":"https:\/\/www.moskito.cz\/es\/wp-json\/wp\/v2\/product_tag?post=349918"}],"curies":[{"name":"wp","href":"https:\/\/api.w.org\/{rel}","templated":true}]}}