{"id":350048,"date":"2022-04-27T21:41:21","date_gmt":"2024-07-08T09:49:24","guid":{"rendered":"https:\/\/www.moskito.cz\/produkt\/afilador-de-encimera-sog\/"},"modified":"2025-05-07T11:20:03","modified_gmt":"2025-05-07T10:20:03","slug":"afilador-de-encimera-sog","status":"publish","type":"product","link":"https:\/\/www.moskito.cz\/es\/produkt\/afilador-de-encimera-sog\/","title":{"rendered":"AFILADOR DE ENCIMERA SOG"},"content":{"rendered":"<p>AFILADOR DE ENCIMERA <strong>SOG<\/strong> .<\/p>\n<p>\u00a1Ahora SOG est\u00e1 eliminando la molestia de afilar cuchillos con la \u00faltima generaci\u00f3n del afilador de escritorio SOG! Simplemente coloque el afilador de encimera SOG en cualquier superficie plana y no porosa, active la succi\u00f3n y pase los cuchillos para obtener un borde afilado. Funciona en todos los cuchillos SOG.<\/p>\n<p>Deja los cuchillos con un filo muy afilado. Peque\u00f1o y f\u00e1cil de transportar. La tecnolog\u00eda de succi\u00f3n proporciona un esfuerzo m\u00ednimo.<\/p>\n<p>&nbsp;<\/p>\n<p>&nbsp;<\/p>\n","protected":false},"excerpt":{"rendered":"<p>Ya sea que est\u00e9s protegiendo a otros o liderando una expedici\u00f3n de caza \u00e9pica, afrontando uno de los desaf\u00edos cotidianos de la vida o afrontando las condiciones m\u00e1s extremas hasta el momento, sigue tu camino con <strong>SOG<\/strong> .<\/p>\n<p><strong>\u00a1Ofrecemos una garant\u00eda de por vida en todos los cuchillos SOG!<\/strong><\/p>\n","protected":false},"featured_media":350057,"comment_status":"open","ping_status":"closed","template":"","meta":[],"pwb-brand":[3848],"product_brand":[],"product_cat":[3715],"product_tag":[3756],"class_list":{"0":"post-350048","1":"product","2":"type-product","3":"status-publish","4":"has-post-thumbnail","6":"pwb-brand-sog-es","7":"product_cat-muelas-abrasivas-y-aceros","8":"product_tag-b2b-es","10":"first","11":"instock","12":"taxable","13":"shipping-taxable","14":"purchasable","15":"product-type-simple"},"brands":[{"id":3848,"name":"SOG","slug":"sog-es"}],"_links":{"self":[{"href":"https:\/\/www.moskito.cz\/es\/wp-json\/wp\/v2\/product\/350048","targetHints":{"allow":["GET"]}}],"collection":[{"href":"https:\/\/www.moskito.cz\/es\/wp-json\/wp\/v2\/product"}],"about":[{"href":"https:\/\/www.moskito.cz\/es\/wp-json\/wp\/v2\/types\/product"}],"replies":[{"embeddable":true,"href":"https:\/\/www.moskito.cz\/es\/wp-json\/wp\/v2\/comments?post=350048"}],"wp:featuredmedia":[{"embeddable":true,"href":"https:\/\/www.moskito.cz\/es\/wp-json\/wp\/v2\/media\/350057"}],"wp:attachment":[{"href":"https:\/\/www.moskito.cz\/es\/wp-json\/wp\/v2\/media?parent=350048"}],"wp:term":[{"taxonomy":"pwb-brand","embeddable":true,"href":"https:\/\/www.moskito.cz\/es\/wp-json\/wp\/v2\/pwb-brand?post=350048"},{"taxonomy":"product_brand","embeddable":true,"href":"https:\/\/www.moskito.cz\/es\/wp-json\/wp\/v2\/product_brand?post=350048"},{"taxonomy":"product_cat","embeddable":true,"href":"https:\/\/www.moskito.cz\/es\/wp-json\/wp\/v2\/product_cat?post=350048"},{"taxonomy":"product_tag","embeddable":true,"href":"https:\/\/www.moskito.cz\/es\/wp-json\/wp\/v2\/product_tag?post=350048"}],"curies":[{"name":"wp","href":"https:\/\/api.w.org\/{rel}","templated":true}]}}