{"id":350232,"date":"2024-07-10T07:17:13","date_gmt":"2024-07-10T06:18:01","guid":{"rendered":"https:\/\/www.moskito.cz\/produkt\/cuchillo-cierre-muela-navalia-10m-b\/"},"modified":"2025-05-07T11:20:07","modified_gmt":"2025-05-07T10:20:07","slug":"cuchillo-cierre-muela-navalia-10m-b","status":"publish","type":"product","link":"https:\/\/www.moskito.cz\/es\/produkt\/cuchillo-cierre-muela-navalia-10m-b\/","title":{"rendered":"Cuchillo Cierre Muela NAVALIA-10M.B"},"content":{"rendered":"<p>Cuchillo Cierre <strong>Muela<\/strong> NAVALIA-10M.B<\/p>\n<p>Navaja Navalia-10M.B La navaja Muela es una excepcional navaja espa\u00f1ola con mango de Micarta.<\/p>\n<p>Esta navaja de bolsillo es muy vers\u00e1til y ofrece portabilidad y una r\u00e1pida apertura de la hoja, lo que la hace ideal para una amplia gama de aplicaciones, incluidas situaciones de supervivencia.<\/p>\n<p>Su funci\u00f3n plegable permite un transporte c\u00f3modo y seguro y garantiza la protecci\u00f3n de la pala.<\/p>\n<p>El mango de la navaja Muela Navalia-10M.B est\u00e1 fabricado en Micarta, un material compuesto por tejidos impregnados de resina, expuestos a altas presiones y temperaturas, dando como resultado un material duro, denso y duradero para un uso extremo.<\/p>\n<p>La hoja est\u00e1 fabricada en X50CrMoV15 \u00abMOVA\u00bb (1.4116), un material cl\u00e1sico en cuchillos y navajas Muela, conocido por su excelente combinaci\u00f3n de molibdeno y vanadio, aportando una notable dureza y resistencia a la corrosi\u00f3n.<\/p>\n<p>Muela tiene tradici\u00f3n en la producci\u00f3n de cuchillos, navajas y navajas exclusivas en Espa\u00f1a desde 1950 y es un referente mundial en el sector de la cuchiller\u00eda.<\/p>\n<p>Con materiales especialmente seleccionados como acero martens\u00edtico en las hojas e incluso astas de ciervo en algunos modelos, sus piezas est\u00e1n cuidadosamente talladas y acabadas, combinando tecnolog\u00eda moderna con t\u00e9cnicas artesanales.<\/p>\n<p>Cada producto se entrega a expertos cuchilleros que realizan acabados artesanales, incluido el afilado, el pulido y un riguroso control de calidad.<\/p>\n<p>&nbsp;<\/p>\n<p>Descripci\u00f3n t\u00e9cnica<\/p>\n<p>C\u00f3digo: NAVALIA-10M.B<\/p>\n<p>Longitud total: 21 cm<\/p>\n<p>Modelo: Navaja Navalia-10M.B<\/p>\n<p>Material mango: Micarta<\/p>\n<p>Material de la hoja: 1.4116<\/p>\n<p>Longitud de la hoja: 10 cm<\/p>\n<p>Dureza del acero: 56 \u2013 58 HRC<\/p>\n<p>Peso: 125g<\/p>\n<p>&nbsp;<\/p>\n","protected":false},"excerpt":{"rendered":"<p><strong>Navaja Navalia-10M.B La navaja Muela es una excepcional navaja espa\u00f1ola con mango de Micarta.<\/strong><\/p>\n","protected":false},"featured_media":350213,"comment_status":"open","ping_status":"closed","template":"","meta":[],"pwb-brand":[3908],"product_brand":[],"product_cat":[3730,3726],"product_tag":[3756],"class_list":{"0":"post-350232","1":"product","2":"type-product","3":"status-publish","4":"has-post-thumbnail","6":"pwb-brand-ella-tenia-que","7":"product_cat-cuchillas-de-cierre","8":"product_cat-cuchillos","9":"product_tag-b2b-es","11":"first","12":"outofstock","13":"taxable","14":"shipping-taxable","15":"purchasable","16":"product-type-simple"},"brands":[{"id":3908,"name":"Ella ten\u00eda que","slug":"ella-tenia-que"}],"_links":{"self":[{"href":"https:\/\/www.moskito.cz\/es\/wp-json\/wp\/v2\/product\/350232","targetHints":{"allow":["GET"]}}],"collection":[{"href":"https:\/\/www.moskito.cz\/es\/wp-json\/wp\/v2\/product"}],"about":[{"href":"https:\/\/www.moskito.cz\/es\/wp-json\/wp\/v2\/types\/product"}],"replies":[{"embeddable":true,"href":"https:\/\/www.moskito.cz\/es\/wp-json\/wp\/v2\/comments?post=350232"}],"wp:featuredmedia":[{"embeddable":true,"href":"https:\/\/www.moskito.cz\/es\/wp-json\/wp\/v2\/media\/350213"}],"wp:attachment":[{"href":"https:\/\/www.moskito.cz\/es\/wp-json\/wp\/v2\/media?parent=350232"}],"wp:term":[{"taxonomy":"pwb-brand","embeddable":true,"href":"https:\/\/www.moskito.cz\/es\/wp-json\/wp\/v2\/pwb-brand?post=350232"},{"taxonomy":"product_brand","embeddable":true,"href":"https:\/\/www.moskito.cz\/es\/wp-json\/wp\/v2\/product_brand?post=350232"},{"taxonomy":"product_cat","embeddable":true,"href":"https:\/\/www.moskito.cz\/es\/wp-json\/wp\/v2\/product_cat?post=350232"},{"taxonomy":"product_tag","embeddable":true,"href":"https:\/\/www.moskito.cz\/es\/wp-json\/wp\/v2\/product_tag?post=350232"}],"curies":[{"name":"wp","href":"https:\/\/api.w.org\/{rel}","templated":true}]}}