{"id":350317,"date":"2024-07-10T08:07:15","date_gmt":"2024-07-10T07:08:15","guid":{"rendered":"https:\/\/www.moskito.cz\/produkt\/cuchillo-cerrador-muela-p-8-ol\/"},"modified":"2025-05-07T11:20:11","modified_gmt":"2025-05-07T10:20:11","slug":"cuchillo-cerrador-muela-p-8-ol","status":"publish","type":"product","link":"https:\/\/www.moskito.cz\/es\/produkt\/cuchillo-cerrador-muela-p-8-ol\/","title":{"rendered":"Cuchillo Cerrador Muela P-8.OL"},"content":{"rendered":"<p>Cuchillo Cerrador <strong>Muela<\/strong> P-8.OL<\/p>\n<p>Una navaja de bolsillo plegable de la empresa espa\u00f1ola Muela, con un dise\u00f1o sencillo y elegante. La hoja est\u00e1 hecha de acero molibdeno vanadio de calidad con una dureza de 57 &#8211; 61 HRC. Los accesorios son met\u00e1licos y tienen mangos de madera de olivo. La hoja se fija en estado abierto y cerrado mediante la presi\u00f3n del pasador del lomo, el cuchillo no tiene ning\u00fan otro dispositivo de seguridad. Un cuchillo muy bien elaborado para uso diario.<\/p>\n<p>Forma de la hoja: punto de ca\u00edda<\/p>\n<p>Color de la hoja: plata cl\u00e1sica<\/p>\n<p>Mango: madera<\/p>\n<p>Clip: no<\/p>\n<p>Longitud de la hoja: 8 cm<\/p>\n<p>Longitud del mango: 10,5 cm<\/p>\n<p>Longitud total: 18,5 cm.<\/p>\n<p>Peso del cuchillo (g): 70<\/p>\n<p>&nbsp;<\/p>\n","protected":false},"excerpt":{"rendered":"<p><strong>Una navaja de bolsillo plegable de la empresa espa\u00f1ola Muela, con un dise\u00f1o sencillo y elegante.<\/strong><\/p>\n","protected":false},"featured_media":350310,"comment_status":"open","ping_status":"closed","template":"","meta":[],"pwb-brand":[3908],"product_brand":[],"product_cat":[3730,3726],"product_tag":[3756],"class_list":{"0":"post-350317","1":"product","2":"type-product","3":"status-publish","4":"has-post-thumbnail","6":"pwb-brand-ella-tenia-que","7":"product_cat-cuchillas-de-cierre","8":"product_cat-cuchillos","9":"product_tag-b2b-es","11":"first","12":"instock","13":"taxable","14":"shipping-taxable","15":"purchasable","16":"product-type-simple"},"brands":[{"id":3908,"name":"Ella ten\u00eda que","slug":"ella-tenia-que"}],"_links":{"self":[{"href":"https:\/\/www.moskito.cz\/es\/wp-json\/wp\/v2\/product\/350317","targetHints":{"allow":["GET"]}}],"collection":[{"href":"https:\/\/www.moskito.cz\/es\/wp-json\/wp\/v2\/product"}],"about":[{"href":"https:\/\/www.moskito.cz\/es\/wp-json\/wp\/v2\/types\/product"}],"replies":[{"embeddable":true,"href":"https:\/\/www.moskito.cz\/es\/wp-json\/wp\/v2\/comments?post=350317"}],"wp:featuredmedia":[{"embeddable":true,"href":"https:\/\/www.moskito.cz\/es\/wp-json\/wp\/v2\/media\/350310"}],"wp:attachment":[{"href":"https:\/\/www.moskito.cz\/es\/wp-json\/wp\/v2\/media?parent=350317"}],"wp:term":[{"taxonomy":"pwb-brand","embeddable":true,"href":"https:\/\/www.moskito.cz\/es\/wp-json\/wp\/v2\/pwb-brand?post=350317"},{"taxonomy":"product_brand","embeddable":true,"href":"https:\/\/www.moskito.cz\/es\/wp-json\/wp\/v2\/product_brand?post=350317"},{"taxonomy":"product_cat","embeddable":true,"href":"https:\/\/www.moskito.cz\/es\/wp-json\/wp\/v2\/product_cat?post=350317"},{"taxonomy":"product_tag","embeddable":true,"href":"https:\/\/www.moskito.cz\/es\/wp-json\/wp\/v2\/product_tag?post=350317"}],"curies":[{"name":"wp","href":"https:\/\/api.w.org\/{rel}","templated":true}]}}