{"id":350433,"date":"2024-07-10T09:44:05","date_gmt":"2024-07-10T08:45:30","guid":{"rendered":"https:\/\/www.moskito.cz\/produkt\/cuchillo-cerrador-muela-con-estuche-npq-8gr\/"},"modified":"2025-05-07T11:20:17","modified_gmt":"2025-05-07T10:20:17","slug":"cuchillo-cerrador-muela-con-estuche-npq-8gr","status":"publish","type":"product","link":"https:\/\/www.moskito.cz\/es\/produkt\/cuchillo-cerrador-muela-con-estuche-npq-8gr\/","title":{"rendered":"Cuchillo Cerrador Muela con Estuche NPQ-8GR"},"content":{"rendered":"<p>Cuchillo Cerrador <strong>Muela<\/strong> con Estuche NPQ-8GR<\/p>\n<p><strong>La navaja de bolsillo Muela<\/strong> Folding Knife Type NPQ-8GR es una excelente navaja de bolsillo, ideal para coleccionistas y amantes de los cuchillos. La navaja de bolsillo es un accesorio sumamente vers\u00e1til, con mayor portabilidad y r\u00e1pida apertura de la hoja, ideal para una variedad de contextos con m\u00faltiples usos, incluida la supervivencia. Son plegables por lo que el transporte es f\u00e1cil y seguro ya que la hoja va protegida.<\/p>\n<p>El mango de la navaja Muela Folding Knife NPQ-8GR est\u00e1 fabricado en madera de granadillo, un material natural y resina, expuesto a alta presi\u00f3n y temperatura. Esto hace que la madera sea m\u00e1s densa, dura y resistente al agua.<\/p>\n<p>Su hoja est\u00e1 fabricada en X50CrMoV15 \u00abMOVA\u00bb (1.4116), un material cl\u00e1sico en cuchillos y navajas Muela, que es una excelente combinaci\u00f3n de molibdeno y vanadio, que forma un acero con excelente dureza y resistencia a la corrosi\u00f3n.<\/p>\n<p>Caracter\u00edsticas t\u00e9cnicas:<\/p>\n<p>C\u00f3digo: NPQ-8GR<br \/>\nMarca: Muela<br \/>\nModelo: Navaja de bolsillo NPQ-8GR<br \/>\nMaterial mango: Madera de Granadillo<br \/>\nMaterial de la hoja: 1.4116<br \/>\nLongitud de la hoja: 8,5 cm<br \/>\nLongitud total: 19,5 mm<br \/>\nDureza del acero: 56 &#8211; 58 HRC<br \/>\nPeso: 100 gramos<\/p>\n<p>&nbsp;<\/p>\n","protected":false},"excerpt":{"rendered":"<p><strong>La navaja de bolsillo Muela Folding Knife Type NPQ-8GR es una excelente navaja de bolsillo, ideal para coleccionistas y amantes de los cuchillos.<\/strong><\/p>\n","protected":false},"featured_media":350423,"comment_status":"open","ping_status":"closed","template":"","meta":[],"pwb-brand":[3908],"product_brand":[],"product_cat":[3730,3726],"product_tag":[3756],"class_list":{"0":"post-350433","1":"product","2":"type-product","3":"status-publish","4":"has-post-thumbnail","6":"pwb-brand-ella-tenia-que","7":"product_cat-cuchillas-de-cierre","8":"product_cat-cuchillos","9":"product_tag-b2b-es","11":"first","12":"outofstock","13":"taxable","14":"shipping-taxable","15":"purchasable","16":"product-type-simple"},"brands":[{"id":3908,"name":"Ella ten\u00eda que","slug":"ella-tenia-que"}],"_links":{"self":[{"href":"https:\/\/www.moskito.cz\/es\/wp-json\/wp\/v2\/product\/350433","targetHints":{"allow":["GET"]}}],"collection":[{"href":"https:\/\/www.moskito.cz\/es\/wp-json\/wp\/v2\/product"}],"about":[{"href":"https:\/\/www.moskito.cz\/es\/wp-json\/wp\/v2\/types\/product"}],"replies":[{"embeddable":true,"href":"https:\/\/www.moskito.cz\/es\/wp-json\/wp\/v2\/comments?post=350433"}],"wp:featuredmedia":[{"embeddable":true,"href":"https:\/\/www.moskito.cz\/es\/wp-json\/wp\/v2\/media\/350423"}],"wp:attachment":[{"href":"https:\/\/www.moskito.cz\/es\/wp-json\/wp\/v2\/media?parent=350433"}],"wp:term":[{"taxonomy":"pwb-brand","embeddable":true,"href":"https:\/\/www.moskito.cz\/es\/wp-json\/wp\/v2\/pwb-brand?post=350433"},{"taxonomy":"product_brand","embeddable":true,"href":"https:\/\/www.moskito.cz\/es\/wp-json\/wp\/v2\/product_brand?post=350433"},{"taxonomy":"product_cat","embeddable":true,"href":"https:\/\/www.moskito.cz\/es\/wp-json\/wp\/v2\/product_cat?post=350433"},{"taxonomy":"product_tag","embeddable":true,"href":"https:\/\/www.moskito.cz\/es\/wp-json\/wp\/v2\/product_tag?post=350433"}],"curies":[{"name":"wp","href":"https:\/\/api.w.org\/{rel}","templated":true}]}}