{"id":350439,"date":"2023-08-09T07:48:57","date_gmt":"2024-07-10T08:52:17","guid":{"rendered":"https:\/\/www.moskito.cz\/produkt\/cuchillo-cerrador-muela-bx-8-th\/"},"modified":"2025-05-07T11:20:18","modified_gmt":"2025-05-07T10:20:18","slug":"cuchillo-cerrador-muela-bx-8-th","status":"publish","type":"product","link":"https:\/\/www.moskito.cz\/es\/produkt\/cuchillo-cerrador-muela-bx-8-th\/","title":{"rendered":"Cuchillo Cerrador Muela BX-8.TH"},"content":{"rendered":"<p>Cuchillo Cerrador <strong>Muela<\/strong> BX-8.TH<\/p>\n<p>Navaja de la casa Muela Edici\u00f3n limitada y numerada de 999 piezas para que todo el mundo celebre el 60. aniversario.<\/p>\n<p>Esta pieza pertenece al n\u00fam. 792 \/ 999 .<\/p>\n<p>La hoja est\u00e1 fabricada en acero inoxidable MoVa 1.4116.<\/p>\n<p>Sistema de bloqueo de hoja LockBack<\/p>\n<p>Mango combinado con funda de alpaca con pasador de mosaico con separadores rojos y preciosas cachas de ra\u00edz de arce americano.<\/p>\n<p>Esta afeitadora va acompa\u00f1ada de un estuche de presentaci\u00f3n y un certificado de acreditaci\u00f3n de pieza.<\/p>\n<p>&nbsp;<\/p>\n<p>Longitud de la hoja: 8,5 cm<\/p>\n<p>Longitud total: 18,5 cm.<\/p>\n<p>Espesor: 2,5 mm<\/p>\n<p>Peso: 150 gramos<\/p>\n<p>Hoja: acero MoVa 1.4116<\/p>\n<p>Escalas: ra\u00edz de arce americano<\/p>\n<p>Funda: Alpaca con pasador de mosaico<\/p>\n<p>Fabricado por Muela Manufacturing.<\/p>\n<p>&nbsp;<\/p>\n<p>&nbsp;<\/p>\n","protected":false},"excerpt":{"rendered":"<p><strong>Edici\u00f3n limitada y numerada de 999 piezas para que todo el mundo celebre el 60. aniversario.<\/strong><\/p>\n","protected":false},"featured_media":350442,"comment_status":"open","ping_status":"closed","template":"","meta":[],"pwb-brand":[3908],"product_brand":[],"product_cat":[3730,3726],"product_tag":[3756],"class_list":{"0":"post-350439","1":"product","2":"type-product","3":"status-publish","4":"has-post-thumbnail","6":"pwb-brand-ella-tenia-que","7":"product_cat-cuchillas-de-cierre","8":"product_cat-cuchillos","9":"product_tag-b2b-es","11":"first","12":"instock","13":"taxable","14":"shipping-taxable","15":"purchasable","16":"product-type-simple"},"brands":[{"id":3908,"name":"Ella ten\u00eda que","slug":"ella-tenia-que"}],"_links":{"self":[{"href":"https:\/\/www.moskito.cz\/es\/wp-json\/wp\/v2\/product\/350439","targetHints":{"allow":["GET"]}}],"collection":[{"href":"https:\/\/www.moskito.cz\/es\/wp-json\/wp\/v2\/product"}],"about":[{"href":"https:\/\/www.moskito.cz\/es\/wp-json\/wp\/v2\/types\/product"}],"replies":[{"embeddable":true,"href":"https:\/\/www.moskito.cz\/es\/wp-json\/wp\/v2\/comments?post=350439"}],"wp:featuredmedia":[{"embeddable":true,"href":"https:\/\/www.moskito.cz\/es\/wp-json\/wp\/v2\/media\/350442"}],"wp:attachment":[{"href":"https:\/\/www.moskito.cz\/es\/wp-json\/wp\/v2\/media?parent=350439"}],"wp:term":[{"taxonomy":"pwb-brand","embeddable":true,"href":"https:\/\/www.moskito.cz\/es\/wp-json\/wp\/v2\/pwb-brand?post=350439"},{"taxonomy":"product_brand","embeddable":true,"href":"https:\/\/www.moskito.cz\/es\/wp-json\/wp\/v2\/product_brand?post=350439"},{"taxonomy":"product_cat","embeddable":true,"href":"https:\/\/www.moskito.cz\/es\/wp-json\/wp\/v2\/product_cat?post=350439"},{"taxonomy":"product_tag","embeddable":true,"href":"https:\/\/www.moskito.cz\/es\/wp-json\/wp\/v2\/product_tag?post=350439"}],"curies":[{"name":"wp","href":"https:\/\/api.w.org\/{rel}","templated":true}]}}