{"id":350459,"date":"2023-07-12T13:06:36","date_gmt":"2024-07-10T08:57:58","guid":{"rendered":"https:\/\/www.moskito.cz\/produkt\/cuchillo-fijo-muela-crusader-13m-n\/"},"modified":"2025-05-07T11:20:20","modified_gmt":"2025-05-07T10:20:20","slug":"cuchillo-fijo-muela-crusader-13m-n","status":"publish","type":"product","link":"https:\/\/www.moskito.cz\/es\/produkt\/cuchillo-fijo-muela-crusader-13m-n\/","title":{"rendered":"Cuchillo Fijo Muela CRUSADER-13M.N"},"content":{"rendered":"<p>Cuchillo Fijo <strong>Muela<\/strong> CRUSADER-13M.N<\/p>\n<p>CRUSADER-13M.N, un cuchillo grande y duradero dirigido a los entusiastas del aire libre y la supervivencia. El dise\u00f1o de espiga completa perfectamente equilibrado con hoja de acero inoxidable proporciona un excelente rendimiento de corte. \u00a1Una herramienta que demostrar\u00e1 su eficacia en una amplia variedad de aplicaciones!<br \/>\nAcero<\/p>\n<p>1.4116, X50CrMoV15: acero al molibdeno vanadio utilizado para cuchillos, cubiertos e instrumentos quir\u00fargicos de alta gama. Se caracteriza por una dureza relativamente alta como en los aceros inoxidables. Resistente a la corrosi\u00f3n en condiciones de cocina. Es una alternativa recomendada a 1.4034\/X46Cr13\/4H13. La composici\u00f3n qu\u00edmica est\u00e1 enriquecida con contenido de cromo, adiciones de molibdeno y vanadio.<br \/>\nCuchilla<\/p>\n<p>Forma Drop Point extremadamente afilada ideal para todo tipo de trabajo de campo. El revestimiento de PTFE negro en la hoja evita el deslumbramiento. La hoja lisa es Hollow Grind para un menor peso y un excelente rendimiento de corte. Una muesca grande facilita el enfoque. La parte posterior de la hoja tiene una rampa moleteada para los dedos (jimping) para un mayor control del cuchillo.<br \/>\nManejar<\/p>\n<p>Fabricada en micarta negra (lona comprimida con resina sint\u00e9tica). Los bordes biselados de las fundas eliminan los bordes afilados para un agarre c\u00f3modo. Las cubiertas se atornillaron directamente al yugo, lo que hizo que la estructura general fuera muy r\u00edgida y duradera. El mango perfilado proporciona un buen control del cuchillo. En la parte posterior hay un orificio para un cord\u00f3n, una abertura para un cord\u00f3n de seguridad o decorativo.<br \/>\nVaina<\/p>\n<p>Cosida a mano, confeccionada en piel natural en color negro con logo del fabricante en relieve. Se monta en un cintur\u00f3n o en un dispositivo que permite llevar el cuchillo en posici\u00f3n vertical u horizontal.<\/p>\n<p>Grupo Muela es hoy una de las empresas l\u00edderes en el sector de los cuchillos de caza artesanales en Espa\u00f1a y a nivel mundial, y sus cuchillos y navajas gozan de gran prestigio por su calidad superior en su elaboraci\u00f3n.<br \/>\nDatos t\u00e9cnicos:<\/p>\n<p>N\u00famero de producto: CRUSADER-13M.N<br \/>\nNombre del producto: CRUSADER-13M.N Espiga Completa Micarta Negra 130mm<\/p>\n<p>Longitud total: 25 cm<br \/>\nLongitud de la hoja: 12,5 cm<br \/>\nLongitud del mango: 12,5 cm<br \/>\nPeso: 293,0 g\/10,3 oz<\/p>\n<p>Material de la hoja: X50CrMoV15<br \/>\nDureza de la hoja: n.d.<br \/>\nRectificado de cuchillas: hueca<br \/>\nTratamiento de la superficie de la hoja: revestimiento de PTFE<\/p>\n<p>Material mango: Micarta<br \/>\nColor del acabado del mango: Negro<\/p>\n<p>Vaina (funda): Cuero<br \/>\nOtros accesorios: Paracord naranja<\/p>\n<p>Dise\u00f1ador: Muela<br \/>\nNombre de la marca: Muela<br \/>\nFabricante: Muela, Espa\u00f1a<br \/>\nPa\u00eds de origen: Espa\u00f1a<\/p>\n<p>&nbsp;<\/p>\n","protected":false},"excerpt":{"rendered":"<p><strong>CRUSADER-13M.N, un cuchillo grande y duradero dirigido a los entusiastas del aire libre y la supervivencia.<\/strong><\/p>\n","protected":false},"featured_media":350461,"comment_status":"open","ping_status":"closed","template":"","meta":[],"pwb-brand":[3908],"product_brand":[],"product_cat":[3726,3727],"product_tag":[3756],"class_list":{"0":"post-350459","1":"product","2":"type-product","3":"status-publish","4":"has-post-thumbnail","6":"pwb-brand-ella-tenia-que","7":"product_cat-cuchillos","8":"product_cat-cuchillos-macizos","9":"product_tag-b2b-es","11":"first","12":"instock","13":"taxable","14":"shipping-taxable","15":"purchasable","16":"product-type-simple"},"brands":[{"id":3908,"name":"Ella ten\u00eda que","slug":"ella-tenia-que"}],"_links":{"self":[{"href":"https:\/\/www.moskito.cz\/es\/wp-json\/wp\/v2\/product\/350459","targetHints":{"allow":["GET"]}}],"collection":[{"href":"https:\/\/www.moskito.cz\/es\/wp-json\/wp\/v2\/product"}],"about":[{"href":"https:\/\/www.moskito.cz\/es\/wp-json\/wp\/v2\/types\/product"}],"replies":[{"embeddable":true,"href":"https:\/\/www.moskito.cz\/es\/wp-json\/wp\/v2\/comments?post=350459"}],"wp:featuredmedia":[{"embeddable":true,"href":"https:\/\/www.moskito.cz\/es\/wp-json\/wp\/v2\/media\/350461"}],"wp:attachment":[{"href":"https:\/\/www.moskito.cz\/es\/wp-json\/wp\/v2\/media?parent=350459"}],"wp:term":[{"taxonomy":"pwb-brand","embeddable":true,"href":"https:\/\/www.moskito.cz\/es\/wp-json\/wp\/v2\/pwb-brand?post=350459"},{"taxonomy":"product_brand","embeddable":true,"href":"https:\/\/www.moskito.cz\/es\/wp-json\/wp\/v2\/product_brand?post=350459"},{"taxonomy":"product_cat","embeddable":true,"href":"https:\/\/www.moskito.cz\/es\/wp-json\/wp\/v2\/product_cat?post=350459"},{"taxonomy":"product_tag","embeddable":true,"href":"https:\/\/www.moskito.cz\/es\/wp-json\/wp\/v2\/product_tag?post=350459"}],"curies":[{"name":"wp","href":"https:\/\/api.w.org\/{rel}","templated":true}]}}