{"id":350495,"date":"2023-07-13T10:20:41","date_gmt":"2023-07-13T09:20:41","guid":{"rendered":"https:\/\/www.moskito.cz\/produkt\/cuchillo-fijo-muela-5161-m\/"},"modified":"2025-05-07T11:20:21","modified_gmt":"2025-05-07T10:20:21","slug":"cuchillo-fijo-muela-5161-m","status":"publish","type":"product","link":"https:\/\/www.moskito.cz\/es\/produkt\/cuchillo-fijo-muela-5161-m\/","title":{"rendered":"Cuchillo Fijo Muela 5161-M"},"content":{"rendered":"<p>Cuchillo Fijo <strong>Muela<\/strong> 5161-M<\/p>\n<p>Cuchillo deportivo Muela 5161-M. Muela es una marca espa\u00f1ola de renombre mundial y est\u00e1 considerada una de las m\u00e1s famosas. Todos los cuchillos est\u00e1n dise\u00f1ados y fabricados utilizando conceptos tecnol\u00f3gicamente avanzados que combinan el uso de materias primas de excepcional calidad, desde el acero utilizado en la hoja hasta el acabado. Se consideran los mejores de la l\u00ednea y est\u00e1n fabricados con el dise\u00f1o exclusivo de cuchillos de renombre, lo que da como resultado una hermosa est\u00e9tica y una s\u00faper funcionalidad. Un detalle muy importante es que todas las piezas, aunque fabricadas a escala industrial, est\u00e1n acabadas a mano con el consumo del m\u00ednimo necesario de herramientas industriales. Una elecci\u00f3n perfecta para coleccionistas, amantes de los cuchillos o usuarios simples que buscan herramientas de alta calidad.<\/p>\n<p>Especificaciones t\u00e9cnicas:<\/p>\n<p>Modelo: 5161-M<\/p>\n<p>Tipo de acero: 420H<\/p>\n<p>Dureza: 57-58 HRC<\/p>\n<p>Funda de cuero negro<\/p>\n<p>Mango: madera prensada coral<\/p>\n<p>Longitud de la hoja: 15,6 cm<\/p>\n<p>Longitud total: 27,5 cm.<\/p>\n<p>Peso total: 0.360g<\/p>\n<p>&nbsp;<\/p>\n","protected":false},"excerpt":{"rendered":"<p><strong>Cuchillo deportivo Muela 5161-M. Muela es una marca espa\u00f1ola de renombre mundial y est\u00e1 considerada una de las m\u00e1s famosas.<\/strong><\/p>\n","protected":false},"featured_media":350499,"comment_status":"open","ping_status":"closed","template":"","meta":[],"pwb-brand":[3908],"product_brand":[],"product_cat":[3727,3726],"product_tag":[3756],"class_list":{"0":"post-350495","1":"product","2":"type-product","3":"status-publish","4":"has-post-thumbnail","6":"pwb-brand-ella-tenia-que","7":"product_cat-cuchillos-macizos","8":"product_cat-cuchillos","9":"product_tag-b2b-es","11":"first","12":"instock","13":"taxable","14":"shipping-taxable","15":"purchasable","16":"product-type-simple"},"brands":[{"id":3908,"name":"Ella ten\u00eda que","slug":"ella-tenia-que"}],"_links":{"self":[{"href":"https:\/\/www.moskito.cz\/es\/wp-json\/wp\/v2\/product\/350495","targetHints":{"allow":["GET"]}}],"collection":[{"href":"https:\/\/www.moskito.cz\/es\/wp-json\/wp\/v2\/product"}],"about":[{"href":"https:\/\/www.moskito.cz\/es\/wp-json\/wp\/v2\/types\/product"}],"replies":[{"embeddable":true,"href":"https:\/\/www.moskito.cz\/es\/wp-json\/wp\/v2\/comments?post=350495"}],"wp:featuredmedia":[{"embeddable":true,"href":"https:\/\/www.moskito.cz\/es\/wp-json\/wp\/v2\/media\/350499"}],"wp:attachment":[{"href":"https:\/\/www.moskito.cz\/es\/wp-json\/wp\/v2\/media?parent=350495"}],"wp:term":[{"taxonomy":"pwb-brand","embeddable":true,"href":"https:\/\/www.moskito.cz\/es\/wp-json\/wp\/v2\/pwb-brand?post=350495"},{"taxonomy":"product_brand","embeddable":true,"href":"https:\/\/www.moskito.cz\/es\/wp-json\/wp\/v2\/product_brand?post=350495"},{"taxonomy":"product_cat","embeddable":true,"href":"https:\/\/www.moskito.cz\/es\/wp-json\/wp\/v2\/product_cat?post=350495"},{"taxonomy":"product_tag","embeddable":true,"href":"https:\/\/www.moskito.cz\/es\/wp-json\/wp\/v2\/product_tag?post=350495"}],"curies":[{"name":"wp","href":"https:\/\/api.w.org\/{rel}","templated":true}]}}