{"id":350558,"date":"2024-07-10T11:54:44","date_gmt":"2024-07-10T10:54:44","guid":{"rendered":"https:\/\/www.moskito.cz\/produkt\/cuchillo-fijo-muela-ranger-14-ol\/"},"modified":"2025-05-07T11:20:24","modified_gmt":"2025-05-07T10:20:24","slug":"cuchillo-fijo-muela-ranger-14-ol","status":"publish","type":"product","link":"https:\/\/www.moskito.cz\/es\/produkt\/cuchillo-fijo-muela-ranger-14-ol\/","title":{"rendered":"Cuchillo Fijo Muela RANGER-14.OL"},"content":{"rendered":"<p>Cuchillo Fijo <strong>Muela<\/strong> RANGER-14.OL<\/p>\n<p>El mango est\u00e1 fabricado en madera de olivo natural y cuenta con una cubierta de lat\u00f3n para aumentar la seguridad y evitar el riesgo de que la palma se deslice hacia la hoja durante su uso. El cuchillo se entrega junto con una funda protectora de piel, que dispone de un sistema de cierre con hebilla y cintur\u00f3n. El cuchillo est\u00e1 fabricado en Espa\u00f1a y tiene una longitud total de 27 cm.<\/p>\n<p>Propiedades:<\/p>\n<p>Longitud del cuchillo: 27 cm;<br \/>\nLongitud de la hoja: 14,5 cm;<br \/>\nMaterial de la hoja: acero inoxidable;<br \/>\ncubierta de lat\u00f3n;<br \/>\nMango: madera de olivo;<br \/>\nEstuche de cuero;<br \/>\nHecho en Espa\u00f1a.<\/p>\n<p>&nbsp;<\/p>\n<p>&nbsp;<\/p>\n","protected":false},"excerpt":{"rendered":"<p><strong>Los cuchillos Muela son producidos por una empresa espa\u00f1ola que produce cuchillos de caza, navajas, cuchillos de lujo y muchos otros asequibles y de alta calidad.<\/strong><\/p>\n","protected":false},"featured_media":350548,"comment_status":"open","ping_status":"closed","template":"","meta":[],"pwb-brand":[3908],"product_brand":[],"product_cat":[3727,3726],"product_tag":[3756],"class_list":{"0":"post-350558","1":"product","2":"type-product","3":"status-publish","4":"has-post-thumbnail","6":"pwb-brand-ella-tenia-que","7":"product_cat-cuchillos-macizos","8":"product_cat-cuchillos","9":"product_tag-b2b-es","11":"first","12":"instock","13":"taxable","14":"shipping-taxable","15":"purchasable","16":"product-type-simple"},"brands":[{"id":3908,"name":"Ella ten\u00eda que","slug":"ella-tenia-que"}],"_links":{"self":[{"href":"https:\/\/www.moskito.cz\/es\/wp-json\/wp\/v2\/product\/350558","targetHints":{"allow":["GET"]}}],"collection":[{"href":"https:\/\/www.moskito.cz\/es\/wp-json\/wp\/v2\/product"}],"about":[{"href":"https:\/\/www.moskito.cz\/es\/wp-json\/wp\/v2\/types\/product"}],"replies":[{"embeddable":true,"href":"https:\/\/www.moskito.cz\/es\/wp-json\/wp\/v2\/comments?post=350558"}],"wp:featuredmedia":[{"embeddable":true,"href":"https:\/\/www.moskito.cz\/es\/wp-json\/wp\/v2\/media\/350548"}],"wp:attachment":[{"href":"https:\/\/www.moskito.cz\/es\/wp-json\/wp\/v2\/media?parent=350558"}],"wp:term":[{"taxonomy":"pwb-brand","embeddable":true,"href":"https:\/\/www.moskito.cz\/es\/wp-json\/wp\/v2\/pwb-brand?post=350558"},{"taxonomy":"product_brand","embeddable":true,"href":"https:\/\/www.moskito.cz\/es\/wp-json\/wp\/v2\/product_brand?post=350558"},{"taxonomy":"product_cat","embeddable":true,"href":"https:\/\/www.moskito.cz\/es\/wp-json\/wp\/v2\/product_cat?post=350558"},{"taxonomy":"product_tag","embeddable":true,"href":"https:\/\/www.moskito.cz\/es\/wp-json\/wp\/v2\/product_tag?post=350558"}],"curies":[{"name":"wp","href":"https:\/\/api.w.org\/{rel}","templated":true}]}}