{"id":350564,"date":"2023-07-13T15:30:58","date_gmt":"2024-07-10T10:59:02","guid":{"rendered":"https:\/\/www.moskito.cz\/produkt\/cuchillo-fijo-muela-21733-g\/"},"modified":"2025-05-07T11:20:25","modified_gmt":"2025-05-07T10:20:25","slug":"cuchillo-fijo-muela-21733-g","status":"publish","type":"product","link":"https:\/\/www.moskito.cz\/es\/produkt\/cuchillo-fijo-muela-21733-g\/","title":{"rendered":"Cuchillo Fijo Muela 21733-G"},"content":{"rendered":"<p>Cuchillo Fijo <strong>Muela<\/strong> 21733-G<\/p>\n<p>21733-G: un cuchillo t\u00e1ctico s\u00f3lido y universal de hoja fija, fabricado por la empresa espa\u00f1ola Muela, \u00a1ahora con un gran dise\u00f1o! Fabricado en acero al molibdeno vanadio (MoVa). Construido para cada trabajo en cada condici\u00f3n, incluso en condiciones extremas.<\/p>\n<p>Hoja: un cuchillo macizo con perfil Bowie, grosor de 3,9 mil\u00edmetros. La hoja est\u00e1 cubierta con una capa de acabado satinado (semimate) no reflectante que elimina los reflejos. Fabricado en acero inoxidable endurecido en el rango de 57-58 HRC (X50CrMoV15). Hoja lisa (tipo liso). Acero en ambos lados de la hoja, protege la mano contra resbalones mientras trabaja.<\/p>\n<p>Mango perfilado de elast\u00f3mero pl\u00e1stico estructurado en color negro. El cuchillo no se desliza de la mano. Un agarre fuerte y fiable permite movimientos precisos a pesar de sus peque\u00f1as dimensiones. En la parte posterior del mango hay una abertura para la cuerda.<\/p>\n<p>El estuche garantiza un transporte seguro del cuchillo. Confecci\u00f3n en piel natural de color negro con logo de Muela Company grabado. Los bordes de la funda estaban cosidos con hilo decorativo. La funda tiene un cintur\u00f3n para llevar el cuchillo en posici\u00f3n vertical.<\/p>\n<p>Especificaciones t\u00e9cnicas:<br \/>\nN\u00famero de producto: 21733G<br \/>\nTipo de acero: X50CrMoV15<br \/>\nLongitud de la hoja: 16,5 cm<br \/>\nGrosor de la hoja: 0,39 cm.<br \/>\nLongitud total: 28 cm<br \/>\nPeso: 282 g\/9,95 oz<br \/>\nTipo de borde: Liso<br \/>\nTipo de hoja: Bowie<br \/>\nTipo de corte: C\u00f3ncavo<br \/>\nMaterial del mango: Thermorun<br \/>\nVaina: Cuero<br \/>\nFabricante: Muela, Espa\u00f1a<\/p>\n<p>&nbsp;<\/p>\n","protected":false},"excerpt":{"rendered":"<p><strong>21733-G: un cuchillo t\u00e1ctico s\u00f3lido y universal de hoja fija, fabricado por la empresa espa\u00f1ola Muela, \u00a1ahora con un gran dise\u00f1o!<\/strong><\/p>\n","protected":false},"featured_media":350566,"comment_status":"open","ping_status":"closed","template":"","meta":[],"pwb-brand":[3908],"product_brand":[],"product_cat":[3727,3726],"product_tag":[3756],"class_list":{"0":"post-350564","1":"product","2":"type-product","3":"status-publish","4":"has-post-thumbnail","6":"pwb-brand-ella-tenia-que","7":"product_cat-cuchillos-macizos","8":"product_cat-cuchillos","9":"product_tag-b2b-es","11":"first","12":"instock","13":"taxable","14":"shipping-taxable","15":"purchasable","16":"product-type-simple"},"brands":[{"id":3908,"name":"Ella ten\u00eda que","slug":"ella-tenia-que"}],"_links":{"self":[{"href":"https:\/\/www.moskito.cz\/es\/wp-json\/wp\/v2\/product\/350564","targetHints":{"allow":["GET"]}}],"collection":[{"href":"https:\/\/www.moskito.cz\/es\/wp-json\/wp\/v2\/product"}],"about":[{"href":"https:\/\/www.moskito.cz\/es\/wp-json\/wp\/v2\/types\/product"}],"replies":[{"embeddable":true,"href":"https:\/\/www.moskito.cz\/es\/wp-json\/wp\/v2\/comments?post=350564"}],"wp:featuredmedia":[{"embeddable":true,"href":"https:\/\/www.moskito.cz\/es\/wp-json\/wp\/v2\/media\/350566"}],"wp:attachment":[{"href":"https:\/\/www.moskito.cz\/es\/wp-json\/wp\/v2\/media?parent=350564"}],"wp:term":[{"taxonomy":"pwb-brand","embeddable":true,"href":"https:\/\/www.moskito.cz\/es\/wp-json\/wp\/v2\/pwb-brand?post=350564"},{"taxonomy":"product_brand","embeddable":true,"href":"https:\/\/www.moskito.cz\/es\/wp-json\/wp\/v2\/product_brand?post=350564"},{"taxonomy":"product_cat","embeddable":true,"href":"https:\/\/www.moskito.cz\/es\/wp-json\/wp\/v2\/product_cat?post=350564"},{"taxonomy":"product_tag","embeddable":true,"href":"https:\/\/www.moskito.cz\/es\/wp-json\/wp\/v2\/product_tag?post=350564"}],"curies":[{"name":"wp","href":"https:\/\/api.w.org\/{rel}","templated":true}]}}