{"id":350620,"date":"2024-07-10T12:39:56","date_gmt":"2024-07-10T11:51:27","guid":{"rendered":"https:\/\/www.moskito.cz\/produkt\/cuchillo-fijo-muela-predator-14n\/"},"modified":"2025-05-07T11:20:26","modified_gmt":"2025-05-07T10:20:26","slug":"cuchillo-fijo-muela-predator-14n","status":"publish","type":"product","link":"https:\/\/www.moskito.cz\/es\/produkt\/cuchillo-fijo-muela-predator-14n\/","title":{"rendered":"Cuchillo Fijo Muela PREDATOR-14N"},"content":{"rendered":"<p>Cuchillo Fijo <strong>Muela<\/strong> PREDATOR-14N<\/p>\n<p>Cuchillo t\u00e1ctico enterizo con mango CNC de micarta negra y revestimiento antifricci\u00f3n de PTFE en la hoja. Cord\u00f3n en el asa.<\/p>\n<p>Este cuchillo confirma su historia antigua y hoy sigue siendo una ayuda inestimable para todos los soldados del mundo, no s\u00f3lo en muchos aspectos como herramienta, sino que por supuesto no olvidamos su inconmensurable valor como elemento defensivo.<\/p>\n<p>Tambi\u00e9n los incorporan a sus equipos avanzados y modernos miles de fuerzas policiales de respuesta t\u00e1ctica en todo el mundo.<br \/>\nPara ello, Muela tambi\u00e9n dispone de una amplia gama de modelos entre los que elegir, que combinan dise\u00f1o ergon\u00f3mico de hoja y mango, materiales vanguardistas e inalterables e incluso tratamientos superficiales espec\u00edficos para proporcionar un cuchillo seguro, duradero y de gran fiabilidad. en todas las situaciones.<\/p>\n<p>Cuchillo con hoja recubierta de tefl\u00f3n de 140 mm.<\/p>\n<p>Propiedades:<\/p>\n<p>Acero: X50CrMoV15 (MOVA)<br \/>\nDureza del acero: 57-58 HRC<br \/>\nForma de la hoja: Larga<br \/>\nPu\u00f1os: Micarta CNC negra<br \/>\nFunda: Estuche de cuero negro incluido<br \/>\nCon una sierra en la espalda<br \/>\nHoja recubierta de PTFE antifricci\u00f3n<br \/>\nConstrucci\u00f3n del cuchillo: Espiga completa<br \/>\nLongitud de la hoja: 14 cm (5 1\/2&#8243;).<br \/>\nLongitud del mango: 12,5 cm (5 1\/2&#8243;)<br \/>\nLongitud total: 23,5 m (235 mm)<br \/>\nPeso: 235 gramos<br \/>\nHecho en Espa\u00f1a<\/p>\n<p>&nbsp;<\/p>\n<p>&nbsp;<\/p>\n","protected":false},"excerpt":{"rendered":"<p><strong>Este cuchillo confirma su historia antigua y hoy sigue siendo una ayuda inestimable para todos los soldados del mundo, no s\u00f3lo en muchos aspectos como herramienta, sino que por supuesto no olvidamos su inconmensurable valor como elemento defensivo.<\/strong><\/p>\n<p>&nbsp;<\/p>\n","protected":false},"featured_media":350603,"comment_status":"open","ping_status":"closed","template":"","meta":[],"pwb-brand":[3908],"product_brand":[],"product_cat":[3726,3727],"product_tag":[3756],"class_list":{"0":"post-350620","1":"product","2":"type-product","3":"status-publish","4":"has-post-thumbnail","6":"pwb-brand-ella-tenia-que","7":"product_cat-cuchillos","8":"product_cat-cuchillos-macizos","9":"product_tag-b2b-es","11":"first","12":"outofstock","13":"taxable","14":"shipping-taxable","15":"purchasable","16":"product-type-simple"},"brands":[{"id":3908,"name":"Ella ten\u00eda que","slug":"ella-tenia-que"}],"_links":{"self":[{"href":"https:\/\/www.moskito.cz\/es\/wp-json\/wp\/v2\/product\/350620","targetHints":{"allow":["GET"]}}],"collection":[{"href":"https:\/\/www.moskito.cz\/es\/wp-json\/wp\/v2\/product"}],"about":[{"href":"https:\/\/www.moskito.cz\/es\/wp-json\/wp\/v2\/types\/product"}],"replies":[{"embeddable":true,"href":"https:\/\/www.moskito.cz\/es\/wp-json\/wp\/v2\/comments?post=350620"}],"wp:featuredmedia":[{"embeddable":true,"href":"https:\/\/www.moskito.cz\/es\/wp-json\/wp\/v2\/media\/350603"}],"wp:attachment":[{"href":"https:\/\/www.moskito.cz\/es\/wp-json\/wp\/v2\/media?parent=350620"}],"wp:term":[{"taxonomy":"pwb-brand","embeddable":true,"href":"https:\/\/www.moskito.cz\/es\/wp-json\/wp\/v2\/pwb-brand?post=350620"},{"taxonomy":"product_brand","embeddable":true,"href":"https:\/\/www.moskito.cz\/es\/wp-json\/wp\/v2\/product_brand?post=350620"},{"taxonomy":"product_cat","embeddable":true,"href":"https:\/\/www.moskito.cz\/es\/wp-json\/wp\/v2\/product_cat?post=350620"},{"taxonomy":"product_tag","embeddable":true,"href":"https:\/\/www.moskito.cz\/es\/wp-json\/wp\/v2\/product_tag?post=350620"}],"curies":[{"name":"wp","href":"https:\/\/api.w.org\/{rel}","templated":true}]}}