{"id":350644,"date":"2024-07-10T13:13:16","date_gmt":"2024-07-10T12:14:28","guid":{"rendered":"https:\/\/www.moskito.cz\/produkt\/cuchillo-fijo-muela-predator-14w\/"},"modified":"2025-05-07T11:20:27","modified_gmt":"2025-05-07T10:20:27","slug":"cuchillo-fijo-muela-predator-14w","status":"publish","type":"product","link":"https:\/\/www.moskito.cz\/es\/produkt\/cuchillo-fijo-muela-predator-14w\/","title":{"rendered":"Cuchillo Fijo Muela PREDATOR-14W"},"content":{"rendered":"<p>Cuchillo Fijo <strong>Muela<\/strong> PREDATOR-14W<\/p>\n<p><strong>El PREDATOR-14W<\/strong> es un cuchillo de caza dise\u00f1ado para aficionados a la caza y personas que valoran la supervivencia activa al aire libre, fabricado por Muela en Ciudad de Real, Espa\u00f1a. Es duradero, robusto y puede soportar todas las condiciones sin sufrir da\u00f1os. Cuchillos Muela, que empez\u00f3 a fabricar en una peque\u00f1a habitaci\u00f3n en los a\u00f1os 50. a\u00f1os 20 Familia Muela del siglo XIX, hoy se exportan a m\u00e1s de 50 pa\u00edses en los 5 continentes. Muela, que tiene una capacidad de producci\u00f3n anual de 350.000 cuchillos, vende el 70% de su producci\u00f3n al exterior y el resto al mercado interior.<\/p>\n<p>La hoja est\u00e1 fabricada con una combinaci\u00f3n de molibdeno y vanadio, dando como resultado un acero inoxidable MoVa X50CrMoV15 forjado a mano con un nivel de dureza Brinell de HB 55-57 RC, lo que le confiere una alt\u00edsima resistencia a la corrosi\u00f3n y al desgaste. En la hoja est\u00e1 descrito el modelo del cuchillo y el logo de Muela, que atestigua la originalidad y calidad del producto. El mango del cuchillo est\u00e1 fabricado en arcilla negra, un material compuesto por lona sint\u00e9tica impregnada de resina y sometida a alta presi\u00f3n y temperatura, creando un material duro, denso y duradero para un uso extremo. En la parte delantera del mango junto a la hoja, hay una funda protectora con la funci\u00f3n de proteger la mano para que no se deslice hacia la hoja durante el uso, y en la parte trasera hay un agujero donde se pasa el cord\u00f3n de paracord. enredado. esta montado. El mango tiene una forma ergon\u00f3mica, lo que lo convierte en un excelente agarre, incluso si tienes la mano mojada.<\/p>\n<p>El cuchillo se entrega en una caja de cart\u00f3n junto con una funda protectora negra de cuero natural hecha a mano por \u00abQuercur Leathercraft\u00bb, un certificado de autenticidad y una tarjeta de garant\u00eda. La funda tiene un sistema de cierre de clip y lleva grabado el logo de Muela. Se puede acoplar a un cintur\u00f3n. Todos los cuchillos Muela pasan por las manos de experimentados maestros cuchilleros que elaboran, afilan, pulen e inspeccionan cada pieza con un alto nivel de control de calidad.<\/p>\n<p>Funci\u00f3n:<\/p>\n<p>Longitud de la hoja: 14 cm;<br \/>\nGrosor de la hoja: 0,4 cm;<br \/>\nLongitud del mango: 12,5 cm;<br \/>\nLongitud total: 26,5 cm;<br \/>\nMaterial de la hoja: acero inoxidable MoVa X50CrMoV15;<br \/>\nMango: movimiento negro;<br \/>\nColor del mango: Negro;<br \/>\nPeso: 255g<\/p>\n<p>&nbsp;<\/p>\n<p>&nbsp;<\/p>\n<p>&nbsp;<\/p>\n","protected":false},"excerpt":{"rendered":"<p><strong>El PREDATOR-14W es un cuchillo de caza dise\u00f1ado para aficionados a la caza y personas que valoran la supervivencia activa al aire libre, fabricado por Muela en Ciudad de Real, Espa\u00f1a. Es duradero, robusto y puede soportar todas las condiciones sin sufrir da\u00f1os.<\/strong><\/p>\n","protected":false},"featured_media":350643,"comment_status":"open","ping_status":"closed","template":"","meta":[],"pwb-brand":[3908],"product_brand":[],"product_cat":[3730,3726],"product_tag":[3756],"class_list":{"0":"post-350644","1":"product","2":"type-product","3":"status-publish","4":"has-post-thumbnail","6":"pwb-brand-ella-tenia-que","7":"product_cat-cuchillas-de-cierre","8":"product_cat-cuchillos","9":"product_tag-b2b-es","11":"first","12":"instock","13":"taxable","14":"shipping-taxable","15":"purchasable","16":"product-type-simple"},"brands":[{"id":3908,"name":"Ella ten\u00eda que","slug":"ella-tenia-que"}],"_links":{"self":[{"href":"https:\/\/www.moskito.cz\/es\/wp-json\/wp\/v2\/product\/350644","targetHints":{"allow":["GET"]}}],"collection":[{"href":"https:\/\/www.moskito.cz\/es\/wp-json\/wp\/v2\/product"}],"about":[{"href":"https:\/\/www.moskito.cz\/es\/wp-json\/wp\/v2\/types\/product"}],"replies":[{"embeddable":true,"href":"https:\/\/www.moskito.cz\/es\/wp-json\/wp\/v2\/comments?post=350644"}],"wp:featuredmedia":[{"embeddable":true,"href":"https:\/\/www.moskito.cz\/es\/wp-json\/wp\/v2\/media\/350643"}],"wp:attachment":[{"href":"https:\/\/www.moskito.cz\/es\/wp-json\/wp\/v2\/media?parent=350644"}],"wp:term":[{"taxonomy":"pwb-brand","embeddable":true,"href":"https:\/\/www.moskito.cz\/es\/wp-json\/wp\/v2\/pwb-brand?post=350644"},{"taxonomy":"product_brand","embeddable":true,"href":"https:\/\/www.moskito.cz\/es\/wp-json\/wp\/v2\/product_brand?post=350644"},{"taxonomy":"product_cat","embeddable":true,"href":"https:\/\/www.moskito.cz\/es\/wp-json\/wp\/v2\/product_cat?post=350644"},{"taxonomy":"product_tag","embeddable":true,"href":"https:\/\/www.moskito.cz\/es\/wp-json\/wp\/v2\/product_tag?post=350644"}],"curies":[{"name":"wp","href":"https:\/\/api.w.org\/{rel}","templated":true}]}}