{"id":350651,"date":"2023-07-14T10:50:36","date_gmt":"2023-07-14T09:50:36","guid":{"rendered":"https:\/\/www.moskito.cz\/produkt\/cuchillo-fijo-muela-85-161\/"},"modified":"2025-05-07T11:20:29","modified_gmt":"2025-05-07T10:20:29","slug":"cuchillo-fijo-muela-85-161","status":"publish","type":"product","link":"https:\/\/www.moskito.cz\/es\/produkt\/cuchillo-fijo-muela-85-161\/","title":{"rendered":"Cuchillo Fijo Muela 85-161"},"content":{"rendered":"<p>Cuchillo Fijo <strong>Muela<\/strong> 85-161<\/p>\n<p>85-161 Cuchillo mediano con hoja fija de la empresa espa\u00f1ola Muela. Un excelente cuchillo t\u00e1ctico te servir\u00e1 en un viaje fuera de la ciudad, para acampar, como cuchillo de supervivencia o de caza. La hoja s\u00f3lida puede soportar cualquier trabajo en todas las condiciones sin sufrir da\u00f1os.<\/p>\n<p>Hoja de 3,7 mm de espesor con perfil Drop Point, con filo ondulado (Recurvo), que proporciona excelentes propiedades de corte. Utilizado en buenos cuchillos t\u00e1cticos y de caza. La hoja est\u00e1 hecha de acero inoxidable 420H duradero y resistente a la corrosi\u00f3n con mayor contenido de carbono y alta resistencia al impacto, endurecido en el rango de 54-58 HRC. Recubierto con una capa antirreflectante de acabado satinado (semimate) que elimina los reflejos. La hoja plana, fabricada con un afilado hueco, garantiza buenas propiedades de corte. Una protecci\u00f3n transversal de doble cara en la base de la hoja evita que la mano se deslice sobre la hoja.<\/p>\n<p>Mango: revestimiento de elast\u00f3mero negro moleteado, acabado con cabeza de acero. El mango de goma suave se adapta bien a la mano y el cuchillo no se desliza ni siquiera con las manos mojadas. Un agarre fuerte y firme permite movimientos precisos con el cuchillo.<\/p>\n<p>Estuche de cuero natural, negro. La fijaci\u00f3n con pestillo permite transportar el cuchillo con seguridad. Los bordes de la funda estaban cosidos con hilo decorativo. El logo del fabricante est\u00e1 estampado en la parte delantera. La funda va sujeta a un cintur\u00f3n o accesorio que permite llevar el cuchillo en posici\u00f3n vertical.<\/p>\n<p>Datos t\u00e9cnicos:<br \/>\nN\u00famero de producto: 85-161<br \/>\nTipo de acero: 420H<br \/>\nLongitud de la hoja: 16 cm<br \/>\nGrosor de la hoja: 0,37 cm.<br \/>\nLongitud total: 26,8 cm<br \/>\nPeso: 277 gramos<br \/>\nHoja: Com\u00fan<br \/>\nTipo de hoja: Punto de ca\u00edda<br \/>\nTipo de corte: C\u00f3ncavo<br \/>\nTipo de mango: Thermorun<br \/>\nVaina: cuero<br \/>\nFabricante: Muela, Espa\u00f1a<\/p>\n<p>&nbsp;<\/p>\n","protected":false},"excerpt":{"rendered":"<p><strong>85-161 Cuchillo mediano con hoja fija de la empresa espa\u00f1ola Muela. Un excelente cuchillo t\u00e1ctico te servir\u00e1 en un viaje fuera de la ciudad, para acampar, como cuchillo de supervivencia o de caza.<\/strong><\/p>\n","protected":false},"featured_media":350653,"comment_status":"open","ping_status":"closed","template":"","meta":[],"pwb-brand":[3908],"product_brand":[],"product_cat":[3727,3726],"product_tag":[3756],"class_list":{"0":"post-350651","1":"product","2":"type-product","3":"status-publish","4":"has-post-thumbnail","6":"pwb-brand-ella-tenia-que","7":"product_cat-cuchillos-macizos","8":"product_cat-cuchillos","9":"product_tag-b2b-es","11":"first","12":"instock","13":"taxable","14":"shipping-taxable","15":"purchasable","16":"product-type-simple"},"brands":[{"id":3908,"name":"Ella ten\u00eda que","slug":"ella-tenia-que"}],"_links":{"self":[{"href":"https:\/\/www.moskito.cz\/es\/wp-json\/wp\/v2\/product\/350651","targetHints":{"allow":["GET"]}}],"collection":[{"href":"https:\/\/www.moskito.cz\/es\/wp-json\/wp\/v2\/product"}],"about":[{"href":"https:\/\/www.moskito.cz\/es\/wp-json\/wp\/v2\/types\/product"}],"replies":[{"embeddable":true,"href":"https:\/\/www.moskito.cz\/es\/wp-json\/wp\/v2\/comments?post=350651"}],"wp:featuredmedia":[{"embeddable":true,"href":"https:\/\/www.moskito.cz\/es\/wp-json\/wp\/v2\/media\/350653"}],"wp:attachment":[{"href":"https:\/\/www.moskito.cz\/es\/wp-json\/wp\/v2\/media?parent=350651"}],"wp:term":[{"taxonomy":"pwb-brand","embeddable":true,"href":"https:\/\/www.moskito.cz\/es\/wp-json\/wp\/v2\/pwb-brand?post=350651"},{"taxonomy":"product_brand","embeddable":true,"href":"https:\/\/www.moskito.cz\/es\/wp-json\/wp\/v2\/product_brand?post=350651"},{"taxonomy":"product_cat","embeddable":true,"href":"https:\/\/www.moskito.cz\/es\/wp-json\/wp\/v2\/product_cat?post=350651"},{"taxonomy":"product_tag","embeddable":true,"href":"https:\/\/www.moskito.cz\/es\/wp-json\/wp\/v2\/product_tag?post=350651"}],"curies":[{"name":"wp","href":"https:\/\/api.w.org\/{rel}","templated":true}]}}