{"id":350674,"date":"2023-07-12T15:29:06","date_gmt":"2024-07-10T12:21:14","guid":{"rendered":"https:\/\/www.moskito.cz\/produkt\/cuchillo-fijo-muela-bw-14\/"},"modified":"2025-05-07T11:20:30","modified_gmt":"2025-05-07T10:20:30","slug":"cuchillo-fijo-muela-bw-14","status":"publish","type":"product","link":"https:\/\/www.moskito.cz\/es\/produkt\/cuchillo-fijo-muela-bw-14\/","title":{"rendered":"Cuchillo Fijo Muela BW-14"},"content":{"rendered":"<p>Cuchillo Fijo <strong>Muela<\/strong> BW-14<\/p>\n<p>Cuchillo BW-14 de hoja constante, fabricado en acero molibdeno-vanadio (MoVa). Un excelente cuchillo de caza que servir\u00e1 bien en misiones de supervivencia o fuera de la ciudad. Durable, muy afilado, puede realizar cualquier tarea.<\/p>\n<p>Puukko: un elemento indispensable del equipo de todo explorador, utilizado voluntariamente por los turistas. Cuenta con una hoja fija de aproximadamente 130 mm de longitud y un mango de pl\u00e1stico o madera, que suele terminar en un guardamano.<\/p>\n<p>Hoja &#8211; Perfil Bowie, espesor 4,3 mm. Hecho de acero inoxidable duradero de molibdeno-vanadio X50CrMoV15 endurecido 57-58 HRC. La hoja est\u00e1 cubierta con una capa antirreflectante Satin Finish (semimate), que elimina los reflejos. La hoja lisa (tipo Plain) se hizo con un afilado c\u00f3ncavo (Hollow Grind). El guardamanos de lat\u00f3n de doble cara en el tal\u00f3n de la hoja evita que la mano se resbale sobre la hoja y proporciona un soporte firme para el pulgar.<\/p>\n<p>Mango &#8211; acabado con una cabeza de lat\u00f3n. Los paneles perfilados de madera laminada marr\u00f3n proporcionan un agarre seguro.<\/p>\n<p>Estuche: cuero marr\u00f3n con el logo de la empresa en relieve. La funda est\u00e1 sujeta a un cintur\u00f3n o a un accesorio que permite usarla en posici\u00f3n vertical.<\/p>\n<p>Especificaciones t\u00e9cnicas:<br \/>\nN\u00famero de producto: BW-14<br \/>\nTipo de acero: X50CrMoV15<br \/>\nLongitud de la hoja: 14 cm<br \/>\nGrosor de la hoja: 0,43 cm.<br \/>\nLongitud total: 22,5 cm.<br \/>\nPeso: 225 g\/7,94 oz<br \/>\nTipo de borde: Liso<br \/>\nTipo de hoja: Bowie<br \/>\nTipo de corte: C\u00f3ncavo<br \/>\nMaterial del mango: Madera de Pakka (Coral pakkawood)<br \/>\nVaina: Cuero<br \/>\nFabricante: Muela, Espa\u00f1a<\/p>\n<p>&nbsp;<\/p>\n","protected":false},"excerpt":{"rendered":"<p><strong>Un excelente cuchillo de caza que servir\u00e1 bien en misiones de supervivencia o fuera de la ciudad. Durable, muy afilado, puede realizar cualquier tarea.<\/strong><\/p>\n","protected":false},"featured_media":350678,"comment_status":"open","ping_status":"closed","template":"","meta":[],"pwb-brand":[3908],"product_brand":[],"product_cat":[3726,3727],"product_tag":[3756],"class_list":{"0":"post-350674","1":"product","2":"type-product","3":"status-publish","4":"has-post-thumbnail","6":"pwb-brand-ella-tenia-que","7":"product_cat-cuchillos","8":"product_cat-cuchillos-macizos","9":"product_tag-b2b-es","11":"first","12":"instock","13":"taxable","14":"shipping-taxable","15":"purchasable","16":"product-type-simple"},"brands":[{"id":3908,"name":"Ella ten\u00eda que","slug":"ella-tenia-que"}],"_links":{"self":[{"href":"https:\/\/www.moskito.cz\/es\/wp-json\/wp\/v2\/product\/350674","targetHints":{"allow":["GET"]}}],"collection":[{"href":"https:\/\/www.moskito.cz\/es\/wp-json\/wp\/v2\/product"}],"about":[{"href":"https:\/\/www.moskito.cz\/es\/wp-json\/wp\/v2\/types\/product"}],"replies":[{"embeddable":true,"href":"https:\/\/www.moskito.cz\/es\/wp-json\/wp\/v2\/comments?post=350674"}],"wp:featuredmedia":[{"embeddable":true,"href":"https:\/\/www.moskito.cz\/es\/wp-json\/wp\/v2\/media\/350678"}],"wp:attachment":[{"href":"https:\/\/www.moskito.cz\/es\/wp-json\/wp\/v2\/media?parent=350674"}],"wp:term":[{"taxonomy":"pwb-brand","embeddable":true,"href":"https:\/\/www.moskito.cz\/es\/wp-json\/wp\/v2\/pwb-brand?post=350674"},{"taxonomy":"product_brand","embeddable":true,"href":"https:\/\/www.moskito.cz\/es\/wp-json\/wp\/v2\/product_brand?post=350674"},{"taxonomy":"product_cat","embeddable":true,"href":"https:\/\/www.moskito.cz\/es\/wp-json\/wp\/v2\/product_cat?post=350674"},{"taxonomy":"product_tag","embeddable":true,"href":"https:\/\/www.moskito.cz\/es\/wp-json\/wp\/v2\/product_tag?post=350674"}],"curies":[{"name":"wp","href":"https:\/\/api.w.org\/{rel}","templated":true}]}}